{"id":4499,"date":"2025-10-26T19:44:20","date_gmt":"2025-10-26T16:44:20","guid":{"rendered":"http:\/\/cda.uvt.ro\/workshop-cda-2025\/"},"modified":"2025-12-02T12:33:03","modified_gmt":"2025-12-02T09:33:03","slug":"workshop-cda-2025","status":"publish","type":"page","link":"http:\/\/cda.uvt.ro\/it\/workshop-cda-2025\/","title":{"rendered":"Workshop CDA 2025"},"content":{"rendered":"\t\t<div data-elementor-type=\"wp-page\" data-elementor-id=\"4499\" class=\"elementor elementor-4499 elementor-3344\" data-elementor-post-type=\"page\">\n\t\t\t\t\t\t<section class=\"elementor-section elementor-top-section elementor-element elementor-element-a0b323a elementor-section-boxed elementor-section-height-default elementor-section-height-default\" data-id=\"a0b323a\" data-element_type=\"section\">\n\t\t\t\t\t\t<div class=\"elementor-container elementor-column-gap-default\">\n\t\t\t\t\t<div class=\"elementor-column elementor-col-50 elementor-top-column elementor-element elementor-element-5c8159b\" data-id=\"5c8159b\" data-element_type=\"column\">\n\t\t\t<div class=\"elementor-widget-wrap elementor-element-populated\">\n\t\t\t\t\t\t<div class=\"elementor-element elementor-element-65bfca9 elementor-widget elementor-widget-heading\" data-id=\"65bfca9\" data-element_type=\"widget\" data-widget_type=\"heading.default\">\n\t\t\t\t<div class=\"elementor-widget-container\">\n\t\t\t\t\t<h1 class=\"elementor-heading-title elementor-size-default\">Workshop CDA 2025<\/h1>\t\t\t\t<\/div>\n\t\t\t\t<\/div>\n\t\t\t\t<div class=\"elementor-element elementor-element-060cb88 elementor-widget elementor-widget-text-editor\" data-id=\"060cb88\" data-element_type=\"widget\" data-widget_type=\"text-editor.default\">\n\t\t\t\t<div class=\"elementor-widget-container\">\n\t\t\t\t\t\t\t\t\t<h5><strong>Obiettivo<\/strong>: Sviluppare le competenze didattiche di progettazione, implementazione e valutazione attraverso la creazione di un percorso coerente e attuale per migliorare la qualit\u00e0 dell&#8217;insegnamento presso l&#8217;UVT. <\/h5>\t\t\t\t\t\t\t\t<\/div>\n\t\t\t\t<\/div>\n\t\t\t\t<div class=\"elementor-element elementor-element-b14311a elementor-widget elementor-widget-text-editor\" data-id=\"b14311a\" data-element_type=\"widget\" data-widget_type=\"text-editor.default\">\n\t\t\t\t<div class=\"elementor-widget-container\">\n\t\t\t\t\t\t\t\t\t<h5 style=\"text-align: left;\"><strong>Informazioni generali<\/strong><\/h5><p>Prendendo come riferimento pedagogico il modello di formazione RCL, valorizzeremo insieme le lezioni apprese nell&#8217;ambito di UNITA, le esperienze dell&#8217;UVT con i laboratori viventi (Living Labs) e le opportunit\u00e0 di internazionalizzazione dell&#8217;istruzione superiore attraverso il COIL (Collaborative Online International Learning).<\/p><div> <\/div><div>A tal proposito, per il primo semestre dell&#8217;anno accademico 2025-2026, vi invitiamo ai seguenti workshop:<\/div><div><ul><li style=\"text-align: left;\"><a href=\"http:\/\/cda.uvt.ro\/wp-content\/uploads\/2025\/10\/inscrieri-WS-genAI-in-evaluare-3.pdf\"><b>Come possiamo utilizzare l&#8217;IA generativa in modo pi\u00f9 chiaro, efficiente e trasparente?<\/b><\/a> <i>Workshop interattivo-applicativo: genIA per la valutazione dell&#8217;apprendimento<\/i><\/li><li style=\"text-align: left;\"><b><a href=\"http:\/\/cda.uvt.ro\/wp-content\/uploads\/2025\/11\/WS_COIL.png\">COIL @ UVT<\/a><\/b> <i>Co-progettazione, implementazione e valutazione dell&#8217;apprendimento collaborativo internazi<\/i>onale<\/li><li style=\"text-align: left;\"><b>Strategie efficaci di valutazione e feedback nell&#8217;ambiente universitario<\/b><\/li><li style=\"text-align: left;\"><b><a href=\"http:\/\/cda.uvt.ro\/wp-content\/uploads\/2025\/11\/livinglabs.jpg\">Dall&#8217;idea all&#8217;aula: Living Labs @ UVT<\/a><\/b> <i>Co-progettazione inter\/transdisciplinare e multi-attore basata sulla metodologia Living Labs integrata con il modello RCL per soluzioni di valutazione autentica e feedback formativo<\/i><\/li><\/ul><p>Nel periodo <strong>ottobre-dicembre 2025<\/strong>, il team CDA invita i membri della comunit\u00e0 accademica dell&#8217;UVT interessati alla modernizzazione delle attivit\u00e0 didattico-educative a partecipare a questi workshop.<\/p><\/div>\t\t\t\t\t\t\t\t<\/div>\n\t\t\t\t<\/div>\n\t\t\t\t\t<\/div>\n\t\t<\/div>\n\t\t\t\t<div class=\"elementor-column elementor-col-50 elementor-top-column elementor-element elementor-element-8cc1ef7\" data-id=\"8cc1ef7\" data-element_type=\"column\">\n\t\t\t<div class=\"elementor-widget-wrap elementor-element-populated\">\n\t\t\t\t\t\t<div class=\"elementor-element elementor-element-10c4bcb elementor-widget elementor-widget-image\" data-id=\"10c4bcb\" data-element_type=\"widget\" data-widget_type=\"image.default\">\n\t\t\t\t<div class=\"elementor-widget-container\">\n\t\t\t\t\t\t\t\t\t\t\t\t\t\t\t<img fetchpriority=\"high\" decoding=\"async\" width=\"649\" height=\"777\" src=\"http:\/\/cda.uvt.ro\/wp-content\/uploads\/2024\/09\/Screenshot-2024-09-18-092320.png\" class=\"attachment-large size-large wp-image-4324\" alt=\"\" srcset=\"http:\/\/cda.uvt.ro\/wp-content\/uploads\/2024\/09\/Screenshot-2024-09-18-092320.png 649w, http:\/\/cda.uvt.ro\/wp-content\/uploads\/2024\/09\/Screenshot-2024-09-18-092320-251x300.png 251w\" sizes=\"(max-width: 649px) 100vw, 649px\" \/>\t\t\t\t\t\t\t\t\t\t\t\t\t\t\t<\/div>\n\t\t\t\t<\/div>\n\t\t\t\t<div class=\"elementor-element elementor-element-ca548f4 elementor-align-center elementor-widget elementor-widget-button\" data-id=\"ca548f4\" data-element_type=\"widget\" data-widget_type=\"button.default\">\n\t\t\t\t<div class=\"elementor-widget-container\">\n\t\t\t\t\t\t\t\t\t<div class=\"elementor-button-wrapper\">\n\t\t\t\t\t<a class=\"elementor-button elementor-button-link elementor-size-sm\" href=\"https:\/\/e-uvt.questionpro.com\/t\/APOOYZ7fhw\">\n\t\t\t\t\t\t<span class=\"elementor-button-content-wrapper\">\n\t\t\t\t\t\t\t\t\t<span class=\"elementor-button-text\">Iscriviti al workshop COIL @ UVT<\/span>\n\t\t\t\t\t<\/span>\n\t\t\t\t\t<\/a>\n\t\t\t\t<\/div>\n\t\t\t\t\t\t\t\t<\/div>\n\t\t\t\t<\/div>\n\t\t\t\t\t<\/div>\n\t\t<\/div>\n\t\t\t\t\t<\/div>\n\t\t<\/section>\n\t\t\t\t<section class=\"elementor-section elementor-top-section elementor-element elementor-element-28d59a3 elementor-section-boxed elementor-section-height-default elementor-section-height-default\" data-id=\"28d59a3\" data-element_type=\"section\">\n\t\t\t\t\t\t<div class=\"elementor-container elementor-column-gap-default\">\n\t\t\t\t\t<div class=\"elementor-column elementor-col-100 elementor-top-column elementor-element elementor-element-9303b9f\" data-id=\"9303b9f\" data-element_type=\"column\">\n\t\t\t<div class=\"elementor-widget-wrap elementor-element-populated\">\n\t\t\t\t\t\t<div class=\"elementor-element elementor-element-6606863 elementor-widget elementor-widget-text-editor\" data-id=\"6606863\" data-element_type=\"widget\" data-widget_type=\"text-editor.default\">\n\t\t\t\t<div class=\"elementor-widget-container\">\n\t\t\t\t\t\t\t\t\t<h5><strong>Per partecipare a un workshop,<\/strong><\/h5><p>\u00e8 necessario accedere e compilare il m<strong>odulo di iscrizione corrispondente<\/strong>. 7 giorni e, rispettivamente, 24 ore prima dell&#8217;evento riceverete un&#8217;e-mail con l&#8217;invito a partecipare. L&#8217;iscrizione \u00e8 soggetta alla disponibilit\u00e0 dei posti, tenendo conto che a ogni evento possono partecipare al<strong> massimo 25-30 persone<\/strong>. Una persona pu\u00f2 partecipare a tutti i workshop che desidera. L&#8217;unico criterio di selezione \u00e8 quello del <strong>\u201cprimo arrivato, primo servito\u201d.<\/strong>    <\/p><h5><strong>Calendarul general al workshopurilor <\/strong><\/h5><p>\u00e8 riportato nella tabella sottostante. \u00c8 possibile scegliere una qualsiasi delle date di svolgimento di un workshop. \u00c8 possibile partecipare a tutti i workshop desiderati, nei limiti dei posti disponibili, ma solo una volta allo stesso workshop. Ogni workshop pu\u00f2 essere organizzato e svolto, in modo simile, a seconda dei casi, una sola volta o in due date diverse.   <\/p><p>Per la descrizione dei workshop, consultare questo <strong><a href=\"http:\/\/cda.uvt.ro\/wp-content\/uploads\/2025\/10\/Workshopuri-CDA-oct-dec-2025-evaluare-1-2.pdf\">documento.<\/a><\/strong><\/p>\t\t\t\t\t\t\t\t<\/div>\n\t\t\t\t<\/div>\n\t\t\t\t<div class=\"elementor-element elementor-element-2197aab elementor-widget elementor-widget-heading\" data-id=\"2197aab\" data-element_type=\"widget\" data-widget_type=\"heading.default\">\n\t\t\t\t<div class=\"elementor-widget-container\">\n\t\t\t\t\t<h3 class=\"elementor-heading-title elementor-size-default\">Programma workshop<\/h3>\t\t\t\t<\/div>\n\t\t\t\t<\/div>\n\t\t\t\t<div class=\"elementor-element elementor-element-295c237 elementor-widget elementor-widget-image\" data-id=\"295c237\" data-element_type=\"widget\" data-widget_type=\"image.default\">\n\t\t\t\t<div class=\"elementor-widget-container\">\n\t\t\t\t\t\t\t\t\t\t\t\t\t\t\t<img decoding=\"async\" width=\"1920\" height=\"1080\" src=\"http:\/\/cda.uvt.ro\/wp-content\/uploads\/2025\/11\/CALENDAR-ACTUALIZAT.png\" class=\"attachment-full size-full wp-image-4333\" alt=\"\" srcset=\"http:\/\/cda.uvt.ro\/wp-content\/uploads\/2025\/11\/CALENDAR-ACTUALIZAT.png 1920w, http:\/\/cda.uvt.ro\/wp-content\/uploads\/2025\/11\/CALENDAR-ACTUALIZAT-300x169.png 300w, http:\/\/cda.uvt.ro\/wp-content\/uploads\/2025\/11\/CALENDAR-ACTUALIZAT-1024x576.png 1024w, http:\/\/cda.uvt.ro\/wp-content\/uploads\/2025\/11\/CALENDAR-ACTUALIZAT-768x432.png 768w, http:\/\/cda.uvt.ro\/wp-content\/uploads\/2025\/11\/CALENDAR-ACTUALIZAT-1536x864.png 1536w\" sizes=\"(max-width: 1920px) 100vw, 1920px\" \/>\t\t\t\t\t\t\t\t\t\t\t\t\t\t\t<\/div>\n\t\t\t\t<\/div>\n\t\t\t\t<div class=\"elementor-element elementor-element-125fcc6 elementor-widget elementor-widget-text-editor\" data-id=\"125fcc6\" data-element_type=\"widget\" data-widget_type=\"text-editor.default\">\n\t\t\t\t<div class=\"elementor-widget-container\">\n\t\t\t\t\t\t\t\t\t<h5><strong>Formato dei workshop CDA<\/strong><\/h5><ul><li>maximum 25-30 de participan\u021bi per sesiune de atelier;<\/li><li>il workshop viene fornito in formato RCL \u2013 seminario;<\/li><li>in ogni workshop viene evidenziato il legame tra il concetto centrale del workshop e il modello RCL;<\/li><li>la durata di un workshop \u00e8 di massimo 3 ore, di cui un&#8217;ora e mezza dedicata alla parte teorica e un&#8217;ora e mezza dedicata alle attivit\u00e0 pratiche;<\/li><li>il risultato autentico perseguito dal workshop viene completato durante il workshop stesso;<\/li><li>le applicazioni nell&#8217;ambito del workshop vengono realizzate su una disciplina reale, denominata disciplina di riferimento, scelta da ciascun partecipante;<\/li><li>Ogni partecipante che completa un workshop riceve il certificato CDA di partecipazione e 2 punti di formazione CDA (PF-CDA).<\/li><\/ul>\t\t\t\t\t\t\t\t<\/div>\n\t\t\t\t<\/div>\n\t\t\t\t<div class=\"elementor-element elementor-element-b7ea57a elementor-align-center elementor-hidden-desktop elementor-hidden-tablet elementor-hidden-mobile elementor-widget elementor-widget-button\" data-id=\"b7ea57a\" data-element_type=\"widget\" data-widget_type=\"button.default\">\n\t\t\t\t<div class=\"elementor-widget-container\">\n\t\t\t\t\t\t\t\t\t<div class=\"elementor-button-wrapper\">\n\t\t\t\t\t<a class=\"elementor-button elementor-size-lg\" role=\"button\">\n\t\t\t\t\t\t<span class=\"elementor-button-content-wrapper\">\n\t\t\t\t\t\t\t\t\t<span class=\"elementor-button-text\">Iscriviti al workshop!<\/span>\n\t\t\t\t\t<\/span>\n\t\t\t\t\t<\/a>\n\t\t\t\t<\/div>\n\t\t\t\t\t\t\t\t<\/div>\n\t\t\t\t<\/div>\n\t\t\t\t\t<\/div>\n\t\t<\/div>\n\t\t\t\t\t<\/div>\n\t\t<\/section>\n\t\t\t\t<section class=\"elementor-section elementor-top-section elementor-element elementor-element-70ce31b elementor-hidden-desktop elementor-hidden-tablet elementor-hidden-mobile elementor-section-boxed elementor-section-height-default elementor-section-height-default\" data-id=\"70ce31b\" data-element_type=\"section\">\n\t\t\t\t\t\t<div class=\"elementor-container elementor-column-gap-default\">\n\t\t\t\t\t<div class=\"elementor-column elementor-col-33 elementor-top-column elementor-element elementor-element-f6a3ecc\" data-id=\"f6a3ecc\" data-element_type=\"column\">\n\t\t\t<div class=\"elementor-widget-wrap elementor-element-populated\">\n\t\t\t\t\t\t<div class=\"elementor-element elementor-element-b485751 elementor-widget elementor-widget-image\" data-id=\"b485751\" data-element_type=\"widget\" data-widget_type=\"image.default\">\n\t\t\t\t<div class=\"elementor-widget-container\">\n\t\t\t\t\t\t\t\t\t\t\t\t\t\t\t\t<a href=\"http:\/\/cda.uvt.ro\/wp-content\/uploads\/2024\/09\/Screenshot-2024-09-18-094749.png\">\n\t\t\t\t\t\t\t<img decoding=\"async\" width=\"631\" height=\"895\" src=\"http:\/\/cda.uvt.ro\/wp-content\/uploads\/2024\/09\/Screenshot-2024-09-18-094749.png\" class=\"attachment-large size-large wp-image-4326\" alt=\"\" srcset=\"http:\/\/cda.uvt.ro\/wp-content\/uploads\/2024\/09\/Screenshot-2024-09-18-094749.png 631w, http:\/\/cda.uvt.ro\/wp-content\/uploads\/2024\/09\/Screenshot-2024-09-18-094749-212x300.png 212w\" sizes=\"(max-width: 631px) 100vw, 631px\" \/>\t\t\t\t\t\t\t\t<\/a>\n\t\t\t\t\t\t\t\t\t\t\t\t\t\t\t<\/div>\n\t\t\t\t<\/div>\n\t\t\t\t\t<\/div>\n\t\t<\/div>\n\t\t\t\t<div class=\"elementor-column elementor-col-33 elementor-top-column elementor-element elementor-element-c72bfcf\" data-id=\"c72bfcf\" data-element_type=\"column\">\n\t\t\t<div class=\"elementor-widget-wrap elementor-element-populated\">\n\t\t\t\t\t\t<div class=\"elementor-element elementor-element-d4a41bd elementor-widget elementor-widget-image\" data-id=\"d4a41bd\" data-element_type=\"widget\" data-widget_type=\"image.default\">\n\t\t\t\t<div class=\"elementor-widget-container\">\n\t\t\t\t\t\t\t\t\t\t\t\t\t\t\t\t<a href=\"http:\/\/cda.uvt.ro\/wp-content\/uploads\/2024\/09\/Screenshot-2024-09-18-094814.png\" target=\"_blank\">\n\t\t\t\t\t\t\t<img loading=\"lazy\" decoding=\"async\" width=\"633\" height=\"893\" src=\"http:\/\/cda.uvt.ro\/wp-content\/uploads\/2024\/09\/Screenshot-2024-09-18-094814.png\" class=\"attachment-large size-large wp-image-4327\" alt=\"\" srcset=\"http:\/\/cda.uvt.ro\/wp-content\/uploads\/2024\/09\/Screenshot-2024-09-18-094814.png 633w, http:\/\/cda.uvt.ro\/wp-content\/uploads\/2024\/09\/Screenshot-2024-09-18-094814-213x300.png 213w\" sizes=\"(max-width: 633px) 100vw, 633px\" \/>\t\t\t\t\t\t\t\t<\/a>\n\t\t\t\t\t\t\t\t\t\t\t\t\t\t\t<\/div>\n\t\t\t\t<\/div>\n\t\t\t\t\t<\/div>\n\t\t<\/div>\n\t\t\t\t<div class=\"elementor-column elementor-col-33 elementor-top-column elementor-element elementor-element-6325233\" data-id=\"6325233\" data-element_type=\"column\">\n\t\t\t<div class=\"elementor-widget-wrap elementor-element-populated\">\n\t\t\t\t\t\t<div class=\"elementor-element elementor-element-d65f393 elementor-widget elementor-widget-image\" data-id=\"d65f393\" data-element_type=\"widget\" data-widget_type=\"image.default\">\n\t\t\t\t<div class=\"elementor-widget-container\">\n\t\t\t\t\t\t\t\t\t\t\t\t\t\t\t\t<a href=\"http:\/\/cda.uvt.ro\/wp-content\/uploads\/2024\/09\/Screenshot-2024-09-18-094823.png\" target=\"_blank\">\n\t\t\t\t\t\t\t<img loading=\"lazy\" decoding=\"async\" width=\"630\" height=\"890\" src=\"http:\/\/cda.uvt.ro\/wp-content\/uploads\/2024\/09\/Screenshot-2024-09-18-094823.png\" class=\"attachment-large size-large wp-image-4328\" alt=\"\" srcset=\"http:\/\/cda.uvt.ro\/wp-content\/uploads\/2024\/09\/Screenshot-2024-09-18-094823.png 630w, http:\/\/cda.uvt.ro\/wp-content\/uploads\/2024\/09\/Screenshot-2024-09-18-094823-212x300.png 212w\" sizes=\"(max-width: 630px) 100vw, 630px\" \/>\t\t\t\t\t\t\t\t<\/a>\n\t\t\t\t\t\t\t\t\t\t\t\t\t\t\t<\/div>\n\t\t\t\t<\/div>\n\t\t\t\t\t<\/div>\n\t\t<\/div>\n\t\t\t\t\t<\/div>\n\t\t<\/section>\n\t\t\t\t<section class=\"elementor-section elementor-top-section elementor-element elementor-element-7d1eaa4 elementor-hidden-desktop elementor-hidden-tablet elementor-hidden-mobile elementor-section-boxed elementor-section-height-default elementor-section-height-default\" data-id=\"7d1eaa4\" data-element_type=\"section\">\n\t\t\t\t\t\t<div class=\"elementor-container elementor-column-gap-default\">\n\t\t\t\t\t<div class=\"elementor-column elementor-col-33 elementor-top-column elementor-element elementor-element-6616092\" data-id=\"6616092\" data-element_type=\"column\">\n\t\t\t<div class=\"elementor-widget-wrap elementor-element-populated\">\n\t\t\t\t\t\t<div class=\"elementor-element elementor-element-38588e6 elementor-widget elementor-widget-image\" data-id=\"38588e6\" data-element_type=\"widget\" data-widget_type=\"image.default\">\n\t\t\t\t<div class=\"elementor-widget-container\">\n\t\t\t\t\t\t\t\t\t\t\t\t\t\t\t\t<a href=\"http:\/\/cda.uvt.ro\/wp-content\/uploads\/2024\/09\/Screenshot-2024-09-26-092253.png\" target=\"_blank\">\n\t\t\t\t\t\t\t<img loading=\"lazy\" decoding=\"async\" width=\"632\" height=\"893\" src=\"http:\/\/cda.uvt.ro\/wp-content\/uploads\/2024\/09\/Screenshot-2024-09-26-092253.png\" class=\"attachment-large size-large wp-image-4329\" alt=\"\" srcset=\"http:\/\/cda.uvt.ro\/wp-content\/uploads\/2024\/09\/Screenshot-2024-09-26-092253.png 632w, http:\/\/cda.uvt.ro\/wp-content\/uploads\/2024\/09\/Screenshot-2024-09-26-092253-212x300.png 212w\" sizes=\"(max-width: 632px) 100vw, 632px\" \/>\t\t\t\t\t\t\t\t<\/a>\n\t\t\t\t\t\t\t\t\t\t\t\t\t\t\t<\/div>\n\t\t\t\t<\/div>\n\t\t\t\t\t<\/div>\n\t\t<\/div>\n\t\t\t\t<div class=\"elementor-column elementor-col-33 elementor-top-column elementor-element elementor-element-98e1c38\" data-id=\"98e1c38\" data-element_type=\"column\">\n\t\t\t<div class=\"elementor-widget-wrap elementor-element-populated\">\n\t\t\t\t\t\t<div class=\"elementor-element elementor-element-6b53bb9 elementor-widget elementor-widget-image\" data-id=\"6b53bb9\" data-element_type=\"widget\" data-widget_type=\"image.default\">\n\t\t\t\t<div class=\"elementor-widget-container\">\n\t\t\t\t\t\t\t\t\t\t\t\t\t\t\t\t<a href=\"http:\/\/cda.uvt.ro\/wp-content\/uploads\/2024\/10\/Screenshot-2024-10-02-100140.png\" target=\"_blank\">\n\t\t\t\t\t\t\t<img loading=\"lazy\" decoding=\"async\" width=\"630\" height=\"891\" src=\"http:\/\/cda.uvt.ro\/wp-content\/uploads\/2024\/10\/Screenshot-2024-10-02-100140.png\" class=\"attachment-large size-large wp-image-4330\" alt=\"\" srcset=\"http:\/\/cda.uvt.ro\/wp-content\/uploads\/2024\/10\/Screenshot-2024-10-02-100140.png 630w, http:\/\/cda.uvt.ro\/wp-content\/uploads\/2024\/10\/Screenshot-2024-10-02-100140-212x300.png 212w\" sizes=\"(max-width: 630px) 100vw, 630px\" \/>\t\t\t\t\t\t\t\t<\/a>\n\t\t\t\t\t\t\t\t\t\t\t\t\t\t\t<\/div>\n\t\t\t\t<\/div>\n\t\t\t\t\t<\/div>\n\t\t<\/div>\n\t\t\t\t<div class=\"elementor-column elementor-col-33 elementor-top-column elementor-element elementor-element-7b108d1\" data-id=\"7b108d1\" data-element_type=\"column\">\n\t\t\t<div class=\"elementor-widget-wrap elementor-element-populated\">\n\t\t\t\t\t\t<div class=\"elementor-element elementor-element-2809bd4 elementor-widget elementor-widget-image\" data-id=\"2809bd4\" data-element_type=\"widget\" data-widget_type=\"image.default\">\n\t\t\t\t<div class=\"elementor-widget-container\">\n\t\t\t\t\t\t\t\t\t\t\t\t\t\t\t\t<a href=\"http:\/\/cda.uvt.ro\/wp-content\/uploads\/2024\/09\/Screenshot-2024-09-18-094851.png\" target=\"_blank\">\n\t\t\t\t\t\t\t<img loading=\"lazy\" decoding=\"async\" width=\"631\" height=\"892\" src=\"http:\/\/cda.uvt.ro\/wp-content\/uploads\/2024\/09\/Screenshot-2024-09-18-094851.png\" class=\"attachment-large size-large wp-image-4331\" alt=\"\" srcset=\"http:\/\/cda.uvt.ro\/wp-content\/uploads\/2024\/09\/Screenshot-2024-09-18-094851.png 631w, http:\/\/cda.uvt.ro\/wp-content\/uploads\/2024\/09\/Screenshot-2024-09-18-094851-212x300.png 212w\" sizes=\"(max-width: 631px) 100vw, 631px\" \/>\t\t\t\t\t\t\t\t<\/a>\n\t\t\t\t\t\t\t\t\t\t\t\t\t\t\t<\/div>\n\t\t\t\t<\/div>\n\t\t\t\t\t<\/div>\n\t\t<\/div>\n\t\t\t\t\t<\/div>\n\t\t<\/section>\n\t\t\t\t<section class=\"elementor-section elementor-top-section elementor-element elementor-element-537e04f elementor-hidden-desktop elementor-hidden-tablet elementor-hidden-mobile elementor-section-boxed elementor-section-height-default elementor-section-height-default\" data-id=\"537e04f\" data-element_type=\"section\">\n\t\t\t\t\t\t<div class=\"elementor-container elementor-column-gap-default\">\n\t\t\t\t\t<div class=\"elementor-column elementor-col-33 elementor-top-column elementor-element elementor-element-4a41c3c\" data-id=\"4a41c3c\" data-element_type=\"column\">\n\t\t\t<div class=\"elementor-widget-wrap elementor-element-populated\">\n\t\t\t\t\t\t<div class=\"elementor-element elementor-element-caff6fa elementor-widget elementor-widget-image\" data-id=\"caff6fa\" data-element_type=\"widget\" data-widget_type=\"image.default\">\n\t\t\t\t<div class=\"elementor-widget-container\">\n\t\t\t\t\t\t\t\t\t\t\t\t\t\t\t\t<a href=\"http:\/\/cda.uvt.ro\/wp-content\/uploads\/2024\/09\/Screenshot-2024-09-18-094902.png\" target=\"_blank\">\n\t\t\t\t\t\t\t<img loading=\"lazy\" decoding=\"async\" width=\"631\" height=\"894\" src=\"http:\/\/cda.uvt.ro\/wp-content\/uploads\/2024\/09\/Screenshot-2024-09-18-094902.png\" class=\"attachment-large size-large wp-image-4332\" alt=\"\" srcset=\"http:\/\/cda.uvt.ro\/wp-content\/uploads\/2024\/09\/Screenshot-2024-09-18-094902.png 631w, http:\/\/cda.uvt.ro\/wp-content\/uploads\/2024\/09\/Screenshot-2024-09-18-094902-212x300.png 212w\" sizes=\"(max-width: 631px) 100vw, 631px\" \/>\t\t\t\t\t\t\t\t<\/a>\n\t\t\t\t\t\t\t\t\t\t\t\t\t\t\t<\/div>\n\t\t\t\t<\/div>\n\t\t\t\t\t<\/div>\n\t\t<\/div>\n\t\t\t\t<div class=\"elementor-column elementor-col-33 elementor-top-column elementor-element elementor-element-c88cfa9\" data-id=\"c88cfa9\" data-element_type=\"column\">\n\t\t\t<div class=\"elementor-widget-wrap\">\n\t\t\t\t\t\t\t<\/div>\n\t\t<\/div>\n\t\t\t\t<div class=\"elementor-column elementor-col-33 elementor-top-column elementor-element elementor-element-d22070d\" data-id=\"d22070d\" data-element_type=\"column\">\n\t\t\t<div class=\"elementor-widget-wrap\">\n\t\t\t\t\t\t\t<\/div>\n\t\t<\/div>\n\t\t\t\t\t<\/div>\n\t\t<\/section>\n\t\t\t\t<\/div>\n\t\t","protected":false},"excerpt":{"rendered":"<p>Workshop CDA 2025 Obiettivo: Sviluppare le competenze didattiche di progettazione, implementazione e valutazione attraverso la creazione di un percorso coerente e attuale per migliorare la qualit\u00e0 dell&#8217;insegnamento presso l&#8217;UVT. Informazioni generali Prendendo come riferimento pedagogico il modello di formazione RCL, valorizzeremo insieme le lezioni apprese nell&#8217;ambito di UNITA, le esperienze dell&#8217;UVT con i laboratori viventi [&hellip;]<\/p>\n","protected":false},"author":1,"featured_media":0,"parent":0,"menu_order":0,"comment_status":"closed","ping_status":"closed","template":"","meta":{"_acf_changed":false,"footnotes":""},"class_list":["post-4499","page","type-page","status-publish","hentry"],"acf":[],"_links":{"self":[{"href":"http:\/\/cda.uvt.ro\/it\/wp-json\/wp\/v2\/pages\/4499","targetHints":{"allow":["GET"]}}],"collection":[{"href":"http:\/\/cda.uvt.ro\/it\/wp-json\/wp\/v2\/pages"}],"about":[{"href":"http:\/\/cda.uvt.ro\/it\/wp-json\/wp\/v2\/types\/page"}],"author":[{"embeddable":true,"href":"http:\/\/cda.uvt.ro\/it\/wp-json\/wp\/v2\/users\/1"}],"replies":[{"embeddable":true,"href":"http:\/\/cda.uvt.ro\/it\/wp-json\/wp\/v2\/comments?post=4499"}],"version-history":[{"count":3,"href":"http:\/\/cda.uvt.ro\/it\/wp-json\/wp\/v2\/pages\/4499\/revisions"}],"predecessor-version":[{"id":4555,"href":"http:\/\/cda.uvt.ro\/it\/wp-json\/wp\/v2\/pages\/4499\/revisions\/4555"}],"wp:attachment":[{"href":"http:\/\/cda.uvt.ro\/it\/wp-json\/wp\/v2\/media?parent=4499"}],"curies":[{"name":"wp","href":"https:\/\/api.w.org\/{rel}","templated":true}]}}