{"id":4470,"date":"2024-09-24T09:32:32","date_gmt":"2024-09-24T06:32:32","guid":{"rendered":"http:\/\/cda.uvt.ro\/granturi-didactice-2024-2\/"},"modified":"2025-11-26T14:59:29","modified_gmt":"2025-11-26T11:59:29","slug":"granturi-didactice-2024-2","status":"publish","type":"page","link":"http:\/\/cda.uvt.ro\/it\/granturi-didactice-2024-2\/","title":{"rendered":"Granturi didactice 2024"},"content":{"rendered":"\t\t<div data-elementor-type=\"wp-page\" data-elementor-id=\"4470\" class=\"elementor elementor-4470 elementor-2890\" data-elementor-post-type=\"page\">\n\t\t\t\t\t\t<section class=\"elementor-section elementor-top-section elementor-element elementor-element-6b31947 elementor-section-boxed elementor-section-height-default elementor-section-height-default\" data-id=\"6b31947\" data-element_type=\"section\">\n\t\t\t\t\t\t<div class=\"elementor-container elementor-column-gap-default\">\n\t\t\t\t\t<div class=\"elementor-column elementor-col-100 elementor-top-column elementor-element elementor-element-fadfcf7\" data-id=\"fadfcf7\" data-element_type=\"column\">\n\t\t\t<div class=\"elementor-widget-wrap elementor-element-populated\">\n\t\t\t\t\t\t<div class=\"elementor-element elementor-element-0cb0fd3 elementor-widget elementor-widget-heading\" data-id=\"0cb0fd3\" data-element_type=\"widget\" data-widget_type=\"heading.default\">\n\t\t\t\t<div class=\"elementor-widget-container\">\n\t\t\t\t\t<h2 class=\"elementor-heading-title elementor-size-default\">Teaching grants 2024 (5th edition)<\/h2>\t\t\t\t<\/div>\n\t\t\t\t<\/div>\n\t\t\t\t<div class=\"elementor-element elementor-element-b3c0a28 elementor-widget-divider--view-line elementor-widget elementor-widget-divider\" data-id=\"b3c0a28\" data-element_type=\"widget\" data-widget_type=\"divider.default\">\n\t\t\t\t<div class=\"elementor-widget-container\">\n\t\t\t\t\t\t\t<div class=\"elementor-divider\">\n\t\t\t<span class=\"elementor-divider-separator\">\n\t\t\t\t\t\t<\/span>\n\t\t<\/div>\n\t\t\t\t\t\t<\/div>\n\t\t\t\t<\/div>\n\t\t\t\t\t<\/div>\n\t\t<\/div>\n\t\t\t\t\t<\/div>\n\t\t<\/section>\n\t\t\t\t<section class=\"elementor-section elementor-top-section elementor-element elementor-element-44f9299 elementor-section-boxed elementor-section-height-default elementor-section-height-default\" data-id=\"44f9299\" data-element_type=\"section\" data-settings=\"{&quot;background_background&quot;:&quot;classic&quot;}\">\n\t\t\t\t\t\t<div class=\"elementor-container elementor-column-gap-default\">\n\t\t\t\t\t<div class=\"elementor-column elementor-col-50 elementor-top-column elementor-element elementor-element-45b9f98\" data-id=\"45b9f98\" data-element_type=\"column\" data-settings=\"{&quot;background_background&quot;:&quot;classic&quot;}\">\n\t\t\t<div class=\"elementor-widget-wrap elementor-element-populated\">\n\t\t\t\t\t\t<div class=\"elementor-element elementor-element-e474be1 elementor-widget elementor-widget-text-editor\" data-id=\"e474be1\" data-element_type=\"widget\" data-widget_type=\"text-editor.default\">\n\t\t\t\t<div class=\"elementor-widget-container\">\n\t\t\t\t\t\t\t\t\t<p><strong>Obiettivo<\/strong><\/p><p>Le borse di studio didattiche UVT hanno lo scopo di stimolare l&#8217;implementazione del modello di insegnamento riflessivo-collaborativo (RCL) nelle attivit\u00e0 didattiche svolte nell&#8217;ambito dei programmi di studio offerti dall&#8217;UVT.<\/p><p><strong>Informazioni generali<\/strong><\/p><p>Il concorso per le borse di studio didattiche \u00e8 finanziato dal progetto UVT-teaching &amp; learning brand: Reflective &amp; Collaborative Learning into action 2.2. (CNFIS-FDI-2024-F-0091).<\/p><p>Il valore totale di una borsa di studio didattica \u00e8 di 5.000 RON. Il concorso assegna un totale di 12 borse di studio didattiche, distribuite in numero di 3 per ciascuno dei 4 gruppi del concorso:<\/p>\t\t\t\t\t\t\t\t<\/div>\n\t\t\t\t<\/div>\n\t\t\t\t<div class=\"elementor-element elementor-element-dd78b0f elementor-widget elementor-widget-text-editor\" data-id=\"dd78b0f\" data-element_type=\"widget\" data-widget_type=\"text-editor.default\">\n\t\t\t\t<div class=\"elementor-widget-container\">\n\t\t\t\t\t\t\t\t\t<table> <tbody> <tr> <td><strong>Gruppo A<\/strong><\/td> <td><strong>Gruppo B<\/strong><\/td> <td><strong>Gruppo C<\/strong><\/td> <td><strong>Gruppo D<\/strong><\/td> <\/tr> <tr> <td> <ul> <li>Facolt\u00e0 di Arti e Design<\/li> <li>Facolt\u00e0 di Educazione Fisica e Sport<\/li> <li>Facolt\u00e0 di Musica e Teatro<\/li> <\/ul> <\/td> <td> <ul> <li>Facolt\u00e0 di Chimica, Biologia e Geografia<\/li> <li>Facolt\u00e0 di Fisica<\/li> <li>Facolt\u00e0 di Matematica e Informatica<\/li> <\/ul> <\/td> <td> <ul> <li>Facolt\u00e0 di Giurisprudenza<\/li> <li>Facolt\u00e0 di Economia e Amministrazione Aziendale<\/li> <li>Facolt\u00e0 di Scienze del Governo e della Comunicazione<\/li> <\/ul> <\/td> <td> <ul> <li>Facolt\u00e0 di Lettere, Storia, Filosofia e Teologia<\/li> <li>Facolt\u00e0 di Sociologia e Psicologia<\/li> <li>Dipartimento per la Formazione degli Insegnanti<\/li> <\/ul> <\/td> <\/tr> <\/tbody> <\/table>\t\t\t\t\t\t\t\t<\/div>\n\t\t\t\t<\/div>\n\t\t\t\t<div class=\"elementor-element elementor-element-d90967c elementor-widget elementor-widget-text-editor\" data-id=\"d90967c\" data-element_type=\"widget\" data-widget_type=\"text-editor.default\">\n\t\t\t\t<div class=\"elementor-widget-container\">\n\t\t\t\t\t\t\t\t\t<div id=\"panel-2254-0-0-0\" class=\"so-panel widget widget_sow-editor panel-first-child widgetopts-SO\" data-index=\"0\"><div class=\"so-widget-sow-editor so-widget-sow-editor-base\"><div class=\"siteorigin-widget-tinymce textwidget\"><p><strong>Partecipanti idonei<\/strong><\/p><p>Sono idonei a ottenere una borsa di studio per la didattica i docenti universitari e\/o i ricercatori titolari (che svolgono attivit\u00e0 didattiche) dell&#8217;UVT, indipendentemente dal grado didattico\/scientifico e\/o dall&#8217;anzianit\u00e0 di servizio. Possono inoltre partecipare al concorso anche i dottorandi che svolgono attivit\u00e0 didattiche presso l&#8217;UVT. Le persone che hanno beneficiato di borse di studio didattiche nelle prime tre edizioni del concorso (2020-2021, 2021-2022, 2022-2023) sono idonee, ma non possono pi\u00f9 iscriversi con lo stesso progetto dell&#8217;edizione in cui hanno vinto la borsa di studio. I vincitori della borsa di studio didattica della quarta edizione (2023-2024), i dipendenti<br \/>CDA e gli esperti collaboratori del CDA impiegati nel progetto UVT teaching &amp; learning brand: Reflective and Collaborative Learning into action 2.2. (CNFIS-FDI-2024-F-0091) non sono idonei a partecipare a questa edizione del programma.<\/p><p><strong>Pacchetto informativo<\/strong><\/p><p><strong><a href=\"http:\/\/cda.uvt.ro\/wp-content\/uploads\/2024\/10\/Pachet-complet-de-informat\u0326ii-Granturi-didactice-UVT-2024_2.pdf\">Pacchetto informativo completo<\/a><\/strong><\/p><p><strong><a href=\"http:\/\/cda.uvt.ro\/wp-content\/uploads\/2024\/10\/Pachet-complet-de-informat\u0326ii-Granturi-didactice-UVT-2024_2.pdf\">Calendario del concorso<\/a><\/strong><\/p><\/div><\/div><\/div>\t\t\t\t\t\t\t\t<\/div>\n\t\t\t\t<\/div>\n\t\t\t\t<div class=\"elementor-element elementor-element-b5f7be4 elementor-widget elementor-widget-text-editor\" data-id=\"b5f7be4\" data-element_type=\"widget\" data-widget_type=\"text-editor.default\">\n\t\t\t\t<div class=\"elementor-widget-container\">\n\t\t\t\t\t\t\t\t\t<table width=\"704\"> <tbody> <tr> <td colspan=\"6\" width=\"704\"> <h6><span style=\"font-size: 16px;\">Vincitori del concorso di grant didattici interni UVT 2024<\/span><\/h6> <h6><em><span style=\"font-size: 16px;\">UVT Teaching &amp; Learning Brand \u2013 Reflective and Collaborative Learning (RCL), organizzato nell\u2019ambito del progetto UVT Teaching &amp; Learning Brand: Reflective &amp; Collaborative Learning into Action 2.2., CNFIS-FDI-2024-F-0091, settembre\u2013dicembre 2024<\/span><\/em><\/h6> <\/td> <\/tr> <tr> <td width=\"38\"><strong>Nr.<\/strong><\/td> <td width=\"177\"><strong>Nome e cognome<\/strong> del beneficiario del grant didattico<\/td> <td width=\"122\"><strong>Titolo\/Posizione<\/strong><\/td> <td width=\"86\"><strong>Gruppo di competizione<\/strong><\/td> <td width=\"163\"><strong>Facolt\u00e0<\/strong><\/td> <td width=\"119\"><strong>Dipartimento<\/strong><\/td> <\/tr> <tr> <td width=\"38\">1<\/td> <td width=\"177\">C\u0103p\u0103\u021b\u00een\u0103 C\u0103t\u0103lina Viorela<\/td> <td width=\"122\">Personale accademico<\/td> <td width=\"86\">A<\/td> <td width=\"163\">Facolt\u00e0 di Musica e Teatro<\/td> <td width=\"119\">Musica<\/td> <\/tr> <tr> <td width=\"38\">2<\/td> <td width=\"177\">P\u0103durean Carla Cezara<\/td> <td width=\"122\">Personale accademico<\/td> <td width=\"86\">A<\/td> <td width=\"163\">Facolt\u00e0 di Arti e Design<\/td> <td width=\"119\">Design e Arti Applicate<\/td> <\/tr> <tr> <td width=\"38\">3<\/td> <td width=\"177\">S\u00e2rbu Maria<\/td> <td width=\"122\">Personale accademico<\/td> <td width=\"86\">A<\/td> <td width=\"163\">Facolt\u00e0 di Arti e Design<\/td> <td width=\"119\">Arti Visive<\/td> <\/tr> <tr> <td width=\"38\">4<\/td> <td width=\"177\">Nicorici Cristina<\/td> <td width=\"122\">Personale accademico<\/td> <td width=\"86\">C<\/td> <td width=\"163\">Facolt\u00e0 di Giurisprudenza<\/td> <td width=\"119\">Diritto Pubblico<\/td> <\/tr> <tr> <td width=\"38\">5<\/td> <td width=\"177\">Bu\u0219 Ioan<\/td> <td width=\"122\">Personale accademico<\/td> <td width=\"86\">D<\/td> <td width=\"163\">Facolt\u00e0 di Lettere, Storia, Filosofia e Teologia<\/td> <td width=\"119\">Storia, Teologia e Filosofia<\/td> <\/tr> <tr> <td width=\"38\">6<\/td> <td width=\"177\">C\u0103p\u0103ln\u0103\u0219an Emina-Mirela<\/td> <td width=\"122\">Personale accademico<\/td> <td width=\"86\">D<\/td> <td width=\"163\">Facolt\u00e0 di Lettere, Storia, Filosofia e Teologia<\/td> <td width=\"119\">Studi Romeni e Classici<\/td> <\/tr> <tr> <td width=\"38\">7<\/td> <td width=\"177\">C\u00e2nda Alexandru-Ioan<\/td> <td width=\"122\">Dottorando<\/td> <td width=\"86\">D<\/td> <td width=\"163\">Facolt\u00e0 di Lettere, Storia, Filosofia e Teologia<\/td> <td width=\"119\">Storia, Teologia e Filosofia<\/td> <\/tr> <tr> <td width=\"38\">8<\/td> <td width=\"177\">Tranc\u0103 Loredana Marcela<\/td> <td width=\"122\">Personale accademico<\/td> <td width=\"86\">D<\/td> <td width=\"163\">Facolt\u00e0 di Sociologia e Psicologia<\/td> <td width=\"119\">Assistenza Sociale<\/td> <\/tr> <\/tbody> <\/table>\t\t\t\t\t\t\t\t<\/div>\n\t\t\t\t<\/div>\n\t\t\t\t\t<\/div>\n\t\t<\/div>\n\t\t\t\t<div class=\"elementor-column elementor-col-50 elementor-top-column elementor-element elementor-element-6630337\" data-id=\"6630337\" data-element_type=\"column\" data-settings=\"{&quot;background_background&quot;:&quot;classic&quot;}\">\n\t\t\t<div class=\"elementor-widget-wrap elementor-element-populated\">\n\t\t\t\t\t\t<div class=\"elementor-element elementor-element-69e1daf elementor-widget elementor-widget-text-editor\" data-id=\"69e1daf\" data-element_type=\"widget\" data-widget_type=\"text-editor.default\">\n\t\t\t\t<div class=\"elementor-widget-container\">\n\t\t\t\t\t\t\t\t\t<p><strong>Informazioni utili:<\/strong><\/p><ul><li>Il termine ultimo per la presentazione delle proposte di progetto \u00e8 luned\u00ec 25 novembre 2024, alle ore 23:59.<\/li><li>La piattaforma online per la presentazione delle domande di sovvenzione sar\u00e0 disponibile a partire da marted\u00ec 1\u00b0 ottobre 2024, alle ore 8:00.<\/li><li>Ai fini della valutazione dell&#8217;ammissibilit\u00e0 saranno prese in considerazione solo le proposte di progetto che alla scadenza del termine saranno presenti sulla piattaforma online.<\/li><\/ul><p><strong>Iscrizione dei partecipanti<\/strong><\/p><p>Per partecipare al concorso per l&#8217;assegnazione delle sovvenzioni, leggere<br \/>il pacchetto informativo completo, scaricare gli allegati<br \/>necessari per la candidatura, compilarli e quindi caricare<br \/>tutta la documentazione relativa al progetto di sovvenzione accedendo al<br \/>modulo di iscrizione disponibile qui sotto.<\/p>\t\t\t\t\t\t\t\t<\/div>\n\t\t\t\t<\/div>\n\t\t\t\t<div class=\"elementor-element elementor-element-3d5b066 elementor-align-left elementor-widget elementor-widget-button\" data-id=\"3d5b066\" data-element_type=\"widget\" data-widget_type=\"button.default\">\n\t\t\t\t<div class=\"elementor-widget-container\">\n\t\t\t\t\t\t\t\t\t<div class=\"elementor-button-wrapper\">\n\t\t\t\t\t<a class=\"elementor-button elementor-button-link elementor-size-sm\" href=\"https:\/\/docs.google.com\/forms\/d\/e\/1FAIpQLSflQGSZTHx4G48koZd76LXRgkFCHAhIssJbsW-86nm-s3KhNQ\/viewform\" target=\"_blank\">\n\t\t\t\t\t\t<span class=\"elementor-button-content-wrapper\">\n\t\t\t\t\t\t\t\t\t<span class=\"elementor-button-text\">Compila il modulo!<\/span>\n\t\t\t\t\t<\/span>\n\t\t\t\t\t<\/a>\n\t\t\t\t<\/div>\n\t\t\t\t\t\t\t\t<\/div>\n\t\t\t\t<\/div>\n\t\t\t\t<div class=\"elementor-element elementor-element-dcfa511 elementor-widget elementor-widget-text-editor\" data-id=\"dcfa511\" data-element_type=\"widget\" data-widget_type=\"text-editor.default\">\n\t\t\t\t<div class=\"elementor-widget-container\">\n\t\t\t\t\t\t\t\t\t<p><strong>Persona di contatto<\/strong><\/p><p>Per problemi tecnici relativi al modulo di iscrizione e\/o per chiarimenti relativi alla metodologia del concorso, inviare un&#8217;e-mail all&#8217;indirizzo: <a href=\"mailto:cda@e-uvt.ro\">cda@e-uvt.ro<\/a><\/p><p><a href=\"http:\/\/cda.uvt.ro\/wp-content\/uploads\/2024\/09\/Anexa-1.-Cerere-de-i\u0302nscriere_2024.docx\">Allegato 1. Domanda di iscrizione<\/a><\/p><p><a href=\"http:\/\/cda.uvt.ro\/wp-content\/uploads\/2024\/09\/Anexa-1.-Cerere-de-i\u0302nscriere_2024.docx\">Allegato 2. Griglia di valutazione del progetto didattico<\/a><\/p><p><a href=\"http:\/\/cda.uvt.ro\/wp-content\/uploads\/2024\/09\/Anexa-1.-Cerere-de-i\u0302nscriere_2024.docx\">Allegato 3. Formato del progetto didattico<\/a><\/p><p><a href=\"http:\/\/cda.uvt.ro\/wp-content\/uploads\/2024\/09\/Anexa-1.-Cerere-de-i\u0302nscriere_2024.docx\">Allegato 4. Dichiarazione di accumulo punti di formazione CDA<\/a><\/p><p><a href=\"http:\/\/cda.uvt.ro\/wp-content\/uploads\/2024\/09\/Anexa-1.-Cerere-de-i\u0302nscriere_2024.docx\">Allegato 5. Accordo sull&#8217;utilizzo dei dati personali<\/a><\/p><p><a href=\"http:\/\/cda.uvt.ro\/wp-content\/uploads\/2024\/09\/Anexa-1.-Cerere-de-i\u0302nscriere_2024.docx\">Allegato 6. Dichiarazione sotto la propria responsabilit\u00e0 relativa all&#8217;iscrizione al concorso in corso con un progetto diverso da quello sulla base del quale \u00e8 stata precedentemente vinta una borsa di studio didattica UVT<\/a><\/p><p><strong>Nota: l&#8217;allegato 6<\/strong> deve essere compilato solo dai docenti che hanno vinto una borsa di studio didattica in una delle prime tre edizioni del concorso<\/p><p><a href=\"http:\/\/cda.uvt.ro\/wp-content\/uploads\/2024\/09\/Anexa-1.-Cerere-de-i\u0302nscriere_2024.docx\">Allegato 0. Elenco delle attivit\u00e0 CDA<\/a><\/p>\t\t\t\t\t\t\t\t<\/div>\n\t\t\t\t<\/div>\n\t\t\t\t\t<\/div>\n\t\t<\/div>\n\t\t\t\t\t<\/div>\n\t\t<\/section>\n\t\t\t\t<\/div>\n\t\t","protected":false},"excerpt":{"rendered":"<p>Teaching grants 2024 (5th edition) Obiettivo Le borse di studio didattiche UVT hanno lo scopo di stimolare l&#8217;implementazione del modello di insegnamento riflessivo-collaborativo (RCL) nelle attivit\u00e0 didattiche svolte nell&#8217;ambito dei programmi di studio offerti dall&#8217;UVT. Informazioni generali Il concorso per le borse di studio didattiche \u00e8 finanziato dal progetto UVT-teaching &amp; learning brand: Reflective &amp; [&hellip;]<\/p>\n","protected":false},"author":1,"featured_media":0,"parent":0,"menu_order":0,"comment_status":"closed","ping_status":"closed","template":"","meta":{"_acf_changed":false,"footnotes":""},"class_list":["post-4470","page","type-page","status-publish","hentry"],"acf":[],"_links":{"self":[{"href":"http:\/\/cda.uvt.ro\/it\/wp-json\/wp\/v2\/pages\/4470","targetHints":{"allow":["GET"]}}],"collection":[{"href":"http:\/\/cda.uvt.ro\/it\/wp-json\/wp\/v2\/pages"}],"about":[{"href":"http:\/\/cda.uvt.ro\/it\/wp-json\/wp\/v2\/types\/page"}],"author":[{"embeddable":true,"href":"http:\/\/cda.uvt.ro\/it\/wp-json\/wp\/v2\/users\/1"}],"replies":[{"embeddable":true,"href":"http:\/\/cda.uvt.ro\/it\/wp-json\/wp\/v2\/comments?post=4470"}],"version-history":[{"count":7,"href":"http:\/\/cda.uvt.ro\/it\/wp-json\/wp\/v2\/pages\/4470\/revisions"}],"predecessor-version":[{"id":4495,"href":"http:\/\/cda.uvt.ro\/it\/wp-json\/wp\/v2\/pages\/4470\/revisions\/4495"}],"wp:attachment":[{"href":"http:\/\/cda.uvt.ro\/it\/wp-json\/wp\/v2\/media?parent=4470"}],"curies":[{"name":"wp","href":"https:\/\/api.w.org\/{rel}","templated":true}]}}