{"id":4460,"date":"2024-09-24T09:32:32","date_gmt":"2024-09-24T06:32:32","guid":{"rendered":"http:\/\/cda.uvt.ro\/granturi-didactice-2024\/"},"modified":"2025-11-26T12:59:12","modified_gmt":"2025-11-26T09:59:12","slug":"granturi-didactice-2024-3","status":"publish","type":"page","link":"http:\/\/cda.uvt.ro\/it\/granturi-didactice-2024-3\/","title":{"rendered":"Granturi didactice 2024"},"content":{"rendered":"<style>\/*! elementor - v3.17.0 - 01-11-2023 *\/\n.elementor-heading-title{padding:0;margin:0;line-height:1}.elementor-widget-heading .elementor-heading-title[class*=elementor-size-]>a{color:inherit;font-size:inherit;line-height:inherit}.elementor-widget-heading .elementor-heading-title.elementor-size-small{font-size:15px}.elementor-widget-heading .elementor-heading-title.elementor-size-medium{font-size:19px}.elementor-widget-heading .elementor-heading-title.elementor-size-large{font-size:29px}.elementor-widget-heading .elementor-heading-title.elementor-size-xl{font-size:39px}.elementor-widget-heading .elementor-heading-title.elementor-size-xxl{font-size:59px}<\/style>\n<h2>Granturi didactice 2024 (edi\u021bia a V-a)<\/h2>\n<style>\/*! elementor - v3.17.0 - 01-11-2023 *\/\n.elementor-widget-divider{--divider-border-style:none;--divider-border-width:1px;--divider-color:#0c0d0e;--divider-icon-size:20px;--divider-element-spacing:10px;--divider-pattern-height:24px;--divider-pattern-size:20px;--divider-pattern-url:none;--divider-pattern-repeat:repeat-x}.elementor-widget-divider .elementor-divider{display:flex}.elementor-widget-divider .elementor-divider__text{font-size:15px;line-height:1;max-width:95%}.elementor-widget-divider .elementor-divider__element{margin:0 var(--divider-element-spacing);flex-shrink:0}.elementor-widget-divider .elementor-icon{font-size:var(--divider-icon-size)}.elementor-widget-divider .elementor-divider-separator{display:flex;margin:0;direction:ltr}.elementor-widget-divider--view-line_icon .elementor-divider-separator,.elementor-widget-divider--view-line_text .elementor-divider-separator{align-items:center}.elementor-widget-divider--view-line_icon .elementor-divider-separator:after,.elementor-widget-divider--view-line_icon .elementor-divider-separator:before,.elementor-widget-divider--view-line_text .elementor-divider-separator:after,.elementor-widget-divider--view-line_text .elementor-divider-separator:before{display:block;content:\"\";border-bottom:0;flex-grow:1;border-top:var(--divider-border-width) var(--divider-border-style) var(--divider-color)}.elementor-widget-divider--element-align-left .elementor-divider .elementor-divider-separator>.elementor-divider__svg:first-of-type{flex-grow:0;flex-shrink:100}.elementor-widget-divider--element-align-left .elementor-divider-separator:before{content:none}.elementor-widget-divider--element-align-left .elementor-divider__element{margin-left:0}.elementor-widget-divider--element-align-right .elementor-divider .elementor-divider-separator>.elementor-divider__svg:last-of-type{flex-grow:0;flex-shrink:100}.elementor-widget-divider--element-align-right .elementor-divider-separator:after{content:none}.elementor-widget-divider--element-align-right .elementor-divider__element{margin-right:0}.elementor-widget-divider:not(.elementor-widget-divider--view-line_text):not(.elementor-widget-divider--view-line_icon) .elementor-divider-separator{border-top:var(--divider-border-width) var(--divider-border-style) var(--divider-color)}.elementor-widget-divider--separator-type-pattern{--divider-border-style:none}.elementor-widget-divider--separator-type-pattern.elementor-widget-divider--view-line .elementor-divider-separator,.elementor-widget-divider--separator-type-pattern:not(.elementor-widget-divider--view-line) .elementor-divider-separator:after,.elementor-widget-divider--separator-type-pattern:not(.elementor-widget-divider--view-line) .elementor-divider-separator:before,.elementor-widget-divider--separator-type-pattern:not([class*=elementor-widget-divider--view]) .elementor-divider-separator{width:100%;min-height:var(--divider-pattern-height);-webkit-mask-size:var(--divider-pattern-size) 100%;mask-size:var(--divider-pattern-size) 100%;-webkit-mask-repeat:var(--divider-pattern-repeat);mask-repeat:var(--divider-pattern-repeat);background-color:var(--divider-color);-webkit-mask-image:var(--divider-pattern-url);mask-image:var(--divider-pattern-url)}.elementor-widget-divider--no-spacing{--divider-pattern-size:auto}.elementor-widget-divider--bg-round{--divider-pattern-repeat:round}.rtl .elementor-widget-divider .elementor-divider__text{direction:rtl}.e-con-inner>.elementor-widget-divider,.e-con>.elementor-widget-divider{width:var(--container-widget-width,100%);--flex-grow:var(--container-widget-flex-grow)}<\/style>\n<h4><strong>Scopul\u00a0<\/strong><\/h4>\n<p>Granturile didactice UVT sunt menite s\u0103 stimuleze implementarea modelului reflexiv-colaborativ de instruire (RCL) \u00een r\u00e2ndul activit\u0103\u021bilor didactice desf\u0103\u0219urate \u00een cadrul programelor de studii ofertate de UVT.<\/p>\n<h4><strong>Informa\u021bii generale<\/strong><\/h4>\n<p>Competi\u021bia de granturi didactice este finan\u021bat\u0103 prin proiectul UVT-teaching &amp; learning brand: Reflective &amp; Collaborative Learning into action 2.2. (CNFIS-FDI-2024-F-0091).<\/p>\n<p>Valoarea total\u0103 a unui grant didactic este de 5.000 RON. Competi\u021bia premiaz\u0103 un num\u0103r de 12 granturi didactice, acestea fiind repartizate \u00een num\u0103r de 3 pe fiecare dintre cele 4 grupe ale competi\u021biei:<\/p>\n<table>\n<tbody>\n<tr>\n<td><strong>Grupa A<\/strong><\/td>\n<td><strong>Grupa B<\/strong><\/td>\n<td><strong>Grupa C<\/strong><\/td>\n<td><strong>Grupa D<\/strong><\/td>\n<\/tr>\n<tr>\n<td>\n<ul>\n<li>Facultatea de Arte \u0219i Design<\/li>\n<li>Facultatea de Educa\u021bie Fizic\u0103 \u0219i Sport<\/li>\n<li>Facultatea de Muzic\u0103 \u0219i Teatru<\/li>\n<\/ul>\n<\/td>\n<td>\n<ul>\n<li>Facultatea de Chimie, Biologie, Geografie<\/li>\n<li>Facultatea de Fizic\u0103<\/li>\n<li>Facultatea de Matematic\u0103 \u0219i Informatic\u0103<\/li>\n<\/ul>\n<\/td>\n<td>\n<ul>\n<li>Facultatea de Drept<\/li>\n<li>Facultatea de Economie \u0219i de Administrare a Afacerilor<\/li>\n<li>Facultatea de \u0218tiin\u021be ale Guvern\u0103rii \u0219i Comunic\u0103rii<\/li>\n<\/ul>\n<\/td>\n<td>\n<ul>\n<li>Facultatea de Litere, Istorie, Filosofie \u0219i Teologie<\/li>\n<li>Facultatea de Sociologie \u0219i Psihologie<\/li>\n<li>Departamentul pentru Preg\u0103tirea Personalului Didactic\u00a0<\/li>\n<\/ul>\n<\/td>\n<\/tr>\n<\/tbody>\n<\/table>\n<h4><strong>Participan\u021bi eligibili<\/strong><\/h4>\n<p>Sunt eligibile pentru ob\u021binerea unui grant didactic, <b>cadrele didactice<\/b> universitare \u0219i\/sau <b>cercet\u0103tori titulari<\/b> (care sus\u021bin activit\u0103\u021bi didactice) din cadrul UVT, indiferent de gradul didactic\/\u0219tiin\u021bific \u0219i\/sau vechimea \u00een munc\u0103. De asemenea, pot aplica \u00een competi\u021bie \u0219i <b>studen\u021bi doctoranzi<\/b> care sus\u021bin activit\u0103\u021bi didactice \u00een cadrul UVT. Persoanele care au beneficiat de granturi didactice \u00een primele trei edi\u021bii ale competi\u021biei (2020-2021, 2021-2022, 2022-2023) sunt eligibile, dar nu se mai pot \u00eenscrie cu acela\u0219i proiect ca \u00een edi\u021bia \u00een care au c\u00e2\u0219tigat grantul. C\u00e2\u0219tig\u0103torii de grant didactic din edi\u021bia a IV-a (2023-2024), angaja\u021bii<br \/>CDA \u0219i exper\u021bii colaboratori ai CDA angaja\u021bi \u00een proiectul <em>UVT teaching &amp; learning brand: Reflective and Collaborative Learning into action 2.2.<\/em> (CNFIS-FDI-2024-F-0091) nu sunt eligibili s\u0103 participe la aceast\u0103 edi\u021bie a programului.<\/p>\n<h4><strong>Pachetul de informa\u021bii<\/strong><\/h4>\n<p><strong><a href=\"http:\/\/cda.uvt.ro\/wp-content\/uploads\/2024\/10\/Pachet-complet-de-informat\u0326ii-Granturi-didactice-UVT-2024_2.pdf\">Pachet complet de informa\u021bii<\/a>\u00a0<\/strong><\/p>\n<p><a href=\"http:\/\/cda.uvt.ro\/wp-content\/uploads\/2024\/10\/Calendarul-ed.-IV_Granturi-Didactice-UVT-2024-2025_2.pdf\"><strong>Calendarul competi\u021biei<\/strong>\u00a0<\/a><\/p>\n<table width=\"704\">\n<tbody>\n<tr>\n<td colspan=\"6\" width=\"704\">\n<h6>C\u00e2\u0219tig\u0103torii competi\u021biei de granturi didactice interne UVT 2024<\/h6>\n<h6><em>UVT Teaching &amp; Learning Brand \u2013 Reflective cand Collaborative Learning (RCL), organizata\u0306 i\u0302n cadrul proiectului UVT Teaching &amp; Learning brand: Reflective &amp; Collaborative Learning into Action 2.2., CNFIS-FDI-2024-F-0091, septembrie-decembrie 2024<\/em><\/h6>\n<\/td>\n<\/tr>\n<tr>\n<td width=\"38\"><strong>Nr. crt.<\/strong><\/td>\n<td width=\"177\"><strong>Numele \u0219i prenumele<\/strong> beneficiarului de grant didactic<\/td>\n<td width=\"122\"><strong>Titulatura<\/strong><\/td>\n<td width=\"86\"><strong>Grupa de competi\u021bie<\/strong><\/td>\n<td width=\"163\"><strong>Facultatea<\/strong><\/td>\n<td width=\"119\"><strong>Departamentul<\/strong><\/td>\n<\/tr>\n<tr>\n<td width=\"38\">1<\/td>\n<td width=\"177\">C\u0103p\u0103\u021b\u00een\u0103 C\u0103t\u0103lina<br \/>Viorela<\/td>\n<td width=\"122\">Cadru didactic<\/td>\n<td width=\"86\">A<\/td>\n<td width=\"163\">\n<p>Facultatea de Muzic\u0103 \u0219i Teatru<\/p>\n<\/td>\n<td width=\"119\">Muzic\u0103<\/td>\n<\/tr>\n<tr>\n<td width=\"38\">2<\/td>\n<td width=\"177\">P\u0103durean Carla Cezara<\/td>\n<td width=\"122\">Cadru didactic<\/td>\n<td width=\"86\">A<\/td>\n<td width=\"163\">Facultatea de Arte \u0219i Design<\/td>\n<td width=\"119\">Design \u0219i Arte<br \/>aplicate<\/td>\n<\/tr>\n<tr>\n<td width=\"38\">3<\/td>\n<td width=\"177\">S\u00e2rbu Maria<\/td>\n<td width=\"122\">Cadru didactic<\/td>\n<td width=\"86\">A<\/td>\n<td width=\"163\">Facultatea de Arte \u0219i<br \/>Design<\/td>\n<td width=\"119\">Arte Vizuale<\/td>\n<\/tr>\n<tr>\n<td width=\"38\">4<\/td>\n<td width=\"177\">Nicorici Cristina<\/td>\n<td width=\"122\">Cadru didactic<\/td>\n<td width=\"86\">C<\/td>\n<td width=\"163\">Facultatea de Drept<\/td>\n<td width=\"119\">Drept public<\/td>\n<\/tr>\n<tr>\n<td width=\"38\">5<\/td>\n<td width=\"177\">Bu\u0219 Ioan<\/td>\n<td width=\"122\">Cadru didactic<\/td>\n<td width=\"86\">D<\/td>\n<td width=\"163\">Facultatea de Litere,<br \/>Istorie, Filosofie \u015fi<br \/>Teologiee<\/td>\n<td width=\"119\">Istorie, Teologie<br \/>\u0219i Filosofie<\/td>\n<\/tr>\n<tr>\n<td width=\"38\">6<\/td>\n<td width=\"177\">C\u0103p\u0103ln\u0103\u0219an Emina-<br \/>Mirela<\/td>\n<td width=\"122\">Cadru didactic<\/td>\n<td width=\"86\">D<\/td>\n<td width=\"163\">Facultatea de Litere,<br \/>Istorie, Filosofie \u015fi<br \/>Teologie<\/td>\n<td width=\"119\">Studii rom\u00e2ne\u0219ti<br \/>\u0219i clasice<\/td>\n<\/tr>\n<tr>\n<td width=\"38\">7<\/td>\n<td width=\"177\">C\u00e2nda Alexandru-Ioan<\/td>\n<td width=\"122\">Doctorand<\/td>\n<td width=\"86\">D<\/td>\n<td width=\"163\">Facultatea de Litere,<br \/>Istorie, Filosofie \u015fi<br \/>Teologie<\/td>\n<td width=\"119\">Istorie, Teologie<br \/>\u0219i Filosofie<\/td>\n<\/tr>\n<tr>\n<td width=\"38\">8<\/td>\n<td width=\"177\">Tranc\u0103 Loredana<br \/>Marcela<\/td>\n<td width=\"122\">Cadru didactic<\/td>\n<td width=\"86\">D<\/td>\n<td width=\"163\">Facultatea de Sociologie \u015fi Psihologie<\/td>\n<td width=\"119\">Asisten\u021b\u0103<br \/>social\u0103<\/td>\n<\/tr>\n<\/tbody>\n<\/table>\n<h4 style=\"font-family: Roboto, sans-serif; color: #7a7a7a;\">Informa\u0163ii utile:<\/h4>\n<ul style=\"font-size: 16px; background-color: #ffffff;\">\n<li>Termenul limit\u0103 de transmitere a propunerilor de proiecte este luni, <strong>25 noiembrie 2024, ora 23:59<\/strong>.<\/li>\n<li>Platforma de depunere online a aplica\u021biilor de grant va fi disponibil\u0103 de mar\u021bi <strong>1 octombrie 2024, ora 8:00.<\/strong><\/li>\n<li>Se vor lua \u00een calcul pentru analiza eligibilit\u0103\u021bii doar propunerile de proiecte care la termenul limit\u0103 se g\u0103sesc pe platforma de depunere online.\u00a0<\/li>\n<\/ul>\n<h4><strong><br \/>\u00censcrierea participan\u021bilor<\/strong><\/h4>\n<p><strong>Pentru a participa \u00een competi\u021bia de granturi, citi\u021bi<\/strong><br \/><strong>pachetul complet de informa\u021bii, desc\u0103rca\u021bi anexele<\/strong><br \/><strong>necesare aplic\u0103rii, completa\u021bi-le \u0219i apoi \u00eenc\u0103rca\u021bi<\/strong><br \/><strong>\u00eentreaga documenta\u021bie a proiectului de grant acces\u00e2nd<\/strong><br \/><strong>formularul de \u00eenscriere disponibil mai jos.<\/strong><\/p>\n<p>\t\t\t<a href=\"https:\/\/docs.google.com\/forms\/d\/e\/1FAIpQLSflQGSZTHx4G48koZd76LXRgkFCHAhIssJbsW-86nm-s3KhNQ\/viewform\" target=\"_blank\" rel=\"noopener\"><br \/>\n\t\t\t\t\t\tCompleteaz\u0103 formularul!<br \/>\n\t\t\t\t\t<\/a><\/p>\n<h4><strong>Persoan\u0103 de contact<\/strong><\/h4>\n<p>Pentru probleme tehnice legate de formularul de \u00eenscriere \u0219i\/sau pentru clarific\u0103ri legate de metodologia de concurs v\u0103 rug\u0103m sa trimite\u021bi un e-mail la adresa: <a href=\"mailto:cda@e-uvt.ro\">cda@e-uvt.ro<\/a><\/p>\n<p><a href=\"http:\/\/cda.uvt.ro\/wp-content\/uploads\/2024\/09\/Anexa-1.-Cerere-de-i\u0302nscriere_2024.docx\">Anexa 1. Cererea de \u00eenscriere<\/a><\/p>\n<p><a href=\"http:\/\/cda.uvt.ro\/wp-content\/uploads\/2024\/09\/Anexa-2.-Grila\u0306-de-evaluare-a-proiectului-didactic.docx\">Anexa 2. Grila de evaluare a proiectului didactic<\/a><\/p>\n<p><a href=\"http:\/\/cda.uvt.ro\/wp-content\/uploads\/2024\/09\/Anexa-3.-Formatul-proiectului-didactic.docx\">Anexa 3. Formatul proiectului didactic<\/a><\/p>\n<p><a href=\"http:\/\/cda.uvt.ro\/wp-content\/uploads\/2024\/09\/Anexa-4.-Declarat\u0326ie-puncte-formare-CDA_2024.docx\">Anexa 4. Declara\u021bie acumulare puncte de formare CDA<\/a><\/p>\n<p><a href=\"http:\/\/cda.uvt.ro\/wp-content\/uploads\/2024\/09\/Anexa-5.-Acord-privind-utilizarea-datelor_2024.docx\">Anexa 5. Acord privind utilizarea datelor personale<\/a><\/p>\n<p><a href=\"http:\/\/cda.uvt.ro\/wp-content\/uploads\/2024\/09\/Anexa-6.-Declarat\u0326ie-castigatori-grant-didactic-din-editiile-I-III_2024.docx\">Anexa 6. Declara\u021bie pe propria r\u0103spundere privind \u00eenscrierea \u00een competi\u021bie curent\u0103 cu un alt proiect dec\u00e2t cel pe baza c\u0103ruia a fost c\u00e2\u0219tigat anterior un grant didactic UVT<\/a><\/p>\n<p><strong>Not\u0103: Anexa 6<\/strong> trebuie completat\u0103 doar de c\u0103tre cadrele didactice care au c\u00e2\u0219tigat un grant didactic \u00eentr-una dintre primele trei edi\u021bii ale competi\u021biei<\/p>\n<p><a href=\"http:\/\/cda.uvt.ro\/wp-content\/uploads\/2024\/09\/Anexa-0.-Lista-activitatilor-CDA-PF-CDA-1.pdf\">Anexa 0. Lista activit\u0103\u021bilor CDA<\/a><\/p>\n","protected":false},"excerpt":{"rendered":"<p>Granturi didactice 2024 (edi\u021bia a V-a) Scopul\u00a0 Granturile didactice UVT sunt menite s\u0103 stimuleze implementarea modelului reflexiv-colaborativ de instruire (RCL) \u00een r\u00e2ndul activit\u0103\u021bilor didactice desf\u0103\u0219urate \u00een cadrul programelor de studii ofertate de UVT. Informa\u021bii generale Competi\u021bia de granturi didactice este finan\u021bat\u0103 prin proiectul UVT-teaching &amp; learning brand: Reflective &amp; Collaborative Learning into action 2.2. (CNFIS-FDI-2024-F-0091). [&hellip;]<\/p>\n","protected":false},"author":1,"featured_media":0,"parent":0,"menu_order":0,"comment_status":"closed","ping_status":"closed","template":"","meta":{"_acf_changed":false,"footnotes":""},"class_list":["post-4460","page","type-page","status-publish","hentry"],"acf":[],"_links":{"self":[{"href":"http:\/\/cda.uvt.ro\/it\/wp-json\/wp\/v2\/pages\/4460","targetHints":{"allow":["GET"]}}],"collection":[{"href":"http:\/\/cda.uvt.ro\/it\/wp-json\/wp\/v2\/pages"}],"about":[{"href":"http:\/\/cda.uvt.ro\/it\/wp-json\/wp\/v2\/types\/page"}],"author":[{"embeddable":true,"href":"http:\/\/cda.uvt.ro\/it\/wp-json\/wp\/v2\/users\/1"}],"replies":[{"embeddable":true,"href":"http:\/\/cda.uvt.ro\/it\/wp-json\/wp\/v2\/comments?post=4460"}],"version-history":[{"count":1,"href":"http:\/\/cda.uvt.ro\/it\/wp-json\/wp\/v2\/pages\/4460\/revisions"}],"predecessor-version":[{"id":4472,"href":"http:\/\/cda.uvt.ro\/it\/wp-json\/wp\/v2\/pages\/4460\/revisions\/4472"}],"wp:attachment":[{"href":"http:\/\/cda.uvt.ro\/it\/wp-json\/wp\/v2\/media?parent=4460"}],"curies":[{"name":"wp","href":"https:\/\/api.w.org\/{rel}","templated":true}]}}