{"id":4435,"date":"2022-12-06T16:23:09","date_gmt":"2022-12-06T13:23:09","guid":{"rendered":"http:\/\/cda.uvt.ro\/granturi-didactice-2022\/"},"modified":"2025-11-25T15:01:15","modified_gmt":"2025-11-25T12:01:15","slug":"granturi-didactice-2022","status":"publish","type":"page","link":"http:\/\/cda.uvt.ro\/it\/granturi-didactice-2022\/","title":{"rendered":"Granturi didactice 2022"},"content":{"rendered":"\t\t<div data-elementor-type=\"wp-page\" data-elementor-id=\"4435\" class=\"elementor elementor-4435 elementor-393\" data-elementor-post-type=\"page\">\n\t\t\t\t\t\t<section class=\"elementor-section elementor-top-section elementor-element elementor-element-6b31947 elementor-section-boxed elementor-section-height-default elementor-section-height-default\" data-id=\"6b31947\" data-element_type=\"section\">\n\t\t\t\t\t\t<div class=\"elementor-container elementor-column-gap-default\">\n\t\t\t\t\t<div class=\"elementor-column elementor-col-100 elementor-top-column elementor-element elementor-element-fadfcf7\" data-id=\"fadfcf7\" data-element_type=\"column\">\n\t\t\t<div class=\"elementor-widget-wrap elementor-element-populated\">\n\t\t\t\t\t\t<div class=\"elementor-element elementor-element-0cb0fd3 elementor-widget elementor-widget-heading\" data-id=\"0cb0fd3\" data-element_type=\"widget\" data-widget_type=\"heading.default\">\n\t\t\t\t<div class=\"elementor-widget-container\">\n\t\t\t\t\t<h2 class=\"elementor-heading-title elementor-size-default\">Sovvenzioni didattiche 2022<\/h2>\t\t\t\t<\/div>\n\t\t\t\t<\/div>\n\t\t\t\t<div class=\"elementor-element elementor-element-b3c0a28 elementor-widget-divider--view-line elementor-widget elementor-widget-divider\" data-id=\"b3c0a28\" data-element_type=\"widget\" data-widget_type=\"divider.default\">\n\t\t\t\t<div class=\"elementor-widget-container\">\n\t\t\t\t\t\t\t<div class=\"elementor-divider\">\n\t\t\t<span class=\"elementor-divider-separator\">\n\t\t\t\t\t\t<\/span>\n\t\t<\/div>\n\t\t\t\t\t\t<\/div>\n\t\t\t\t<\/div>\n\t\t\t\t\t<\/div>\n\t\t<\/div>\n\t\t\t\t\t<\/div>\n\t\t<\/section>\n\t\t\t\t<section class=\"elementor-section elementor-top-section elementor-element elementor-element-44f9299 elementor-section-boxed elementor-section-height-default elementor-section-height-default\" data-id=\"44f9299\" data-element_type=\"section\" data-settings=\"{&quot;background_background&quot;:&quot;classic&quot;}\">\n\t\t\t\t\t\t<div class=\"elementor-container elementor-column-gap-default\">\n\t\t\t\t\t<div class=\"elementor-column elementor-col-50 elementor-top-column elementor-element elementor-element-45b9f98\" data-id=\"45b9f98\" data-element_type=\"column\" data-settings=\"{&quot;background_background&quot;:&quot;classic&quot;}\">\n\t\t\t<div class=\"elementor-widget-wrap elementor-element-populated\">\n\t\t\t\t\t\t<div class=\"elementor-element elementor-element-e474be1 elementor-widget elementor-widget-text-editor\" data-id=\"e474be1\" data-element_type=\"widget\" data-widget_type=\"text-editor.default\">\n\t\t\t\t<div class=\"elementor-widget-container\">\n\t\t\t\t\t\t\t\t\t<p><strong>Obiettivo<\/strong><\/p><p>Le borse di studio didattiche UVT hanno lo scopo di stimolare l&#8217;implementazione del modello di insegnamento riflessivo-collaborativo (RCL) nelle attivit\u00e0 didattiche svolte nell&#8217;ambito dei programmi di studio offerti dall&#8217;UVT.<\/p><p><strong>Struttura del concorso<\/strong><\/p><p>Il concorso per le borse di studio didattiche \u00e8 finanziato dal progetto UVT teaching &amp; learning brand: Reflective &amp; Collaborative Learning into action 2.0. (CNFIS-FDI-2022-0489).<\/p><p>Il valore totale di una borsa di studio didattica \u00e8 di 5.000 RON. Il concorso assegna un totale di 12 borse di studio didattiche, distribuite in numero di 3 per ciascuno dei 4 gruppi del concorso:<\/p><p>\u00a0<\/p>\t\t\t\t\t\t\t\t<\/div>\n\t\t\t\t<\/div>\n\t\t\t\t<div class=\"elementor-element elementor-element-dd78b0f elementor-widget elementor-widget-text-editor\" data-id=\"dd78b0f\" data-element_type=\"widget\" data-widget_type=\"text-editor.default\">\n\t\t\t\t<div class=\"elementor-widget-container\">\n\t\t\t\t\t\t\t\t\t<table>\n<tbody>\n<tr>\n<td><strong>Gruppo A<\/strong><\/td>\n<td><strong>Gruppo B<\/strong><\/td>\n<td><strong>Gruppo C<\/strong><\/td>\n<td><strong>Gruppo D<\/strong><\/td>\n<\/tr>\n<tr>\n<td>\n<ul>\n    <li>Facolt\u00e0 di Arti e Design<\/li>\n    <li>Facolt\u00e0 di Educazione Fisica e Sport<\/li>\n    <li>Facolt\u00e0 di Musica e Teatro<\/li>\n<\/ul>\n<\/td>\n<td>\n<ul>\n    <li>Facolt\u00e0 di Chimica, Biologia e Geografia<\/li>\n    <li>Facolt\u00e0 di Fisica<\/li>\n    <li>Facolt\u00e0 di Matematica e Informatica<\/li>\n<\/ul>\n<\/td>\n<td>\n<ul>\n    <li>Facolt\u00e0 di Giurisprudenza<\/li>\n    <li>Facolt\u00e0 di Economia e Amministrazione delle Aziende<\/li>\n    <li>Facolt\u00e0 di Scienze Politiche, Filosofia e Scienze della Comunicazione<\/li>\n<\/ul>\n<\/td>\n<td>\n<ul>\n    <li>Facolt\u00e0 di Lettere, Storia e Teologia<\/li>\n    <li>Facolt\u00e0 di Sociologia e Psicologia<\/li>\n    <li>Dipartimento per la Formazione del Personale Docente<\/li>\n<\/ul>\n<\/td>\n<\/tr>\n<\/tbody>\n<\/table>\n\t\t\t\t\t\t\t\t<\/div>\n\t\t\t\t<\/div>\n\t\t\t\t<div class=\"elementor-element elementor-element-d90967c elementor-widget elementor-widget-text-editor\" data-id=\"d90967c\" data-element_type=\"widget\" data-widget_type=\"text-editor.default\">\n\t\t\t\t<div class=\"elementor-widget-container\">\n\t\t\t\t\t\t\t\t\t<div id=\"panel-2254-0-0-0\" class=\"so-panel widget widget_sow-editor panel-first-child widgetopts-SO\" data-index=\"0\"><div class=\"so-widget-sow-editor so-widget-sow-editor-base\"><div class=\"siteorigin-widget-tinymce textwidget\"><p><strong>Partecipanti idonei<\/strong><\/p><p>Sono idonei a ottenere una borsa di studio per l&#8217;insegnamento i docenti universitari e\/o i ricercatori titolari (che svolgono attivit\u00e0 didattiche) dell&#8217;UVT, indipendentemente dal grado didattico\/scientifico e\/o dall&#8217;anzianit\u00e0 di servizio. Possono inoltre partecipare al concorso anche i dottorandi che svolgono attivit\u00e0 didattiche presso l&#8217;UVT. Sono ammesse le persone che hanno beneficiato di borse di studio didattiche nelle edizioni precedenti (2020, 2021). I dipendenti del CDA e gli esperti collaboratori del CDA impiegati nel progetto UVT teaching &amp; learning brand: Reflective and Collaborative Learning into action 2.0. (CNFIS-FDI-2022-0489) non sono ammessi a partecipare a questa edizione del programma.<\/p><p><strong>Pacchetto informativo<\/strong><\/p><p><a href=\"http:\/\/cda.uvt.ro\/wp-content\/uploads\/2022\/12\/Pachet-complet-de-informatii-Granturi-didactice-UVT-2022.pdf\">Pacchetto informativo completo<\/a><\/p><p><a href=\"http:\/\/cda.uvt.ro\/wp-content\/uploads\/2022\/12\/Pachet-complet-de-informatii-Granturi-didactice-UVT-2022.pdf\">Calendario del concorso<\/a><\/p><\/div><\/div><\/div>\t\t\t\t\t\t\t\t<\/div>\n\t\t\t\t<\/div>\n\t\t\t\t<div class=\"elementor-element elementor-element-d757fa5 elementor-widget elementor-widget-text-editor\" data-id=\"d757fa5\" data-element_type=\"widget\" data-widget_type=\"text-editor.default\">\n\t\t\t\t<div class=\"elementor-widget-container\">\n\t\t\t\t\t\t\t\t\t<table width=\"0\">\n<tbody>\n<tr>\n<td colspan=\"6\" width=\"704\">\n<h6 style=\"text-align: center;\"><span style=\"color: #000000;\"><strong>Vincitori della competizione dei grant didattici interni UVT 2022<\/strong><\/span><\/h6>\n<h6 style=\"text-align: center;\"><span style=\"color: #000000;\"><em>UVT Teaching &amp; Learning Brand \u2013 Reflective and Collaborative Learning (RCL)<\/em>, organizzata nell\u2019ambito del progetto <em>UVT Teaching &amp; Learning brand: Reflective &amp; Collaborative Learning into Action 2.0.<\/em>, CNFIS-FDI-2022-0489, <em>settembre\u2013dicembre 2022<\/em><\/span><\/h6>\n<\/td>\n<\/tr>\n<tr>\n<td width=\"38\"><span style=\"color: #000000;\"><strong>Nr. crt.<\/strong><\/span><\/td>\n<td width=\"177\"><span style=\"color: #000000;\"><strong>Nome e cognome<\/strong> del beneficiario del grant didattico<\/span><\/td>\n<td width=\"122\"><span style=\"color: #000000;\"><strong>Titolo<\/strong><\/span><\/td>\n<td width=\"86\"><span style=\"color: #000000;\"><strong>Gruppo di competizione<\/strong><\/span><\/td>\n<td width=\"163\"><span style=\"color: #000000;\"><strong>Facolt\u00e0<\/strong><\/span><\/td>\n<td width=\"119\"><span style=\"color: #000000;\"><strong>Dipartimento<\/strong><\/span><\/td>\n<\/tr>\n<tr>\n<td width=\"38\"><span style=\"color: #000000;\">1<\/span><\/td>\n<td width=\"177\"><span style=\"color: #000000;\">C\u0102P\u0102\u021a\u00ceN\u0102 C\u0103t\u0103lina Viorela<\/span><\/td>\n<td width=\"122\"><span style=\"color: #000000;\">Dottoranda<\/span><\/td>\n<td width=\"86\"><span style=\"color: #000000;\">A<\/span><\/td>\n<td width=\"163\"><span style=\"color: #000000;\">Facolt\u00e0 di Musica e Teatro<\/span><\/td>\n<td width=\"119\"><span style=\"color: #000000;\">Musica<\/span><\/td>\n<\/tr>\n<tr>\n<td width=\"38\"><span style=\"color: #000000;\">2<\/span><\/td>\n<td width=\"177\"><span style=\"color: #000000;\">CHIRA Sandra Celia<\/span><\/td>\n<td width=\"122\"><span style=\"color: #000000;\">Docente<\/span><\/td>\n<td width=\"86\"><span style=\"color: #000000;\">A<\/span><\/td>\n<td width=\"163\"><span style=\"color: #000000;\">Facolt\u00e0 di Arti e Design<\/span><\/td>\n<td width=\"119\"><span style=\"color: #000000;\">Design e arti applicate<\/span><\/td>\n<\/tr>\n<tr>\n<td width=\"38\"><span style=\"color: #000000;\">3<\/span><\/td>\n<td width=\"177\"><span style=\"color: #000000;\">IUGA Ioana Mia<\/span><\/td>\n<td width=\"122\"><span style=\"color: #000000;\">Docente<\/span><\/td>\n<td width=\"86\"><span style=\"color: #000000;\">A<\/span><\/td>\n<td width=\"163\"><span style=\"color: #000000;\">Facolt\u00e0 di Musica e Teatro<\/span><\/td>\n<td width=\"119\"><span style=\"color: #000000;\">Musica\u2013Recitazione<\/span><\/td>\n<\/tr>\n<tr>\n<td width=\"38\"><span style=\"color: #000000;\">4<\/span><\/td>\n<td width=\"177\"><span style=\"color: #000000;\">P\u0102DUREAN Carla Cezara<\/span><\/td>\n<td width=\"122\"><span style=\"color: #000000;\">Ricercatrice<\/span><\/td>\n<td width=\"86\"><span style=\"color: #000000;\">A<\/span><\/td>\n<td width=\"163\"><span style=\"color: #000000;\">Facolt\u00e0 di Arti e Design<\/span><\/td>\n<td width=\"119\"><span style=\"color: #000000;\">Arti visive<\/span><\/td>\n<\/tr>\n<tr>\n<td width=\"38\"><span style=\"color: #000000;\">5<\/span><\/td>\n<td width=\"177\"><span style=\"color: #000000;\">TOMA Iulia-Magdalena<\/span><\/td>\n<td width=\"122\"><span style=\"color: #000000;\">Ricercatrice<\/span><\/td>\n<td width=\"86\"><span style=\"color: #000000;\">A<\/span><\/td>\n<td width=\"163\"><span style=\"color: #000000;\">Facolt\u00e0 di Musica e Teatro<\/span><\/td>\n<td width=\"119\"><span style=\"color: #000000;\">Musica<\/span><\/td>\n<\/tr>\n<tr>\n<td width=\"38\"><span style=\"color: #000000;\">6<\/span><\/td>\n<td width=\"177\"><span style=\"color: #000000;\">NICORICI Cristina<\/span><\/td>\n<td width=\"122\"><span style=\"color: #000000;\">Ricercatrice<\/span><\/td>\n<td width=\"86\"><span style=\"color: #000000;\">C<\/span><\/td>\n<td width=\"163\"><span style=\"color: #000000;\">Facolt\u00e0 di Giurisprudenza<\/span><\/td>\n<td width=\"119\"><span style=\"color: #000000;\">Diritto pubblico<\/span><\/td>\n<\/tr>\n<tr>\n<td width=\"38\"><span style=\"color: #000000;\">7<\/span><\/td>\n<td width=\"177\"><span style=\"color: #000000;\">VLAICU Adriana<\/span><\/td>\n<td width=\"122\"><span style=\"color: #000000;\">Dottoranda<\/span><\/td>\n<td width=\"86\"><span style=\"color: #000000;\">C<\/span><\/td>\n<td width=\"163\"><span style=\"color: #000000;\">Facolt\u00e0 di Scienze Politiche, Filosofia e Scienze della Comunicazione<\/span><\/td>\n<td width=\"119\"><span style=\"color: #000000;\">Filosofia e Scienze della comunicazione<\/span><\/td>\n<\/tr>\n<tr>\n<td width=\"38\"><span style=\"color: #000000;\">8<\/span><\/td>\n<td width=\"177\"><span style=\"color: #000000;\">BANADUC Ioana Loredana<\/span><\/td>\n<td width=\"122\"><span style=\"color: #000000;\">Docente<\/span><\/td>\n<td width=\"86\"><span style=\"color: #000000;\">D<\/span><\/td>\n<td width=\"163\"><span style=\"color: #000000;\">Dipartimento per la Formazione del Personale Docente<\/span><\/td>\n<td width=\"119\"><span style=\"color: #000000;\">DPPD<\/span><\/td>\n<\/tr>\n<tr>\n<td width=\"38\"><span style=\"color: #000000;\">9<\/span><\/td>\n<td width=\"177\"><span style=\"color: #000000;\">CRA\u0218OVAN Elena-Livia<\/span><\/td>\n<td width=\"122\"><span style=\"color: #000000;\">Docente<\/span><\/td>\n<td width=\"86\"><span style=\"color: #000000;\">D<\/span><\/td>\n<td width=\"163\"><span style=\"color: #000000;\">Facolt\u00e0 di Lettere, Storia e Teologia<\/span><\/td>\n<td width=\"119\"><span style=\"color: #000000;\">Studi romeni<\/span><\/td>\n<\/tr>\n<tr>\n<td width=\"38\"><span style=\"color: #000000;\">10<\/span><\/td>\n<td width=\"177\"><span style=\"color: #000000;\">ONI\u021aIU Atalia<\/span><\/td>\n<td width=\"122\"><span style=\"color: #000000;\">Docente<\/span><\/td>\n<td width=\"86\"><span style=\"color: #000000;\">D<\/span><\/td>\n<td width=\"163\"><span style=\"color: #000000;\">Facolt\u00e0 di Sociologia e Psicologia<\/span><\/td>\n<td width=\"119\"><span style=\"color: #000000;\">Sociologia<\/span><\/td>\n<\/tr>\n<tr>\n<td width=\"38\"><span style=\"color: #000000;\">11<\/span><\/td>\n<td width=\"177\"><span style=\"color: #000000;\">ROGOBETE Roxana-S\u00eenziana<\/span><\/td>\n<td width=\"122\"><span style=\"color: #000000;\">Docente<\/span><\/td>\n<td width=\"86\"><span style=\"color: #000000;\">D<\/span><\/td>\n<td width=\"163\"><span style=\"color: #000000;\">Facolt\u00e0 di Lettere, Storia e Teologia<\/span><\/td>\n<td width=\"119\"><span style=\"color: #000000;\">Studi romeni<\/span><\/td>\n<\/tr>\n<tr>\n<td width=\"38\"><span style=\"color: #000000;\">12<\/span><\/td>\n<td width=\"177\"><span style=\"color: #000000;\">SICOE Cristina-Raluca<\/span><\/td>\n<td width=\"122\"><span style=\"color: #000000;\">Docente<\/span><\/td>\n<td width=\"86\"><span style=\"color: #000000;\">D<\/span><\/td>\n<td width=\"163\"><span style=\"color: #000000;\">Facolt\u00e0 di Lettere, Storia e Teologia<\/span><\/td>\n<td width=\"119\"><span style=\"color: #000000;\">Studi romeni<\/span><\/td>\n<\/tr>\n<tr>\n<td width=\"38\"><span style=\"color: #000000;\">13<\/span><\/td>\n<td width=\"177\"><span style=\"color: #000000;\">TRANC\u0102 Loredana-Marcela<\/span><\/td>\n<td width=\"122\"><span style=\"color: #000000;\">Docente<\/span><\/td>\n<td width=\"86\"><span style=\"color: #000000;\">D<\/span><\/td>\n<td width=\"163\"><span style=\"color: #000000;\">Facolt\u00e0 di Sociologia e Psicologia<\/span><\/td>\n<td width=\"119\"><span style=\"color: #000000;\">Assistenza sociale<\/span><\/td>\n<\/tr>\n<\/tbody>\n<\/table>\n\t\t\t\t\t\t\t\t<\/div>\n\t\t\t\t<\/div>\n\t\t\t\t\t<\/div>\n\t\t<\/div>\n\t\t\t\t<div class=\"elementor-column elementor-col-50 elementor-top-column elementor-element elementor-element-6630337\" data-id=\"6630337\" data-element_type=\"column\" data-settings=\"{&quot;background_background&quot;:&quot;classic&quot;}\">\n\t\t\t<div class=\"elementor-widget-wrap elementor-element-populated\">\n\t\t\t\t\t\t<div class=\"elementor-element elementor-element-69e1daf elementor-widget elementor-widget-text-editor\" data-id=\"69e1daf\" data-element_type=\"widget\" data-widget_type=\"text-editor.default\">\n\t\t\t\t<div class=\"elementor-widget-container\">\n\t\t\t\t\t\t\t\t\t<p><strong>Informazioni utili:<\/strong><\/p><ul><li>Il termine ultimo per la presentazione delle proposte di progetto \u00e8 l&#8217;11 dicembre 2022, alle ore 23:59.<\/li><li>La piattaforma per la presentazione online delle domande di sovvenzione sar\u00e0 disponibile a partire dal 28 novembre 2022, alle ore 12:00.<\/li><li>Ai fini dell&#8217;analisi dell&#8217;ammissibilit\u00e0 saranno prese in considerazione solo le proposte di progetto che alla scadenza si trovano sulla piattaforma di presentazione online.<\/li><\/ul><p><strong>Iscrizione dei partecipanti<\/strong><\/p><p>Per partecipare al concorso per l&#8217;assegnazione delle sovvenzioni, leggere il pacchetto informativo completo, scaricare gli allegati necessari per la candidatura, compilarli e quindi caricare tutta la documentazione relativa al progetto di sovvenzione accedendo al modulo di iscrizione disponibile qui sotto.<\/p><p>\u00a0<\/p>\t\t\t\t\t\t\t\t<\/div>\n\t\t\t\t<\/div>\n\t\t\t\t<div class=\"elementor-element elementor-element-3d5b066 elementor-align-left elementor-widget elementor-widget-button\" data-id=\"3d5b066\" data-element_type=\"widget\" data-widget_type=\"button.default\">\n\t\t\t\t<div class=\"elementor-widget-container\">\n\t\t\t\t\t\t\t\t\t<div class=\"elementor-button-wrapper\">\n\t\t\t\t\t<a class=\"elementor-button elementor-button-link elementor-size-sm\" href=\"https:\/\/forms.gle\/YUeEGefkqbQN8zJi9\" target=\"_blank\">\n\t\t\t\t\t\t<span class=\"elementor-button-content-wrapper\">\n\t\t\t\t\t\t\t\t\t<span class=\"elementor-button-text\">Compila il modulo!<\/span>\n\t\t\t\t\t<\/span>\n\t\t\t\t\t<\/a>\n\t\t\t\t<\/div>\n\t\t\t\t\t\t\t\t<\/div>\n\t\t\t\t<\/div>\n\t\t\t\t<div class=\"elementor-element elementor-element-dcfa511 elementor-widget elementor-widget-text-editor\" data-id=\"dcfa511\" data-element_type=\"widget\" data-widget_type=\"text-editor.default\">\n\t\t\t\t<div class=\"elementor-widget-container\">\n\t\t\t\t\t\t\t\t\t<p><strong>Persona di contatto<\/strong><\/p><p>Per problemi tecnici relativi al modulo di iscrizione e\/o per chiarimenti relativi alla metodologia del concorso, inviare un&#8217;e-mail all&#8217;indirizzo: <a href=\"mailto:cda@e-uvt.ro\">cda@e-uvt.ro<\/a><\/p><p><a href=\"http:\/\/cda.uvt.ro\/wp-content\/uploads\/2022\/12\/Anexa-1.-Cerere-de-inscriere.docx\">Allegato 1. Domanda di iscrizione<\/a><\/p><p><a href=\"http:\/\/cda.uvt.ro\/wp-content\/uploads\/2022\/12\/Anexa-1.-Cerere-de-inscriere.docx\">Allegato 2. Griglia di valutazione del progetto didattico<\/a><\/p><p><a href=\"http:\/\/cda.uvt.ro\/wp-content\/uploads\/2022\/12\/Anexa-1.-Cerere-de-inscriere.docx\">Allegato 3. Formato del progetto didattico<\/a><\/p><p><a href=\"http:\/\/cda.uvt.ro\/wp-content\/uploads\/2022\/12\/Anexa-1.-Cerere-de-inscriere.docx\">Allegato 4. Dichiarazione di accumulo punti di formazione CDA<\/a><\/p><p><a href=\"http:\/\/cda.uvt.ro\/wp-content\/uploads\/2022\/12\/Anexa-1.-Cerere-de-inscriere.docx\">Allegato 5. Accordo sull&#8217;utilizzo dei dati personali<\/a><\/p><p><a href=\"http:\/\/cda.uvt.ro\/wp-content\/uploads\/2022\/12\/Anexa-1.-Cerere-de-inscriere.docx\">Allegato 0. Elenco delle attivit\u00e0 CDA<\/a><\/p>\t\t\t\t\t\t\t\t<\/div>\n\t\t\t\t<\/div>\n\t\t\t\t\t<\/div>\n\t\t<\/div>\n\t\t\t\t\t<\/div>\n\t\t<\/section>\n\t\t\t\t<\/div>\n\t\t","protected":false},"excerpt":{"rendered":"<p>Sovvenzioni didattiche 2022 Obiettivo Le borse di studio didattiche UVT hanno lo scopo di stimolare l&#8217;implementazione del modello di insegnamento riflessivo-collaborativo (RCL) nelle attivit\u00e0 didattiche svolte nell&#8217;ambito dei programmi di studio offerti dall&#8217;UVT. Struttura del concorso Il concorso per le borse di studio didattiche \u00e8 finanziato dal progetto UVT teaching &amp; learning brand: Reflective &amp; [&hellip;]<\/p>\n","protected":false},"author":1,"featured_media":0,"parent":0,"menu_order":0,"comment_status":"closed","ping_status":"closed","template":"","meta":{"_acf_changed":false,"footnotes":""},"class_list":["post-4435","page","type-page","status-publish","hentry"],"acf":[],"_links":{"self":[{"href":"http:\/\/cda.uvt.ro\/it\/wp-json\/wp\/v2\/pages\/4435","targetHints":{"allow":["GET"]}}],"collection":[{"href":"http:\/\/cda.uvt.ro\/it\/wp-json\/wp\/v2\/pages"}],"about":[{"href":"http:\/\/cda.uvt.ro\/it\/wp-json\/wp\/v2\/types\/page"}],"author":[{"embeddable":true,"href":"http:\/\/cda.uvt.ro\/it\/wp-json\/wp\/v2\/users\/1"}],"replies":[{"embeddable":true,"href":"http:\/\/cda.uvt.ro\/it\/wp-json\/wp\/v2\/comments?post=4435"}],"version-history":[{"count":3,"href":"http:\/\/cda.uvt.ro\/it\/wp-json\/wp\/v2\/pages\/4435\/revisions"}],"predecessor-version":[{"id":4440,"href":"http:\/\/cda.uvt.ro\/it\/wp-json\/wp\/v2\/pages\/4435\/revisions\/4440"}],"wp:attachment":[{"href":"http:\/\/cda.uvt.ro\/it\/wp-json\/wp\/v2\/media?parent=4435"}],"curies":[{"name":"wp","href":"https:\/\/api.w.org\/{rel}","templated":true}]}}