{"id":4396,"date":"2025-03-03T14:33:19","date_gmt":"2025-03-03T11:33:19","guid":{"rendered":"http:\/\/cda.uvt.ro\/home\/granturi-didactice-2025-2\/"},"modified":"2025-11-25T14:36:47","modified_gmt":"2025-11-25T11:36:47","slug":"granturi-didactice-2025","status":"publish","type":"page","link":"http:\/\/cda.uvt.ro\/it\/granturi-didactice-2025\/","title":{"rendered":"Granturi didactice 2025"},"content":{"rendered":"\t\t<div data-elementor-type=\"wp-page\" data-elementor-id=\"4396\" class=\"elementor elementor-4396\" data-elementor-post-type=\"page\">\n\t\t\t\t\t\t<section class=\"elementor-section elementor-top-section elementor-element elementor-element-1a665b3e elementor-section-boxed elementor-section-height-default elementor-section-height-default\" data-id=\"1a665b3e\" data-element_type=\"section\">\n\t\t\t\t\t\t<div class=\"elementor-container elementor-column-gap-default\">\n\t\t\t\t\t<div class=\"elementor-column elementor-col-100 elementor-top-column elementor-element elementor-element-1e9c826d\" data-id=\"1e9c826d\" data-element_type=\"column\">\n\t\t\t<div class=\"elementor-widget-wrap elementor-element-populated\">\n\t\t\t\t\t\t<div class=\"elementor-element elementor-element-7193664a elementor-widget elementor-widget-text-editor\" data-id=\"7193664a\" data-element_type=\"widget\" data-widget_type=\"text-editor.default\">\n\t\t\t\t<div class=\"elementor-widget-container\">\n\t\t\t\t\t\t\t\t\t<h2>Granturi didactice 2025 (edi\u021bia a VI-a)<\/h2><table><tbody><tr><td><strong>Grupa A<\/strong><\/td><td><strong>Grupa B<\/strong><\/td><td><strong>Grupa C<\/strong><\/td><td><strong>Grupa D<\/strong><\/td><\/tr><tr><td><ul><li>Facultatea de Arte \u0219i Design<\/li><li>Facultatea de Educa\u021bie Fizic\u0103 \u0219i Sport<\/li><li>Facultatea de Muzic\u0103 \u0219i Teatru<\/li><\/ul><\/td><td><ul><li>Facultatea de Chimie, Biologie, Geografie<\/li><li>Facultatea\u00a0de\u00a0Fizic\u0103 \u0219i Matematic\u0103<\/li><li>Facultatea de Informatic\u0103<\/li><\/ul><\/td><td><ul><li>Facultatea de Drept<\/li><li>Facultatea de Economie \u0219i de Administrare a Afacerilor<\/li><li>Facultatea de \u0218tiin\u021be ale Guvern\u0103rii \u0219i Comunic\u0103rii<\/li><\/ul><\/td><td><ul><li>Facultatea de Litere, Istorie, Filosofie \u0219i Teologie<\/li><li>Facultatea\u00a0de\u00a0Psihologie \u0219i \u0218tiin\u021be ale Educa\u021biei<\/li><li>Facultatea de Sociologie \u0219i Asisten\u021b\u0103 Social\u0103<\/li><\/ul><\/td><\/tr><\/tbody><\/table><h4><strong>Pachetul de informa\u021bii<\/strong><\/h4><p><strong><a href=\"http:\/\/cda.uvt.ro\/wp-content\/uploads\/2025\/11\/Pachet-complet-de-informat\u0326ii-Granturi-didactice-UVT-2025__.pdf\">Pachet complet de informa\u021bii<\/a>\u00a0<\/strong><\/p><p><a href=\"http:\/\/cda.uvt.ro\/wp-content\/uploads\/2025\/11\/Calendarul-ed.-IV_Granturi-Didactice-UVT-2025-2026__.pdf\"><strong>Calendarul competi<\/strong><strong>\u021biei<\/strong><\/a>\u00a0<\/p><table width=\"704\"><tbody><tr><td colspan=\"6\" width=\"704\"><h6>C\u00e2\u0219tig\u0103torii competi\u021biei de granturi didactice interne UVT 2024<\/h6><h6><em>UVT Teaching &amp; Learning Brand \u2013 Reflective cand Collaborative Learning (RCL), organizata\u0306 i\u0302n cadrul proiectului UVT Teaching &amp; Learning brand: Reflective &amp; Collaborative Learning into Action 2.2., CNFIS-FDI-2024-F-0091, septembrie-decembrie 2024<\/em><\/h6><\/td><\/tr><tr><td width=\"38\"><strong>Nr. crt.<\/strong><\/td><td width=\"177\"><strong>Numele \u0219i prenumele<\/strong> beneficiarului de grant didactic<\/td><td width=\"122\"><strong>Titulatura<\/strong><\/td><td width=\"86\"><strong>Grupa de competi\u021bie<\/strong><\/td><td width=\"163\"><strong>Facultatea<\/strong><\/td><td width=\"119\"><strong>Departamentul<\/strong><\/td><\/tr><tr><td width=\"38\">1<\/td><td width=\"177\">C\u0103p\u0103\u021b\u00een\u0103 C\u0103t\u0103lina<br \/>Viorela<\/td><td width=\"122\">Cadru didactic<\/td><td width=\"86\">A<\/td><td width=\"163\"><p>Facultatea de Muzic\u0103 \u0219i Teatru<\/p><\/td><td width=\"119\">Muzic\u0103<\/td><\/tr><tr><td width=\"38\">2<\/td><td width=\"177\">P\u0103durean Carla Cezara<\/td><td width=\"122\">Cadru didactic<\/td><td width=\"86\">A<\/td><td width=\"163\">Facultatea de Arte \u0219i Design<\/td><td width=\"119\">Design \u0219i Arte<br \/>aplicate<\/td><\/tr><tr><td width=\"38\">3<\/td><td width=\"177\">S\u00e2rbu Maria<\/td><td width=\"122\">Cadru didactic<\/td><td width=\"86\">A<\/td><td width=\"163\">Facultatea de Arte \u0219i<br \/>Design<\/td><td width=\"119\">Arte Vizuale<\/td><\/tr><tr><td width=\"38\">4<\/td><td width=\"177\">Nicorici Cristina<\/td><td width=\"122\">Cadru didactic<\/td><td width=\"86\">C<\/td><td width=\"163\">Facultatea de Drept<\/td><td width=\"119\">Drept public<\/td><\/tr><tr><td width=\"38\">5<\/td><td width=\"177\">Bu\u0219 Ioan<\/td><td width=\"122\">Cadru didactic<\/td><td width=\"86\">D<\/td><td width=\"163\">Facultatea de Litere,<br \/>Istorie, Filosofie \u015fi<br \/>Teologiee<\/td><td width=\"119\">Istorie, Teologie<br \/>\u0219i Filosofie<\/td><\/tr><tr><td width=\"38\">6<\/td><td width=\"177\">C\u0103p\u0103ln\u0103\u0219an Emina-<br \/>Mirela<\/td><td width=\"122\">Cadru didactic<\/td><td width=\"86\">D<\/td><td width=\"163\">Facultatea de Litere,<br \/>Istorie, Filosofie \u015fi<br \/>Teologie<\/td><td width=\"119\">Studii rom\u00e2ne\u0219ti<br \/>\u0219i clasice<\/td><\/tr><tr><td width=\"38\">7<\/td><td width=\"177\">C\u00e2nda Alexandru-Ioan<\/td><td width=\"122\">Doctorand<\/td><td width=\"86\">D<\/td><td width=\"163\">Facultatea de Litere,<br \/>Istorie, Filosofie \u015fi<br \/>Teologie<\/td><td width=\"119\">Istorie, Teologie<br \/>\u0219i Filosofie<\/td><\/tr><tr><td width=\"38\">8<\/td><td width=\"177\">Tranc\u0103 Loredana<br \/>Marcela<\/td><td width=\"122\">Cadru didactic<\/td><td width=\"86\">D<\/td><td width=\"163\">Facultatea de Sociologie \u015fi Psihologie<\/td><td width=\"119\">Asisten\u021b\u0103<br \/>social\u0103<\/td><\/tr><\/tbody><\/table><h4 style=\"font-family: Roboto, sans-serif; color: #7a7a7a;\">Informa\u0163ii utile:<\/h4><ul style=\"font-size: 16px; background-color: #ffffff;\"><li>Termenul limit\u0103 de transmitere a propunerilor de proiecte este<b>\u00a0mar\u021bi, 3 decembrie 2025, ora 23:59.\u00a0<\/b>\u00a0<\/li><li>Platforma de depunere online a aplica\u021biilor de grant va fi disponibil\u0103 de\u00a0<b>joi 20 noiembrie 2025, ora 12:00.\u00a0<\/b>\u00a0<\/li><li><i>Se vor lua \u00een calcul pentru analiza eligibilit\u0103\u021bii doar propunerile de proiecte care la termenul limit\u0103 se g\u0103sesc pe platforma de depunere online.<\/i><\/li><\/ul><h4><strong><br \/>\u00censcrierea participan\u021bilor<\/strong><\/h4><p><a href=\"https:\/\/forms.gle\/PP3ERD9mxheSqgy17\" target=\"_blank\" rel=\"noopener\"><br \/>Completeaz\u0103 formularul!<br \/><\/a><\/p><h4><strong>Persoan\u0103 de contact<\/strong><\/h4><p>Pentru probleme tehnice legate de formularul de \u00eenscriere \u0219i\/sau pentru clarific\u0103ri legate de metodologia de concurs v\u0103 rug\u0103m sa trimite\u021bi un e-mail la adresa: <a href=\"mailto:cda@e-uvt.ro\">cda@e-uvt.ro<\/a><\/p><p><a href=\"http:\/\/cda.uvt.ro\/wp-content\/uploads\/2025\/11\/Anexa-1.-Cerere-de-i\u0302nscriere_2025_.docx\">Anexa-1.-Cerere-de-i\u0302nscriere_2025<\/a><\/p><p><a href=\"http:\/\/cda.uvt.ro\/wp-content\/uploads\/2025\/11\/Anexa-2.-Grila\u0306-de-evaluare-a-proiectului-didactic-2025__.docx\">Anexa-2-Grila-de-evaluare-2025<\/a><\/p><p><a href=\"http:\/\/cda.uvt.ro\/wp-content\/uploads\/2025\/11\/Anexa-3.-Formatul-proiectului-didactic-2025_.docx\">Anexa-3-Formatul-proiectului-didactic-2025<\/a><\/p><p><a href=\"http:\/\/cda.uvt.ro\/wp-content\/uploads\/2025\/11\/Anexa-4.-Declarat\u0326ie-puncte-formare-CDA_2025__.docx\">Anexa-4.-Declarat\u0326ie-puncte-formare-CDA_2025<\/a><\/p><p><a href=\"http:\/\/cda.uvt.ro\/wp-content\/uploads\/2025\/11\/Anexa-5.-Acord-privind-utilizarea-datelor_2025_.docx\">Anexa-5.-Acord-privind-utilizarea-datelor_2025<\/a><\/p><p><a href=\"http:\/\/cda.uvt.ro\/wp-content\/uploads\/2025\/11\/Anexa-6.-Declarat\u0326ie-castigatori-grant-didactic-din-editiile-I-V_2025_.docx\">Anexa-6.-Declarat\u0326ie-castigatori-grant-didactic-din-editiile-I-V_2025<\/a><\/p><p><strong>Not\u0103: Anexa 6<\/strong> trebuie completat\u0103 doar de c\u0103tre cadrele didactice care au c\u00e2\u0219tigat un grant didactic \u00eentr-una dintre primele trei edi\u021bii ale competi\u021biei<\/p><p><a href=\"http:\/\/cda.uvt.ro\/wp-content\/uploads\/2025\/11\/Anexa-0.-Lista-activitatilor-CDA-PF-CDA-2023-2025_.pdf\">Anexa 0. Lista activit\u0103\u021bilor CDA (PF-CDA) 2023-2025<\/a><\/p>\t\t\t\t\t\t\t\t<\/div>\n\t\t\t\t<\/div>\n\t\t\t\t\t<\/div>\n\t\t<\/div>\n\t\t\t\t\t<\/div>\n\t\t<\/section>\n\t\t\t\t<\/div>\n\t\t","protected":false},"excerpt":{"rendered":"<p>Granturi didactice 2025 (edi\u021bia a VI-a) Grupa A Grupa B Grupa C Grupa D Facultatea de Arte \u0219i Design Facultatea de Educa\u021bie Fizic\u0103 \u0219i Sport Facultatea de Muzic\u0103 \u0219i Teatru Facultatea de Chimie, Biologie, Geografie Facultatea\u00a0de\u00a0Fizic\u0103 \u0219i Matematic\u0103 Facultatea de Informatic\u0103 Facultatea de Drept Facultatea de Economie \u0219i de Administrare a Afacerilor Facultatea de \u0218tiin\u021be [&hellip;]<\/p>\n","protected":false},"author":1,"featured_media":0,"parent":0,"menu_order":0,"comment_status":"closed","ping_status":"closed","template":"","meta":{"_acf_changed":false,"footnotes":""},"class_list":["post-4396","page","type-page","status-publish","hentry"],"acf":[],"_links":{"self":[{"href":"http:\/\/cda.uvt.ro\/it\/wp-json\/wp\/v2\/pages\/4396","targetHints":{"allow":["GET"]}}],"collection":[{"href":"http:\/\/cda.uvt.ro\/it\/wp-json\/wp\/v2\/pages"}],"about":[{"href":"http:\/\/cda.uvt.ro\/it\/wp-json\/wp\/v2\/types\/page"}],"author":[{"embeddable":true,"href":"http:\/\/cda.uvt.ro\/it\/wp-json\/wp\/v2\/users\/1"}],"replies":[{"embeddable":true,"href":"http:\/\/cda.uvt.ro\/it\/wp-json\/wp\/v2\/comments?post=4396"}],"version-history":[{"count":3,"href":"http:\/\/cda.uvt.ro\/it\/wp-json\/wp\/v2\/pages\/4396\/revisions"}],"predecessor-version":[{"id":4423,"href":"http:\/\/cda.uvt.ro\/it\/wp-json\/wp\/v2\/pages\/4396\/revisions\/4423"}],"wp:attachment":[{"href":"http:\/\/cda.uvt.ro\/it\/wp-json\/wp\/v2\/media?parent=4396"}],"curies":[{"name":"wp","href":"https:\/\/api.w.org\/{rel}","templated":true}]}}