{"id":4392,"date":"2023-08-07T10:21:12","date_gmt":"2023-08-07T10:21:12","guid":{"rendered":"http:\/\/cda.uvt.ro\/home\/granturi-didactice-2021\/"},"modified":"2025-11-26T13:04:23","modified_gmt":"2025-11-26T10:04:23","slug":"granturi-didactice-2021","status":"publish","type":"page","link":"http:\/\/cda.uvt.ro\/it\/home\/granturi-didactice-2021\/","title":{"rendered":"Granturi didactice 2021"},"content":{"rendered":"\t\t<div data-elementor-type=\"wp-page\" data-elementor-id=\"4392\" class=\"elementor elementor-4392\" data-elementor-post-type=\"page\">\n\t\t\t\t\t\t<section class=\"elementor-section elementor-top-section elementor-element elementor-element-237e8506 elementor-section-boxed elementor-section-height-default elementor-section-height-default\" data-id=\"237e8506\" data-element_type=\"section\">\n\t\t\t\t\t\t<div class=\"elementor-container elementor-column-gap-default\">\n\t\t\t\t\t<div class=\"elementor-column elementor-col-100 elementor-top-column elementor-element elementor-element-58191cb0\" data-id=\"58191cb0\" data-element_type=\"column\">\n\t\t\t<div class=\"elementor-widget-wrap elementor-element-populated\">\n\t\t\t\t\t\t<div class=\"elementor-element elementor-element-5d223f9b elementor-widget elementor-widget-text-editor\" data-id=\"5d223f9b\" data-element_type=\"widget\" data-widget_type=\"text-editor.default\">\n\t\t\t\t<div class=\"elementor-widget-container\">\n\t\t\t\t\t\t\t\t\t<style>\/*! elementor - v3.17.0 - 01-11-2023 *\/<br \/>.elementor-heading-title{padding:0;margin:0;line-height:1}.elementor-widget-heading .elementor-heading-title[class*=elementor-size-]>a{color:inherit;font-size:inherit;line-height:inherit}.elementor-widget-heading .elementor-heading-title.elementor-size-small{font-size:15px}.elementor-widget-heading .elementor-heading-title.elementor-size-medium{font-size:19px}.elementor-widget-heading .elementor-heading-title.elementor-size-large{font-size:29px}.elementor-widget-heading .elementor-heading-title.elementor-size-xl{font-size:39px}.elementor-widget-heading .elementor-heading-title.elementor-size-xxl{font-size:59px}<\/style>\n<h2>Granturi didactice 2021<\/h2>\n<style>\/*! elementor - v3.17.0 - 01-11-2023 *\/<br \/>.elementor-widget-divider{--divider-border-style:none;--divider-border-width:1px;--divider-color:#0c0d0e;--divider-icon-size:20px;--divider-element-spacing:10px;--divider-pattern-height:24px;--divider-pattern-size:20px;--divider-pattern-url:none;--divider-pattern-repeat:repeat-x}.elementor-widget-divider .elementor-divider{display:flex}.elementor-widget-divider .elementor-divider__text{font-size:15px;line-height:1;max-width:95%}.elementor-widget-divider .elementor-divider__element{margin:0 var(--divider-element-spacing);flex-shrink:0}.elementor-widget-divider .elementor-icon{font-size:var(--divider-icon-size)}.elementor-widget-divider .elementor-divider-separator{display:flex;margin:0;direction:ltr}.elementor-widget-divider--view-line_icon .elementor-divider-separator,.elementor-widget-divider--view-line_text .elementor-divider-separator{align-items:center}.elementor-widget-divider--view-line_icon .elementor-divider-separator:after,.elementor-widget-divider--view-line_icon .elementor-divider-separator:before,.elementor-widget-divider--view-line_text .elementor-divider-separator:after,.elementor-widget-divider--view-line_text .elementor-divider-separator:before{display:block;content:\"\";border-bottom:0;flex-grow:1;border-top:var(--divider-border-width) var(--divider-border-style) var(--divider-color)}.elementor-widget-divider--element-align-left .elementor-divider .elementor-divider-separator>.elementor-divider__svg:first-of-type{flex-grow:0;flex-shrink:100}.elementor-widget-divider--element-align-left .elementor-divider-separator:before{content:none}.elementor-widget-divider--element-align-left .elementor-divider__element{margin-left:0}.elementor-widget-divider--element-align-right .elementor-divider .elementor-divider-separator>.elementor-divider__svg:last-of-type{flex-grow:0;flex-shrink:100}.elementor-widget-divider--element-align-right .elementor-divider-separator:after{content:none}.elementor-widget-divider--element-align-right .elementor-divider__element{margin-right:0}.elementor-widget-divider:not(.elementor-widget-divider--view-line_text):not(.elementor-widget-divider--view-line_icon) .elementor-divider-separator{border-top:var(--divider-border-width) var(--divider-border-style) var(--divider-color)}.elementor-widget-divider--separator-type-pattern{--divider-border-style:none}.elementor-widget-divider--separator-type-pattern.elementor-widget-divider--view-line .elementor-divider-separator,.elementor-widget-divider--separator-type-pattern:not(.elementor-widget-divider--view-line) .elementor-divider-separator:after,.elementor-widget-divider--separator-type-pattern:not(.elementor-widget-divider--view-line) .elementor-divider-separator:before,.elementor-widget-divider--separator-type-pattern:not([class*=elementor-widget-divider--view]) .elementor-divider-separator{width:100%;min-height:var(--divider-pattern-height);-webkit-mask-size:var(--divider-pattern-size) 100%;mask-size:var(--divider-pattern-size) 100%;-webkit-mask-repeat:var(--divider-pattern-repeat);mask-repeat:var(--divider-pattern-repeat);background-color:var(--divider-color);-webkit-mask-image:var(--divider-pattern-url);mask-image:var(--divider-pattern-url)}.elementor-widget-divider--no-spacing{--divider-pattern-size:auto}.elementor-widget-divider--bg-round{--divider-pattern-repeat:round}.rtl .elementor-widget-divider .elementor-divider__text{direction:rtl}.e-con-inner>.elementor-widget-divider,.e-con>.elementor-widget-divider{width:var(--container-widget-width,100%);--flex-grow:var(--container-widget-flex-grow)}<\/style>\n<h4><strong>Scopul&nbsp;&nbsp;<\/strong><\/h4>\n<p>Granturile didactice UVT sunt menite s\u0103 stimuleze implementarea modelului reflexiv-colaborativ de instruire (RCL) \u00een r\u00e2ndul activit\u0103\u021bilor didactice desf\u0103\u0219urate \u00een cadrul programelor de studii ofertate de UVT.&nbsp;<\/p>\n<h4><strong>Informa\u021bii generale<\/strong><\/h4>\n<p>Competi\u021bia de granturi didactice este finan\u021bat\u0103 prin proiectul&nbsp;UVT teaching &amp;amp; learning brand: Reflective &amp;amp; Collaborative Learning into action (CNFIS-FDI-2021-0460).<\/p>\n<p>Valoarea total\u0103 a unui grant didactic este de 5.000 RON. Competi\u021bia premiaz\u0103 un num\u0103r de 20 de granturi didactice, acestea fiind repartizate \u00een num\u0103r de 5 pe fiecare dintre cele 4 grupe ale competi\u021biei:<\/p>\n<table>\n<tbody>\n<tr>\n<td><strong>Grupa A<\/strong><\/td>\n<td><strong>Grupa B<\/strong><\/td>\n<td><strong>Grupa C<\/strong><\/td>\n<td><strong>Grupa D<\/strong><\/td>\n<\/tr>\n<tr>\n<td>\n<ul>\n<li>Facultatea de Arte \u0219i Design<\/li>\n<li>Facultatea de Educa\u021bie Fizic\u0103 \u0219i Sport<\/li>\n<li>Facultatea de Muzic\u0103 \u0219i Teatru<\/li>\n<\/ul>\n<\/td>\n<td>\n<ul>\n<li>Facultatea de Chimie, Biologie, Geografie<\/li>\n<li>Facultatea de Fizic\u0103<\/li>\n<li>Facultatea de Matematic\u0103 \u0219i Informatic\u0103<\/li>\n<\/ul>\n<\/td>\n<td>\n<ul>\n<li>Facultatea de Drept<\/li>\n<li>Facultatea de Economie \u0219i de Administrare a Afacerilor<\/li>\n<li>Facultatea de \u0218tiin\u021be Politice, Filosofie \u0219i \u0218tiin\u021be ale Comunic\u0103rii<\/li>\n<\/ul>\n<\/td>\n<td>\n<ul>\n<li>Facultatea de Litere, Istorie \u0219i Teologie<\/li>\n<li>Facultatea de Sociologie \u0219i Psihologie<\/li>\n<li>Departamentul pentru Preg\u0103tirea Personalului Didactic&nbsp;<\/li>\n<\/ul>\n<\/td>\n<\/tr>\n<\/tbody>\n<\/table>\n<h4><strong>Participan\u021bi eligibili<\/strong><\/h4>\n<p>Sunt eligibile pentru ob\u021binerea unui grant didactic, <strong>cadrele didactice<\/strong> universitare \u0219i\/sau <strong>cercet\u0103tori titulari<\/strong> (care sus\u021bin activit\u0103\u021bi didactice) din cadrul UVT, indiferent de gradul didactic\/\u0219tiin\u021bific \u0219i\/sau vechimea \u00een munc\u0103. De asemenea, pot aplica \u00een competi\u021bie \u0219i <strong>studen\u021bi doctoranzi<\/strong> care sus\u021bin activit\u0103\u021bi didactice \u00een cadrul UVT. Persoanele care au beneficiat de granturi didactice \u00een edi\u021bia anterioar\u0103 (2020), angaja\u021bii CDA \u0219i exper\u021bii colaboratori ai CDA angaja\u021bi \u00een proiectul UVT teaching &amp;amp; learning brand: Reflective and Collaborative Learning into action (CNFIS-FDI-2021-0460) nu sunt eligibile pentru participare la aceast\u0103 edi\u021bie a programului.<\/p>\n<h4><strong>Pachetul de informa\u021bii<\/strong><\/h4>\n<p><a href=\"http:\/\/cda.uvt.ro\/wp-content\/uploads\/2023\/08\/Pachet-complet-de-informatii-Granturi-didactice-UVT-2021.pdf\"><strong>Pachet complet de informa\u021bii&nbsp;<\/strong><\/a><\/p>\n<p><a href=\"http:\/\/cda.uvt.ro\/wp-content\/uploads\/2023\/08\/Calendarul-competitiei.pdf\"><strong>Calendarul competi\u021biei<\/strong>&nbsp;<\/a><\/p>\n<h4 style=\"font-family: Roboto, sans-serif; color: #7a7a7a;\">Informa\u0163ii utile:<\/h4>\n<ul style=\"background-color: #ffffff;\">\n<li style=\"font-size: 16px;\">Termenul limit\u0103 de transmitere a propunerilor de proiecte este <b>5<\/b>&nbsp;decembrie 2021, ora 2359.<\/li>\n<li>Platforma de depunere on-line a cererilor de finan\u0163are va fi disponibil\u0103 disponibil\u0103,&nbsp;din <b>12<\/b><b>&nbsp;<\/b>noiembrie 2021, ora 1200.<\/li>\n<li style=\"font-size: 16px;\">Se vor lua \u00een calcul pentru analiza eligibilit\u0103\u021bii doar propunerile de proiecte care la termenul limit\u0103 se g\u0103sesc pe platforma de depunere on-line.<\/li>\n<\/ul>\n<h4><strong><br>\u00censcrierea participan\u021bilor<\/strong><\/h4>\n<p><strong>Pentru a participa \u00een competi\u021bia de granturi, citi\u021bi pachetul complet de informa\u021bii, desc\u0103rca\u021bi anexele necesare aplic\u0103rii, completa\u021bi-le \u0219i apoi \u00eenc\u0103rca\u021bi \u00eentreaga documenta\u021bie a proiectului de grant acces\u00e2nd formularul de \u00eenscriere disponibil mai jos.<\/strong><\/p>\n<p>\t\t\t<a href=\"#\" target=\"_blank\" rel=\"noopener\"><br>\t\t\t\t\t\tCompleteaz\u0103 formularul!<br>\t\t\t\t\t<\/a><\/p>\n<h4><strong>Persoan\u0103 de contact<\/strong><\/h4>\n<p>Pentru probleme tehnice legate de formularul de \u00eenscriere \u0219i\/sau pentru clarific\u0103ri legate de metodologia de concurs v\u0103 rug\u0103m sa trimite\u021bi un e-mail la adresa: <a href=\"mailto:cda@e-uvt.ro\">cda@e-uvt.ro<\/a><\/p>\n<p><a href=\"http:\/\/cda.uvt.ro\/wp-content\/uploads\/2023\/08\/Anexa-1.-Cererea-de-inscriere.docx\">Anexa 1. Cererea de \u00eenscriere<\/a><br><a href=\"http:\/\/cda.uvt.ro\/wp-content\/uploads\/2023\/08\/Anexa-2a.-Formatul-proiectului-didactic.docx\">Anexa 2a. Formatul proiectului didactic<\/a><br><a href=\"http:\/\/cda.uvt.ro\/wp-content\/uploads\/2023\/08\/Anexa-2b.-Grila-de-evaluare-a-proiectului-didactic.pdf\">Anexa 2b. Grila de evaluare a proiectului didactic<\/a><br><a href=\"http:\/\/cda.uvt.ro\/wp-content\/uploads\/2023\/08\/Anexa-3.-Grila-de-evaluare-a-secventei-filmate.pdf\">Anexa 3. Grila de evaluare a secven\u021bei filmate<\/a><br><a href=\"http:\/\/cda.uvt.ro\/wp-content\/uploads\/2023\/08\/Anexa-4.-Format-raport-de-reflectie.docx\">Anexa 4. Format raport de reflec\u021bie<\/a><br><a href=\"http:\/\/cda.uvt.ro\/wp-content\/uploads\/2023\/08\/Anexa-5.-Grila-de-evaluare-a-raportului-de-reflectie.pdf\">Anexa 5. Grila de evaluare a raportului de reflec\u021bie<\/a><br><a href=\"http:\/\/cda.uvt.ro\/wp-content\/uploads\/2023\/08\/Anexa-6.-Acordul-participantilor.docx\">Anexa 6. Acordul participan\u021bilor<\/a><br><a href=\"http:\/\/cda.uvt.ro\/wp-content\/uploads\/2023\/08\/Anexa-7.-Acord-privind-utilizarea-datelor-personale.docx\">Anexa 7. Acord privind utilizarea datelor personale<\/a><br><a href=\"http:\/\/cda.uvt.ro\/wp-content\/uploads\/2023\/08\/0.-Anunt-site-CDA-Castigatorii-competitiei-de-granturi-didactice-interne-UVT-2021-x-13.docx\">0. Anun\u021b site CDA &#8211; C\u00e2\u0219tig\u0103torii competi\u021biei de granturi didactice interne UVT 2021<\/a><\/p>\t\t\t\t\t\t\t\t<\/div>\n\t\t\t\t<\/div>\n\t\t\t\t\t<\/div>\n\t\t<\/div>\n\t\t\t\t\t<\/div>\n\t\t<\/section>\n\t\t\t\t<\/div>\n\t\t","protected":false},"excerpt":{"rendered":"<p>Granturi didactice 2021 Scopul&nbsp;&nbsp; Granturile didactice UVT sunt menite s\u0103 stimuleze implementarea modelului reflexiv-colaborativ de instruire (RCL) \u00een r\u00e2ndul activit\u0103\u021bilor didactice desf\u0103\u0219urate \u00een cadrul programelor de studii ofertate de UVT.&nbsp; Informa\u021bii generale Competi\u021bia de granturi didactice este finan\u021bat\u0103 prin proiectul&nbsp;UVT teaching &amp;amp; learning brand: Reflective &amp;amp; Collaborative Learning into action (CNFIS-FDI-2021-0460). Valoarea total\u0103 a unui [&hellip;]<\/p>\n","protected":false},"author":1,"featured_media":0,"parent":4120,"menu_order":0,"comment_status":"closed","ping_status":"closed","template":"","meta":{"_acf_changed":false,"footnotes":""},"class_list":["post-4392","page","type-page","status-publish","hentry"],"acf":[],"_links":{"self":[{"href":"http:\/\/cda.uvt.ro\/it\/wp-json\/wp\/v2\/pages\/4392","targetHints":{"allow":["GET"]}}],"collection":[{"href":"http:\/\/cda.uvt.ro\/it\/wp-json\/wp\/v2\/pages"}],"about":[{"href":"http:\/\/cda.uvt.ro\/it\/wp-json\/wp\/v2\/types\/page"}],"author":[{"embeddable":true,"href":"http:\/\/cda.uvt.ro\/it\/wp-json\/wp\/v2\/users\/1"}],"replies":[{"embeddable":true,"href":"http:\/\/cda.uvt.ro\/it\/wp-json\/wp\/v2\/comments?post=4392"}],"version-history":[{"count":6,"href":"http:\/\/cda.uvt.ro\/it\/wp-json\/wp\/v2\/pages\/4392\/revisions"}],"predecessor-version":[{"id":4478,"href":"http:\/\/cda.uvt.ro\/it\/wp-json\/wp\/v2\/pages\/4392\/revisions\/4478"}],"up":[{"embeddable":true,"href":"http:\/\/cda.uvt.ro\/it\/wp-json\/wp\/v2\/pages\/4120"}],"wp:attachment":[{"href":"http:\/\/cda.uvt.ro\/it\/wp-json\/wp\/v2\/media?parent=4392"}],"curies":[{"name":"wp","href":"https:\/\/api.w.org\/{rel}","templated":true}]}}