{"id":4378,"date":"2022-12-15T12:25:13","date_gmt":"2022-12-15T09:25:13","guid":{"rendered":"http:\/\/cda.uvt.ro\/workshops-cda-2022\/"},"modified":"2025-11-25T13:13:18","modified_gmt":"2025-11-25T10:13:18","slug":"workshops-cda-2022","status":"publish","type":"page","link":"http:\/\/cda.uvt.ro\/it\/workshops-cda-2022\/","title":{"rendered":"Workshopuri CDA 2022"},"content":{"rendered":"\t\t<div data-elementor-type=\"wp-page\" data-elementor-id=\"4378\" class=\"elementor elementor-4378 elementor-1157\" data-elementor-post-type=\"page\">\n\t\t\t\t\t\t<section class=\"elementor-section elementor-top-section elementor-element elementor-element-b8f35fb elementor-section-boxed elementor-section-height-default elementor-section-height-default\" data-id=\"b8f35fb\" data-element_type=\"section\">\n\t\t\t\t\t\t<div class=\"elementor-container elementor-column-gap-default\">\n\t\t\t\t\t<div class=\"elementor-column elementor-col-50 elementor-top-column elementor-element elementor-element-99ef572\" data-id=\"99ef572\" data-element_type=\"column\">\n\t\t\t<div class=\"elementor-widget-wrap elementor-element-populated\">\n\t\t\t\t\t\t<div class=\"elementor-element elementor-element-96eda16 elementor-widget elementor-widget-heading\" data-id=\"96eda16\" data-element_type=\"widget\" data-widget_type=\"heading.default\">\n\t\t\t\t<div class=\"elementor-widget-container\">\n\t\t\t\t\t<h1 class=\"elementor-heading-title elementor-size-default\">Workshop CAD 2022<\/h1>\t\t\t\t<\/div>\n\t\t\t\t<\/div>\n\t\t\t\t<div class=\"elementor-element elementor-element-3502c87 elementor-widget elementor-widget-text-editor\" data-id=\"3502c87\" data-element_type=\"widget\" data-widget_type=\"text-editor.default\">\n\t\t\t\t<div class=\"elementor-widget-container\">\n\t\t\t\t\t\t\t\t\t<h5>Obiettivo: Sviluppare le capacit\u00e0 di progettazione e implementazione del modello riflessivo-collaborativo (RCL) di formazione.<\/h5>\t\t\t\t\t\t\t\t<\/div>\n\t\t\t\t<\/div>\n\t\t\t\t<div class=\"elementor-element elementor-element-8591fa2 elementor-icon-list--layout-traditional elementor-list-item-link-full_width elementor-widget elementor-widget-icon-list\" data-id=\"8591fa2\" data-element_type=\"widget\" data-widget_type=\"icon-list.default\">\n\t\t\t\t<div class=\"elementor-widget-container\">\n\t\t\t\t\t\t\t<ul class=\"elementor-icon-list-items\">\n\t\t\t\t\t\t\t<li class=\"elementor-icon-list-item\">\n\t\t\t\t\t\t\t\t\t\t\t<a href=\"http:\/\/cda.uvt.ro\/wp-content\/uploads\/2023\/08\/Workshopuri-RCL-CDA-2022.pdf\">\n\n\t\t\t\t\t\t\t\t\t\t\t\t<span class=\"elementor-icon-list-icon\">\n\t\t\t\t\t\t\t<i aria-hidden=\"true\" class=\"fas fa-file-pdf\"><\/i>\t\t\t\t\t\t<\/span>\n\t\t\t\t\t\t\t\t\t\t<span class=\"elementor-icon-list-text\">Scarica il programma in formato PDF<\/span>\n\t\t\t\t\t\t\t\t\t\t\t<\/a>\n\t\t\t\t\t\t\t\t\t<\/li>\n\t\t\t\t\t\t<\/ul>\n\t\t\t\t\t\t<\/div>\n\t\t\t\t<\/div>\n\t\t\t\t<div class=\"elementor-element elementor-element-10e4d96 elementor-widget elementor-widget-text-editor\" data-id=\"10e4d96\" data-element_type=\"widget\" data-widget_type=\"text-editor.default\">\n\t\t\t\t<div class=\"elementor-widget-container\">\n\t\t\t\t\t\t\t\t\t<p>Il modello riflessivo-collaborativo di formazione (RCL), sviluppato presso l&#8217;Universit\u00e0 di Timi\u0219oara (UVT), combina in modo innovativo diversi concetti pedagogici moderni, quali modelli di formazione, allineamento curricolare, risultati di apprendimento autentici, apprendimento collaborativo, apprendimento riflessivo, indicatori dei risultati di apprendimento, ecc. Tutti questi concetti sono riorganizzati in un sistema coerente di insegnamento e apprendimento, inquadrabile nella paradigma dell&#8217;istruzione incentrata sullo studente.<\/p><p>In questo contesto, negli ultimi mesi, il team CDA ha sviluppato workshop specifici per ciascuno di questi concetti pedagogici alla base del modello RCL.<\/p><p>Nel periodo settembre-novembre 2022, il team CDA invita i membri della comunit\u00e0 accademica dell&#8217;UVT interessati alla modernizzazione delle attivit\u00e0 didattico-educative a partecipare a questi workshop.<\/p>\t\t\t\t\t\t\t\t<\/div>\n\t\t\t\t<\/div>\n\t\t\t\t\t<\/div>\n\t\t<\/div>\n\t\t\t\t<div class=\"elementor-column elementor-col-50 elementor-top-column elementor-element elementor-element-eecc399\" data-id=\"eecc399\" data-element_type=\"column\">\n\t\t\t<div class=\"elementor-widget-wrap elementor-element-populated\">\n\t\t\t\t\t\t<div class=\"elementor-element elementor-element-855134f elementor-widget elementor-widget-image\" data-id=\"855134f\" data-element_type=\"widget\" data-widget_type=\"image.default\">\n\t\t\t\t<div class=\"elementor-widget-container\">\n\t\t\t\t\t\t\t\t\t\t\t\t\t\t\t<img fetchpriority=\"high\" decoding=\"async\" width=\"712\" height=\"740\" src=\"http:\/\/cda.uvt.ro\/wp-content\/uploads\/2024\/09\/Screenshot-2024-09-17-095611.png\" class=\"attachment-large size-large wp-image-4363\" alt=\"\" srcset=\"http:\/\/cda.uvt.ro\/wp-content\/uploads\/2024\/09\/Screenshot-2024-09-17-095611.png 712w, http:\/\/cda.uvt.ro\/wp-content\/uploads\/2024\/09\/Screenshot-2024-09-17-095611-289x300.png 289w\" sizes=\"(max-width: 712px) 100vw, 712px\" \/>\t\t\t\t\t\t\t\t\t\t\t\t\t\t\t<\/div>\n\t\t\t\t<\/div>\n\t\t\t\t<div class=\"elementor-element elementor-element-37b29ca elementor-align-center elementor-widget elementor-widget-button\" data-id=\"37b29ca\" data-element_type=\"widget\" data-widget_type=\"button.default\">\n\t\t\t\t<div class=\"elementor-widget-container\">\n\t\t\t\t\t\t\t\t\t<div class=\"elementor-button-wrapper\">\n\t\t\t\t\t<a class=\"elementor-button elementor-button-link elementor-size-md\" href=\"https:\/\/docs.google.com\/forms\/d\/e\/1FAIpQLSdWaNw5MBjs6H3_cAVv2fKjv5gs4YjdgeyV2gRcYAKW0vumHA\/viewform\">\n\t\t\t\t\t\t<span class=\"elementor-button-content-wrapper\">\n\t\t\t\t\t\t\t\t\t<span class=\"elementor-button-text\">Iscriviti al workshop!<\/span>\n\t\t\t\t\t<\/span>\n\t\t\t\t\t<\/a>\n\t\t\t\t<\/div>\n\t\t\t\t\t\t\t\t<\/div>\n\t\t\t\t<\/div>\n\t\t\t\t\t<\/div>\n\t\t<\/div>\n\t\t\t\t\t<\/div>\n\t\t<\/section>\n\t\t\t\t<section class=\"elementor-section elementor-top-section elementor-element elementor-element-1643c82 elementor-section-boxed elementor-section-height-default elementor-section-height-default\" data-id=\"1643c82\" data-element_type=\"section\">\n\t\t\t\t\t\t<div class=\"elementor-container elementor-column-gap-default\">\n\t\t\t\t\t<div class=\"elementor-column elementor-col-100 elementor-top-column elementor-element elementor-element-18bfe32\" data-id=\"18bfe32\" data-element_type=\"column\">\n\t\t\t<div class=\"elementor-widget-wrap elementor-element-populated\">\n\t\t\t\t\t\t<div class=\"elementor-element elementor-element-9863882 elementor-widget elementor-widget-text-editor\" data-id=\"9863882\" data-element_type=\"widget\" data-widget_type=\"text-editor.default\">\n\t\t\t\t<div class=\"elementor-widget-container\">\n\t\t\t\t\t\t\t\t\t<p><strong>Un workshop CAD \u00e8 un&#8217;attivit\u00e0 di breve durata che dura dalle 3 alle 8 ore, a seconda della complessit\u00e0 dell&#8217;argomento trattato.<\/strong><\/p><p>Nella costruzione dei 6 workshop proposti, sono stati presi in considerazione i seguenti elementi quadro di progettazione della formazione:<\/p><ul><li>massimo 15 partecipanti per sessione di workshop;<\/li><li>il workshop \u00e8 erogato in formato RCL &#8211; seminario;<\/li><li>in ogni workshop viene evidenziato il collegamento tra il concetto centrale del workshop e il modello RCL;<\/li><li>la durata di un workshop \u00e8 di massimo 8 ore;<\/li><li>il risultato autentico perseguito dal workshop viene in gran parte completato durante il workshop stesso;<\/li><li>le applicazioni del workshop vengono realizzate in una disciplina reale, denominata disciplina di riferimento, scelta da ciascun partecipante;<\/li><li>ogni partecipante che completa un workshop riceve il certificato CDA di partecipazione e 2 punti di formazione CDA (PF CDA).<\/li><\/ul>\t\t\t\t\t\t\t\t<\/div>\n\t\t\t\t<\/div>\n\t\t\t\t\t<\/div>\n\t\t<\/div>\n\t\t\t\t\t<\/div>\n\t\t<\/section>\n\t\t\t\t<section class=\"elementor-section elementor-top-section elementor-element elementor-element-591686c elementor-section-boxed elementor-section-height-default elementor-section-height-default\" data-id=\"591686c\" data-element_type=\"section\">\n\t\t\t\t\t\t<div class=\"elementor-container elementor-column-gap-default\">\n\t\t\t\t\t<div class=\"elementor-column elementor-col-100 elementor-top-column elementor-element elementor-element-4b024d7\" data-id=\"4b024d7\" data-element_type=\"column\">\n\t\t\t<div class=\"elementor-widget-wrap elementor-element-populated\">\n\t\t\t\t\t\t<div class=\"elementor-element elementor-element-e51ba97 elementor-widget elementor-widget-heading\" data-id=\"e51ba97\" data-element_type=\"widget\" data-widget_type=\"heading.default\">\n\t\t\t\t<div class=\"elementor-widget-container\">\n\t\t\t\t\t<h3 class=\"elementor-heading-title elementor-size-default\">Programma workshop<\/h3>\t\t\t\t<\/div>\n\t\t\t\t<\/div>\n\t\t\t\t<div class=\"elementor-element elementor-element-b683530 elementor-widget elementor-widget-image\" data-id=\"b683530\" data-element_type=\"widget\" data-widget_type=\"image.default\">\n\t\t\t\t<div class=\"elementor-widget-container\">\n\t\t\t\t\t\t\t\t\t\t\t\t\t\t\t<img decoding=\"async\" width=\"759\" height=\"624\" src=\"http:\/\/cda.uvt.ro\/wp-content\/uploads\/2024\/09\/Screenshot-2024-09-17-095140.png\" class=\"attachment-large size-large wp-image-4370\" alt=\"\" srcset=\"http:\/\/cda.uvt.ro\/wp-content\/uploads\/2024\/09\/Screenshot-2024-09-17-095140.png 759w, http:\/\/cda.uvt.ro\/wp-content\/uploads\/2024\/09\/Screenshot-2024-09-17-095140-300x247.png 300w\" sizes=\"(max-width: 759px) 100vw, 759px\" \/>\t\t\t\t\t\t\t\t\t\t\t\t\t\t\t<\/div>\n\t\t\t\t<\/div>\n\t\t\t\t<div class=\"elementor-element elementor-element-3371858 elementor-widget elementor-widget-heading\" data-id=\"3371858\" data-element_type=\"widget\" data-widget_type=\"heading.default\">\n\t\t\t\t<div class=\"elementor-widget-container\">\n\t\t\t\t\t<h4 class=\"elementor-heading-title elementor-size-default\">PER PARTECIPARE A UN WORKSHOP<\/h4>\t\t\t\t<\/div>\n\t\t\t\t<\/div>\n\t\t\t\t<div class=\"elementor-element elementor-element-7f53b32 elementor-widget elementor-widget-text-editor\" data-id=\"7f53b32\" data-element_type=\"widget\" data-widget_type=\"text-editor.default\">\n\t\t\t\t<div class=\"elementor-widget-container\">\n\t\t\t\t\t\t\t\t\t<p>\u00c8 necessario accedere e compilare il modulo di iscrizione. 7 giorni e, rispettivamente, 24 ore prima dell&#8217;evento riceverete un&#8217;e-mail con l&#8217;invito a partecipare. L&#8217;iscrizione \u00e8 soggetta alla disponibilit\u00e0 dei posti, tenendo conto che a ogni evento possono partecipare al massimo 15 persone. Una persona pu\u00f2 partecipare a tutti i workshop che desidera. L&#8217;unico criterio di selezione \u00e8 quello del \u201cprimo arrivato, primo servito\u201d.<\/p><p>Accedete a questo <a href=\"https:\/\/docs.google.com\/forms\/d\/e\/1FAIpQLSdWaNw5MBjs6H3_cAVv2fKjv5gs4YjdgeyV2gRcYAKW0vumHA\/viewform\">link<\/a> per iscrivervi al workshop desiderato!<\/p>\t\t\t\t\t\t\t\t<\/div>\n\t\t\t\t<\/div>\n\t\t\t\t<div class=\"elementor-element elementor-element-a87ccb9 elementor-align-center elementor-widget elementor-widget-button\" data-id=\"a87ccb9\" data-element_type=\"widget\" data-widget_type=\"button.default\">\n\t\t\t\t<div class=\"elementor-widget-container\">\n\t\t\t\t\t\t\t\t\t<div class=\"elementor-button-wrapper\">\n\t\t\t\t\t<a class=\"elementor-button elementor-button-link elementor-size-sm\" href=\"https:\/\/docs.google.com\/forms\/d\/e\/1FAIpQLSdWaNw5MBjs6H3_cAVv2fKjv5gs4YjdgeyV2gRcYAKW0vumHA\/viewform\">\n\t\t\t\t\t\t<span class=\"elementor-button-content-wrapper\">\n\t\t\t\t\t\t\t\t\t<span class=\"elementor-button-text\">Iscriviti al workshop!<\/span>\n\t\t\t\t\t<\/span>\n\t\t\t\t\t<\/a>\n\t\t\t\t<\/div>\n\t\t\t\t\t\t\t\t<\/div>\n\t\t\t\t<\/div>\n\t\t\t\t\t<\/div>\n\t\t<\/div>\n\t\t\t\t\t<\/div>\n\t\t<\/section>\n\t\t\t\t<section class=\"elementor-section elementor-top-section elementor-element elementor-element-3f2f15f elementor-section-boxed elementor-section-height-default elementor-section-height-default\" data-id=\"3f2f15f\" data-element_type=\"section\">\n\t\t\t\t\t\t<div class=\"elementor-container elementor-column-gap-default\">\n\t\t\t\t\t<div class=\"elementor-column elementor-col-33 elementor-top-column elementor-element elementor-element-0ffdd22\" data-id=\"0ffdd22\" data-element_type=\"column\">\n\t\t\t<div class=\"elementor-widget-wrap elementor-element-populated\">\n\t\t\t\t\t\t<div class=\"elementor-element elementor-element-bfaf2f1 elementor-widget elementor-widget-image\" data-id=\"bfaf2f1\" data-element_type=\"widget\" data-widget_type=\"image.default\">\n\t\t\t\t<div class=\"elementor-widget-container\">\n\t\t\t\t\t\t\t\t\t\t\t\t\t\t\t\t<a href=\"http:\/\/cda.uvt.ro\/wp-content\/uploads\/2023\/10\/Screenshot_RCL_model-semi-algoritmizat.pdf\">\n\t\t\t\t\t\t\t<img decoding=\"async\" width=\"593\" height=\"839\" src=\"http:\/\/cda.uvt.ro\/wp-content\/uploads\/2024\/09\/Screenshot-2024-09-17-095735.png\" class=\"attachment-large size-large wp-image-4371\" alt=\"\" srcset=\"http:\/\/cda.uvt.ro\/wp-content\/uploads\/2024\/09\/Screenshot-2024-09-17-095735.png 593w, http:\/\/cda.uvt.ro\/wp-content\/uploads\/2024\/09\/Screenshot-2024-09-17-095735-212x300.png 212w\" sizes=\"(max-width: 593px) 100vw, 593px\" \/>\t\t\t\t\t\t\t\t<\/a>\n\t\t\t\t\t\t\t\t\t\t\t\t\t\t\t<\/div>\n\t\t\t\t<\/div>\n\t\t\t\t\t<\/div>\n\t\t<\/div>\n\t\t\t\t<div class=\"elementor-column elementor-col-33 elementor-top-column elementor-element elementor-element-4474f1e\" data-id=\"4474f1e\" data-element_type=\"column\">\n\t\t\t<div class=\"elementor-widget-wrap elementor-element-populated\">\n\t\t\t\t\t\t<div class=\"elementor-element elementor-element-15399bd elementor-widget elementor-widget-image\" data-id=\"15399bd\" data-element_type=\"widget\" data-widget_type=\"image.default\">\n\t\t\t\t<div class=\"elementor-widget-container\">\n\t\t\t\t\t\t\t\t\t\t\t\t\t\t\t\t<a href=\"http:\/\/cda.uvt.ro\/wp-content\/uploads\/2023\/09\/Workshop-CDA-2023-Autenticitatea-rezultatelor-invatarii.pdf\" target=\"_blank\">\n\t\t\t\t\t\t\t<img loading=\"lazy\" decoding=\"async\" width=\"593\" height=\"836\" src=\"http:\/\/cda.uvt.ro\/wp-content\/uploads\/2024\/09\/Screenshot-2024-09-17-095806.png\" class=\"attachment-large size-large wp-image-4372\" alt=\"\" srcset=\"http:\/\/cda.uvt.ro\/wp-content\/uploads\/2024\/09\/Screenshot-2024-09-17-095806.png 593w, http:\/\/cda.uvt.ro\/wp-content\/uploads\/2024\/09\/Screenshot-2024-09-17-095806-213x300.png 213w\" sizes=\"(max-width: 593px) 100vw, 593px\" \/>\t\t\t\t\t\t\t\t<\/a>\n\t\t\t\t\t\t\t\t\t\t\t\t\t\t\t<\/div>\n\t\t\t\t<\/div>\n\t\t\t\t\t<\/div>\n\t\t<\/div>\n\t\t\t\t<div class=\"elementor-column elementor-col-33 elementor-top-column elementor-element elementor-element-6eaa387\" data-id=\"6eaa387\" data-element_type=\"column\">\n\t\t\t<div class=\"elementor-widget-wrap elementor-element-populated\">\n\t\t\t\t\t\t<div class=\"elementor-element elementor-element-d6b5c75 elementor-widget elementor-widget-image\" data-id=\"d6b5c75\" data-element_type=\"widget\" data-widget_type=\"image.default\">\n\t\t\t\t<div class=\"elementor-widget-container\">\n\t\t\t\t\t\t\t\t\t\t\t\t\t\t\t\t<a href=\"http:\/\/cda.uvt.ro\/wp-content\/uploads\/2023\/10\/3-Workshop-CDA-2023-Aliniere-curriculara.pdf\" target=\"_blank\">\n\t\t\t\t\t\t\t<img loading=\"lazy\" decoding=\"async\" width=\"594\" height=\"835\" src=\"http:\/\/cda.uvt.ro\/wp-content\/uploads\/2024\/09\/Screenshot-2024-09-17-095824.png\" class=\"attachment-large size-large wp-image-4373\" alt=\"\" srcset=\"http:\/\/cda.uvt.ro\/wp-content\/uploads\/2024\/09\/Screenshot-2024-09-17-095824.png 594w, http:\/\/cda.uvt.ro\/wp-content\/uploads\/2024\/09\/Screenshot-2024-09-17-095824-213x300.png 213w\" sizes=\"(max-width: 594px) 100vw, 594px\" \/>\t\t\t\t\t\t\t\t<\/a>\n\t\t\t\t\t\t\t\t\t\t\t\t\t\t\t<\/div>\n\t\t\t\t<\/div>\n\t\t\t\t\t<\/div>\n\t\t<\/div>\n\t\t\t\t\t<\/div>\n\t\t<\/section>\n\t\t\t\t<section class=\"elementor-section elementor-top-section elementor-element elementor-element-2d0c95c elementor-section-boxed elementor-section-height-default elementor-section-height-default\" data-id=\"2d0c95c\" data-element_type=\"section\">\n\t\t\t\t\t\t<div class=\"elementor-container elementor-column-gap-default\">\n\t\t\t\t\t<div class=\"elementor-column elementor-col-33 elementor-top-column elementor-element elementor-element-b72f955\" data-id=\"b72f955\" data-element_type=\"column\">\n\t\t\t<div class=\"elementor-widget-wrap elementor-element-populated\">\n\t\t\t\t\t\t<div class=\"elementor-element elementor-element-3846794 elementor-widget elementor-widget-image\" data-id=\"3846794\" data-element_type=\"widget\" data-widget_type=\"image.default\">\n\t\t\t\t<div class=\"elementor-widget-container\">\n\t\t\t\t\t\t\t\t\t\t\t\t\t\t\t\t<a href=\"http:\/\/cda.uvt.ro\/wp-content\/uploads\/2023\/10\/Screenshot_RCL_model-semi-algoritmizat.pdf\">\n\t\t\t\t\t\t\t<img loading=\"lazy\" decoding=\"async\" width=\"594\" height=\"839\" src=\"http:\/\/cda.uvt.ro\/wp-content\/uploads\/2024\/09\/Screenshot-2024-09-17-095847.png\" class=\"attachment-large size-large wp-image-4374\" alt=\"\" srcset=\"http:\/\/cda.uvt.ro\/wp-content\/uploads\/2024\/09\/Screenshot-2024-09-17-095847.png 594w, http:\/\/cda.uvt.ro\/wp-content\/uploads\/2024\/09\/Screenshot-2024-09-17-095847-212x300.png 212w\" sizes=\"(max-width: 594px) 100vw, 594px\" \/>\t\t\t\t\t\t\t\t<\/a>\n\t\t\t\t\t\t\t\t\t\t\t\t\t\t\t<\/div>\n\t\t\t\t<\/div>\n\t\t\t\t\t<\/div>\n\t\t<\/div>\n\t\t\t\t<div class=\"elementor-column elementor-col-33 elementor-top-column elementor-element elementor-element-480eb58\" data-id=\"480eb58\" data-element_type=\"column\">\n\t\t\t<div class=\"elementor-widget-wrap elementor-element-populated\">\n\t\t\t\t\t\t<div class=\"elementor-element elementor-element-be4fb79 elementor-widget elementor-widget-image\" data-id=\"be4fb79\" data-element_type=\"widget\" data-widget_type=\"image.default\">\n\t\t\t\t<div class=\"elementor-widget-container\">\n\t\t\t\t\t\t\t\t\t\t\t\t\t\t\t\t<a href=\"http:\/\/cda.uvt.ro\/wp-content\/uploads\/2023\/09\/Workshop-CDA-2023-Autenticitatea-rezultatelor-invatarii.pdf\" target=\"_blank\">\n\t\t\t\t\t\t\t<img loading=\"lazy\" decoding=\"async\" width=\"592\" height=\"834\" src=\"http:\/\/cda.uvt.ro\/wp-content\/uploads\/2024\/09\/Screenshot-2024-09-17-095903.png\" class=\"attachment-large size-large wp-image-4375\" alt=\"\" srcset=\"http:\/\/cda.uvt.ro\/wp-content\/uploads\/2024\/09\/Screenshot-2024-09-17-095903.png 592w, http:\/\/cda.uvt.ro\/wp-content\/uploads\/2024\/09\/Screenshot-2024-09-17-095903-213x300.png 213w\" sizes=\"(max-width: 592px) 100vw, 592px\" \/>\t\t\t\t\t\t\t\t<\/a>\n\t\t\t\t\t\t\t\t\t\t\t\t\t\t\t<\/div>\n\t\t\t\t<\/div>\n\t\t\t\t\t<\/div>\n\t\t<\/div>\n\t\t\t\t<div class=\"elementor-column elementor-col-33 elementor-top-column elementor-element elementor-element-1c9e15d\" data-id=\"1c9e15d\" data-element_type=\"column\">\n\t\t\t<div class=\"elementor-widget-wrap elementor-element-populated\">\n\t\t\t\t\t\t<div class=\"elementor-element elementor-element-756517a elementor-widget elementor-widget-image\" data-id=\"756517a\" data-element_type=\"widget\" data-widget_type=\"image.default\">\n\t\t\t\t<div class=\"elementor-widget-container\">\n\t\t\t\t\t\t\t\t\t\t\t\t\t\t\t\t<a href=\"http:\/\/cda.uvt.ro\/wp-content\/uploads\/2023\/10\/3-Workshop-CDA-2023-Aliniere-curriculara.pdf\" target=\"_blank\">\n\t\t\t\t\t\t\t<img loading=\"lazy\" decoding=\"async\" width=\"589\" height=\"836\" src=\"http:\/\/cda.uvt.ro\/wp-content\/uploads\/2024\/09\/Screenshot-2024-09-17-095917.png\" class=\"attachment-large size-large wp-image-4376\" alt=\"\" srcset=\"http:\/\/cda.uvt.ro\/wp-content\/uploads\/2024\/09\/Screenshot-2024-09-17-095917.png 589w, http:\/\/cda.uvt.ro\/wp-content\/uploads\/2024\/09\/Screenshot-2024-09-17-095917-211x300.png 211w\" sizes=\"(max-width: 589px) 100vw, 589px\" \/>\t\t\t\t\t\t\t\t<\/a>\n\t\t\t\t\t\t\t\t\t\t\t\t\t\t\t<\/div>\n\t\t\t\t<\/div>\n\t\t\t\t\t<\/div>\n\t\t<\/div>\n\t\t\t\t\t<\/div>\n\t\t<\/section>\n\t\t\t\t<\/div>\n\t\t","protected":false},"excerpt":{"rendered":"<p>Workshop CAD 2022 Obiettivo: Sviluppare le capacit\u00e0 di progettazione e implementazione del modello riflessivo-collaborativo (RCL) di formazione. Scarica il programma in formato PDF Il modello riflessivo-collaborativo di formazione (RCL), sviluppato presso l&#8217;Universit\u00e0 di Timi\u0219oara (UVT), combina in modo innovativo diversi concetti pedagogici moderni, quali modelli di formazione, allineamento curricolare, risultati di apprendimento autentici, apprendimento collaborativo, [&hellip;]<\/p>\n","protected":false},"author":1,"featured_media":0,"parent":0,"menu_order":0,"comment_status":"closed","ping_status":"closed","template":"","meta":{"_acf_changed":false,"footnotes":""},"class_list":["post-4378","page","type-page","status-publish","hentry"],"acf":[],"_links":{"self":[{"href":"http:\/\/cda.uvt.ro\/it\/wp-json\/wp\/v2\/pages\/4378","targetHints":{"allow":["GET"]}}],"collection":[{"href":"http:\/\/cda.uvt.ro\/it\/wp-json\/wp\/v2\/pages"}],"about":[{"href":"http:\/\/cda.uvt.ro\/it\/wp-json\/wp\/v2\/types\/page"}],"author":[{"embeddable":true,"href":"http:\/\/cda.uvt.ro\/it\/wp-json\/wp\/v2\/users\/1"}],"replies":[{"embeddable":true,"href":"http:\/\/cda.uvt.ro\/it\/wp-json\/wp\/v2\/comments?post=4378"}],"version-history":[{"count":6,"href":"http:\/\/cda.uvt.ro\/it\/wp-json\/wp\/v2\/pages\/4378\/revisions"}],"predecessor-version":[{"id":4384,"href":"http:\/\/cda.uvt.ro\/it\/wp-json\/wp\/v2\/pages\/4378\/revisions\/4384"}],"wp:attachment":[{"href":"http:\/\/cda.uvt.ro\/it\/wp-json\/wp\/v2\/media?parent=4378"}],"curies":[{"name":"wp","href":"https:\/\/api.w.org\/{rel}","templated":true}]}}