{"id":4361,"date":"2023-09-04T10:45:47","date_gmt":"2023-09-04T07:45:47","guid":{"rendered":"http:\/\/cda.uvt.ro\/workshop-cda-2023\/"},"modified":"2025-11-25T12:31:10","modified_gmt":"2025-11-25T09:31:10","slug":"workshop-cda-2023","status":"publish","type":"page","link":"http:\/\/cda.uvt.ro\/it\/workshop-cda-2023\/","title":{"rendered":"Workshopuri CDA 2023"},"content":{"rendered":"\t\t<div data-elementor-type=\"wp-page\" data-elementor-id=\"4361\" class=\"elementor elementor-4361 elementor-1881\" data-elementor-post-type=\"page\">\n\t\t\t\t\t\t<section class=\"elementor-section elementor-top-section elementor-element elementor-element-a0b323a elementor-section-boxed elementor-section-height-default elementor-section-height-default\" data-id=\"a0b323a\" data-element_type=\"section\">\n\t\t\t\t\t\t<div class=\"elementor-container elementor-column-gap-default\">\n\t\t\t\t\t<div class=\"elementor-column elementor-col-50 elementor-top-column elementor-element elementor-element-5c8159b\" data-id=\"5c8159b\" data-element_type=\"column\">\n\t\t\t<div class=\"elementor-widget-wrap elementor-element-populated\">\n\t\t\t\t\t\t<div class=\"elementor-element elementor-element-65bfca9 elementor-widget elementor-widget-heading\" data-id=\"65bfca9\" data-element_type=\"widget\" data-widget_type=\"heading.default\">\n\t\t\t\t<div class=\"elementor-widget-container\">\n\t\t\t\t\t<h1 class=\"elementor-heading-title elementor-size-default\">Workshop CDA 2023<\/h1>\t\t\t\t<\/div>\n\t\t\t\t<\/div>\n\t\t\t\t<div class=\"elementor-element elementor-element-060cb88 elementor-widget elementor-widget-text-editor\" data-id=\"060cb88\" data-element_type=\"widget\" data-widget_type=\"text-editor.default\">\n\t\t\t\t<div class=\"elementor-widget-container\">\n\t\t\t\t\t\t\t\t\t<h5>Obiettivo: Sviluppare le capacit\u00e0 di progettazione e implementazione del modello riflessivo-collaborativo (RCL) di formazione.<\/h5>\t\t\t\t\t\t\t\t<\/div>\n\t\t\t\t<\/div>\n\t\t\t\t<div class=\"elementor-element elementor-element-b14311a elementor-widget elementor-widget-text-editor\" data-id=\"b14311a\" data-element_type=\"widget\" data-widget_type=\"text-editor.default\">\n\t\t\t\t<div class=\"elementor-widget-container\">\n\t\t\t\t\t\t\t\t\t<p><strong>Informazioni generali<\/strong><\/p><p>Il modello riflessivo-collaborativo di istruzione (RCL), sviluppato presso l&#8217;Universit\u00e0 di Timi\u0219oara (UVT), combina in modo innovativo diversi concetti pedagogici moderni, quali modelli di istruzione, allineamento curricolare, risultati di apprendimento autentici, apprendimento collaborativo, apprendimento riflessivo, indicatori dei risultati di apprendimento, ecc. Tutti questi concetti sono riorganizzati in un sistema coerente di insegnamento e apprendimento, inquadrabile nella paradigma dell&#8217;istruzione incentrata sullo studente.<\/p><p>In questo contesto, negli ultimi mesi, il team CDA ha sviluppato workshop specifici per ciascuno di questi concetti pedagogici alla base del modello RCL. Sono stati quindi preparati i seguenti workshop: RCL &#8211; modello di istruzione, Autenticit\u00e0 dei risultati dell&#8217;apprendimento, Allineamento curricolare, Esperienze di apprendimento riflessivo, Esperienze di apprendimento collaborativo e Stimolare l&#8217;interesse degli studenti per lo studio. Nel periodo settembre-novembre 2023, il team CDA invita i membri della comunit\u00e0 accademica dell&#8217;UVT interessati alla modernizzazione delle attivit\u00e0 didattico-educative a partecipare a questi workshop.<\/p>\t\t\t\t\t\t\t\t<\/div>\n\t\t\t\t<\/div>\n\t\t\t\t\t<\/div>\n\t\t<\/div>\n\t\t\t\t<div class=\"elementor-column elementor-col-50 elementor-top-column elementor-element elementor-element-8cc1ef7\" data-id=\"8cc1ef7\" data-element_type=\"column\">\n\t\t\t<div class=\"elementor-widget-wrap elementor-element-populated\">\n\t\t\t\t\t\t<div class=\"elementor-element elementor-element-10c4bcb elementor-widget elementor-widget-image\" data-id=\"10c4bcb\" data-element_type=\"widget\" data-widget_type=\"image.default\">\n\t\t\t\t<div class=\"elementor-widget-container\">\n\t\t\t\t\t\t\t\t\t\t\t\t\t\t\t<img fetchpriority=\"high\" decoding=\"async\" width=\"480\" height=\"422\" src=\"http:\/\/cda.uvt.ro\/wp-content\/uploads\/2023\/09\/logo.png\" class=\"attachment-large size-large wp-image-4352\" alt=\"\" srcset=\"http:\/\/cda.uvt.ro\/wp-content\/uploads\/2023\/09\/logo.png 480w, http:\/\/cda.uvt.ro\/wp-content\/uploads\/2023\/09\/logo-300x264.png 300w\" sizes=\"(max-width: 480px) 100vw, 480px\" \/>\t\t\t\t\t\t\t\t\t\t\t\t\t\t\t<\/div>\n\t\t\t\t<\/div>\n\t\t\t\t<div class=\"elementor-element elementor-element-ca548f4 elementor-align-center elementor-widget elementor-widget-button\" data-id=\"ca548f4\" data-element_type=\"widget\" data-widget_type=\"button.default\">\n\t\t\t\t<div class=\"elementor-widget-container\">\n\t\t\t\t\t\t\t\t\t<div class=\"elementor-button-wrapper\">\n\t\t\t\t\t<a class=\"elementor-button elementor-button-link elementor-size-sm\" href=\"https:\/\/forms.gle\/1xXSpmMNdZ8FrBsdA\">\n\t\t\t\t\t\t<span class=\"elementor-button-content-wrapper\">\n\t\t\t\t\t\t\t\t\t<span class=\"elementor-button-text\">Iscriviti al workshop!<\/span>\n\t\t\t\t\t<\/span>\n\t\t\t\t\t<\/a>\n\t\t\t\t<\/div>\n\t\t\t\t\t\t\t\t<\/div>\n\t\t\t\t<\/div>\n\t\t\t\t\t<\/div>\n\t\t<\/div>\n\t\t\t\t\t<\/div>\n\t\t<\/section>\n\t\t\t\t<section class=\"elementor-section elementor-top-section elementor-element elementor-element-28d59a3 elementor-section-boxed elementor-section-height-default elementor-section-height-default\" data-id=\"28d59a3\" data-element_type=\"section\">\n\t\t\t\t\t\t<div class=\"elementor-container elementor-column-gap-default\">\n\t\t\t\t\t<div class=\"elementor-column elementor-col-100 elementor-top-column elementor-element elementor-element-9303b9f\" data-id=\"9303b9f\" data-element_type=\"column\">\n\t\t\t<div class=\"elementor-widget-wrap elementor-element-populated\">\n\t\t\t\t\t\t<div class=\"elementor-element elementor-element-6606863 elementor-widget elementor-widget-text-editor\" data-id=\"6606863\" data-element_type=\"widget\" data-widget_type=\"text-editor.default\">\n\t\t\t\t<div class=\"elementor-widget-container\">\n\t\t\t\t\t\t\t\t\t<p><strong>Per partecipare a un workshop<\/strong>, \u00e8 necessario compilare il modulo di iscrizione, accedendo a questo <a href=\"https:\/\/forms.gle\/szzZc3hw4XFfiQL58\">link<\/a>. 7 giorni e, rispettivamente, 24 ore prima dell&#8217;evento riceverete un&#8217;e-mail con l&#8217;invito a partecipare. L&#8217;iscrizione \u00e8 soggetta alla disponibilit\u00e0 dei posti, tenendo conto che a ogni<strong> evento possono partecipare al massimo 15 person<\/strong>e. Una persona pu\u00f2 partecipare a tutti i workshop che desidera. L&#8217;unico criterio di selezione \u00e8 quello del \u201c<strong>primo arrivato, primo servito<\/strong>\u201d.<\/p><p>Il calendario generale dei workshop \u00e8 riportato nella tabella sottostante. \u00c8 possibile scegliere una qualsiasi delle date di svolgimento di un workshop. \u00c8 possibile partecipare a tutti i workshop desiderati, nei limiti dei posti disponibili, ma solo una volta allo stesso workshop. Ogni workshop \u00e8 organizzato e svolto, in modo simile, in tre date diverse.<\/p><p>Per la descrizione dei workshop, consultare questo <a href=\"https:\/\/forms.gle\/szzZc3hw4XFfiQL58\">documento<\/a>.<\/p>\t\t\t\t\t\t\t\t<\/div>\n\t\t\t\t<\/div>\n\t\t\t\t<div class=\"elementor-element elementor-element-2197aab elementor-widget elementor-widget-heading\" data-id=\"2197aab\" data-element_type=\"widget\" data-widget_type=\"heading.default\">\n\t\t\t\t<div class=\"elementor-widget-container\">\n\t\t\t\t\t<h3 class=\"elementor-heading-title elementor-size-default\">Programma workshop<\/h3>\t\t\t\t<\/div>\n\t\t\t\t<\/div>\n\t\t\t\t<div class=\"elementor-element elementor-element-295c237 elementor-widget elementor-widget-image\" data-id=\"295c237\" data-element_type=\"widget\" data-widget_type=\"image.default\">\n\t\t\t\t<div class=\"elementor-widget-container\">\n\t\t\t\t\t\t\t\t\t\t\t\t\t\t\t<img decoding=\"async\" width=\"800\" height=\"593\" src=\"http:\/\/cda.uvt.ro\/wp-content\/uploads\/2023\/10\/tabel-cda.png\" class=\"attachment-large size-large wp-image-4353\" alt=\"\" srcset=\"http:\/\/cda.uvt.ro\/wp-content\/uploads\/2023\/10\/tabel-cda.png 852w, http:\/\/cda.uvt.ro\/wp-content\/uploads\/2023\/10\/tabel-cda-300x223.png 300w, http:\/\/cda.uvt.ro\/wp-content\/uploads\/2023\/10\/tabel-cda-768x570.png 768w\" sizes=\"(max-width: 800px) 100vw, 800px\" \/>\t\t\t\t\t\t\t\t\t\t\t\t\t\t\t<\/div>\n\t\t\t\t<\/div>\n\t\t\t\t<div class=\"elementor-element elementor-element-125fcc6 elementor-widget elementor-widget-text-editor\" data-id=\"125fcc6\" data-element_type=\"widget\" data-widget_type=\"text-editor.default\">\n\t\t\t\t<div class=\"elementor-widget-container\">\n\t\t\t\t\t\t\t\t\t<p><strong>Formato dei workshop CDA<\/strong><\/p><ul><li>massimo 15 partecipanti per sessione di workshop;<\/li><li>il workshop \u00e8 tenuto in formato RCL \u2013 seminario;<\/li><li>in ogni workshop viene evidenziato il legame tra il concetto centrale del workshop e il modello RCL;<\/li><li>la durata di un workshop \u00e8 di massimo 3 ore, di cui un&#8217;ora e mezza dedicata all&#8217;input teorico e un&#8217;ora e mezza dedicata alle attivit\u00e0 pratiche;<\/li><li>il risultato autentico perseguito dal workshop viene completato durante il workshop stesso;<\/li><li>le applicazioni del workshop vengono realizzate in una disciplina reale, denominata disciplina di riferimento, scelta da ciascun partecipante;<\/li><li>ogni partecipante che completa un workshop riceve il certificato CDA di partecipazione e 2 punti di formazione CDA (PF-CDA).<\/li><\/ul>\t\t\t\t\t\t\t\t<\/div>\n\t\t\t\t<\/div>\n\t\t\t\t<div class=\"elementor-element elementor-element-b7ea57a elementor-align-center elementor-widget elementor-widget-button\" data-id=\"b7ea57a\" data-element_type=\"widget\" data-widget_type=\"button.default\">\n\t\t\t\t<div class=\"elementor-widget-container\">\n\t\t\t\t\t\t\t\t\t<div class=\"elementor-button-wrapper\">\n\t\t\t\t\t<a class=\"elementor-button elementor-button-link elementor-size-sm\" href=\"https:\/\/forms.gle\/1xXSpmMNdZ8FrBsdA\">\n\t\t\t\t\t\t<span class=\"elementor-button-content-wrapper\">\n\t\t\t\t\t\t\t\t\t<span class=\"elementor-button-text\">Iscriviti al workshop!<\/span>\n\t\t\t\t\t<\/span>\n\t\t\t\t\t<\/a>\n\t\t\t\t<\/div>\n\t\t\t\t\t\t\t\t<\/div>\n\t\t\t\t<\/div>\n\t\t\t\t\t<\/div>\n\t\t<\/div>\n\t\t\t\t\t<\/div>\n\t\t<\/section>\n\t\t\t\t<section class=\"elementor-section elementor-top-section elementor-element elementor-element-70ce31b elementor-section-boxed elementor-section-height-default elementor-section-height-default\" data-id=\"70ce31b\" data-element_type=\"section\">\n\t\t\t\t\t\t<div class=\"elementor-container elementor-column-gap-default\">\n\t\t\t\t\t<div class=\"elementor-column elementor-col-33 elementor-top-column elementor-element elementor-element-f6a3ecc\" data-id=\"f6a3ecc\" data-element_type=\"column\">\n\t\t\t<div class=\"elementor-widget-wrap elementor-element-populated\">\n\t\t\t\t\t\t<div class=\"elementor-element elementor-element-b485751 elementor-widget elementor-widget-image\" data-id=\"b485751\" data-element_type=\"widget\" data-widget_type=\"image.default\">\n\t\t\t\t<div class=\"elementor-widget-container\">\n\t\t\t\t\t\t\t\t\t\t\t\t\t\t\t\t<a href=\"http:\/\/cda.uvt.ro\/wp-content\/uploads\/2023\/10\/Screenshot_RCL_model-semi-algoritmizat.pdf\">\n\t\t\t\t\t\t\t<img decoding=\"async\" width=\"724\" height=\"1024\" src=\"http:\/\/cda.uvt.ro\/wp-content\/uploads\/2023\/10\/Screenshot_RCL_model-semi-algoritmizat-724x1024.jpg\" class=\"attachment-large size-large wp-image-4354\" alt=\"\" srcset=\"http:\/\/cda.uvt.ro\/wp-content\/uploads\/2023\/10\/Screenshot_RCL_model-semi-algoritmizat-724x1024.jpg 724w, http:\/\/cda.uvt.ro\/wp-content\/uploads\/2023\/10\/Screenshot_RCL_model-semi-algoritmizat-212x300.jpg 212w, http:\/\/cda.uvt.ro\/wp-content\/uploads\/2023\/10\/Screenshot_RCL_model-semi-algoritmizat-768x1086.jpg 768w, http:\/\/cda.uvt.ro\/wp-content\/uploads\/2023\/10\/Screenshot_RCL_model-semi-algoritmizat-1086x1536.jpg 1086w, http:\/\/cda.uvt.ro\/wp-content\/uploads\/2023\/10\/Screenshot_RCL_model-semi-algoritmizat-1448x2048.jpg 1448w, http:\/\/cda.uvt.ro\/wp-content\/uploads\/2023\/10\/Screenshot_RCL_model-semi-algoritmizat.jpg 1654w\" sizes=\"(max-width: 724px) 100vw, 724px\" \/>\t\t\t\t\t\t\t\t<\/a>\n\t\t\t\t\t\t\t\t\t\t\t\t\t\t\t<\/div>\n\t\t\t\t<\/div>\n\t\t\t\t\t<\/div>\n\t\t<\/div>\n\t\t\t\t<div class=\"elementor-column elementor-col-33 elementor-top-column elementor-element elementor-element-c72bfcf\" data-id=\"c72bfcf\" data-element_type=\"column\">\n\t\t\t<div class=\"elementor-widget-wrap elementor-element-populated\">\n\t\t\t\t\t\t<div class=\"elementor-element elementor-element-d4a41bd elementor-widget elementor-widget-image\" data-id=\"d4a41bd\" data-element_type=\"widget\" data-widget_type=\"image.default\">\n\t\t\t\t<div class=\"elementor-widget-container\">\n\t\t\t\t\t\t\t\t\t\t\t\t\t\t\t\t<a href=\"http:\/\/cda.uvt.ro\/wp-content\/uploads\/2023\/09\/Workshop-CDA-2023-Autenticitatea-rezultatelor-invatarii.pdf\" target=\"_blank\">\n\t\t\t\t\t\t\t<img loading=\"lazy\" decoding=\"async\" width=\"454\" height=\"645\" src=\"http:\/\/cda.uvt.ro\/wp-content\/uploads\/2023\/09\/2.jpg\" class=\"attachment-large size-large wp-image-4355\" alt=\"\" srcset=\"http:\/\/cda.uvt.ro\/wp-content\/uploads\/2023\/09\/2.jpg 454w, http:\/\/cda.uvt.ro\/wp-content\/uploads\/2023\/09\/2-211x300.jpg 211w\" sizes=\"(max-width: 454px) 100vw, 454px\" \/>\t\t\t\t\t\t\t\t<\/a>\n\t\t\t\t\t\t\t\t\t\t\t\t\t\t\t<\/div>\n\t\t\t\t<\/div>\n\t\t\t\t\t<\/div>\n\t\t<\/div>\n\t\t\t\t<div class=\"elementor-column elementor-col-33 elementor-top-column elementor-element elementor-element-6325233\" data-id=\"6325233\" data-element_type=\"column\">\n\t\t\t<div class=\"elementor-widget-wrap elementor-element-populated\">\n\t\t\t\t\t\t<div class=\"elementor-element elementor-element-d65f393 elementor-widget elementor-widget-image\" data-id=\"d65f393\" data-element_type=\"widget\" data-widget_type=\"image.default\">\n\t\t\t\t<div class=\"elementor-widget-container\">\n\t\t\t\t\t\t\t\t\t\t\t\t\t\t\t\t<a href=\"http:\/\/cda.uvt.ro\/wp-content\/uploads\/2023\/10\/3-Workshop-CDA-2023-Aliniere-curriculara.pdf\" target=\"_blank\">\n\t\t\t\t\t\t\t<img loading=\"lazy\" decoding=\"async\" width=\"724\" height=\"1024\" src=\"http:\/\/cda.uvt.ro\/wp-content\/uploads\/2023\/09\/3-Workshop-CDA-2023-Aliniere-curriculara-724x1024.jpg\" class=\"attachment-large size-large wp-image-4356\" alt=\"\" srcset=\"http:\/\/cda.uvt.ro\/wp-content\/uploads\/2023\/09\/3-Workshop-CDA-2023-Aliniere-curriculara-724x1024.jpg 724w, http:\/\/cda.uvt.ro\/wp-content\/uploads\/2023\/09\/3-Workshop-CDA-2023-Aliniere-curriculara-212x300.jpg 212w, http:\/\/cda.uvt.ro\/wp-content\/uploads\/2023\/09\/3-Workshop-CDA-2023-Aliniere-curriculara-768x1086.jpg 768w, http:\/\/cda.uvt.ro\/wp-content\/uploads\/2023\/09\/3-Workshop-CDA-2023-Aliniere-curriculara-1086x1536.jpg 1086w, http:\/\/cda.uvt.ro\/wp-content\/uploads\/2023\/09\/3-Workshop-CDA-2023-Aliniere-curriculara-1448x2048.jpg 1448w, http:\/\/cda.uvt.ro\/wp-content\/uploads\/2023\/09\/3-Workshop-CDA-2023-Aliniere-curriculara.jpg 1654w\" sizes=\"(max-width: 724px) 100vw, 724px\" \/>\t\t\t\t\t\t\t\t<\/a>\n\t\t\t\t\t\t\t\t\t\t\t\t\t\t\t<\/div>\n\t\t\t\t<\/div>\n\t\t\t\t\t<\/div>\n\t\t<\/div>\n\t\t\t\t\t<\/div>\n\t\t<\/section>\n\t\t\t\t<section class=\"elementor-section elementor-top-section elementor-element elementor-element-7d1eaa4 elementor-section-boxed elementor-section-height-default elementor-section-height-default\" data-id=\"7d1eaa4\" data-element_type=\"section\">\n\t\t\t\t\t\t<div class=\"elementor-container elementor-column-gap-default\">\n\t\t\t\t\t<div class=\"elementor-column elementor-col-33 elementor-top-column elementor-element elementor-element-6616092\" data-id=\"6616092\" data-element_type=\"column\">\n\t\t\t<div class=\"elementor-widget-wrap elementor-element-populated\">\n\t\t\t\t\t\t<div class=\"elementor-element elementor-element-38588e6 elementor-widget elementor-widget-image\" data-id=\"38588e6\" data-element_type=\"widget\" data-widget_type=\"image.default\">\n\t\t\t\t<div class=\"elementor-widget-container\">\n\t\t\t\t\t\t\t\t\t\t\t\t\t\t\t\t<a href=\"http:\/\/cda.uvt.ro\/wp-content\/uploads\/2023\/10\/Screenshot_RCL_Experiente-de-invatare-reflexiva.pdf\" target=\"_blank\">\n\t\t\t\t\t\t\t<img loading=\"lazy\" decoding=\"async\" width=\"724\" height=\"1024\" src=\"http:\/\/cda.uvt.ro\/wp-content\/uploads\/2023\/10\/Screenshot_RCL_Experiente-de-invatare-reflexiva-724x1024.jpg\" class=\"attachment-large size-large wp-image-4357\" alt=\"\" srcset=\"http:\/\/cda.uvt.ro\/wp-content\/uploads\/2023\/10\/Screenshot_RCL_Experiente-de-invatare-reflexiva-724x1024.jpg 724w, http:\/\/cda.uvt.ro\/wp-content\/uploads\/2023\/10\/Screenshot_RCL_Experiente-de-invatare-reflexiva-212x300.jpg 212w, http:\/\/cda.uvt.ro\/wp-content\/uploads\/2023\/10\/Screenshot_RCL_Experiente-de-invatare-reflexiva-768x1086.jpg 768w, http:\/\/cda.uvt.ro\/wp-content\/uploads\/2023\/10\/Screenshot_RCL_Experiente-de-invatare-reflexiva-1086x1536.jpg 1086w, http:\/\/cda.uvt.ro\/wp-content\/uploads\/2023\/10\/Screenshot_RCL_Experiente-de-invatare-reflexiva-1448x2048.jpg 1448w, http:\/\/cda.uvt.ro\/wp-content\/uploads\/2023\/10\/Screenshot_RCL_Experiente-de-invatare-reflexiva.jpg 1654w\" sizes=\"(max-width: 724px) 100vw, 724px\" \/>\t\t\t\t\t\t\t\t<\/a>\n\t\t\t\t\t\t\t\t\t\t\t\t\t\t\t<\/div>\n\t\t\t\t<\/div>\n\t\t\t\t\t<\/div>\n\t\t<\/div>\n\t\t\t\t<div class=\"elementor-column elementor-col-33 elementor-top-column elementor-element elementor-element-98e1c38\" data-id=\"98e1c38\" data-element_type=\"column\">\n\t\t\t<div class=\"elementor-widget-wrap elementor-element-populated\">\n\t\t\t\t\t\t<div class=\"elementor-element elementor-element-6b53bb9 elementor-widget elementor-widget-image\" data-id=\"6b53bb9\" data-element_type=\"widget\" data-widget_type=\"image.default\">\n\t\t\t\t<div class=\"elementor-widget-container\">\n\t\t\t\t\t\t\t\t\t\t\t\t\t\t\t\t<a href=\"http:\/\/cda.uvt.ro\/wp-content\/uploads\/2023\/09\/Workshop-CDA-2023-Experiente-de-invatare-colaborativa.pdf\" target=\"_blank\">\n\t\t\t\t\t\t\t<img loading=\"lazy\" decoding=\"async\" width=\"457\" height=\"646\" src=\"http:\/\/cda.uvt.ro\/wp-content\/uploads\/2023\/09\/5.jpg\" class=\"attachment-large size-large wp-image-4358\" alt=\"\" srcset=\"http:\/\/cda.uvt.ro\/wp-content\/uploads\/2023\/09\/5.jpg 457w, http:\/\/cda.uvt.ro\/wp-content\/uploads\/2023\/09\/5-212x300.jpg 212w\" sizes=\"(max-width: 457px) 100vw, 457px\" \/>\t\t\t\t\t\t\t\t<\/a>\n\t\t\t\t\t\t\t\t\t\t\t\t\t\t\t<\/div>\n\t\t\t\t<\/div>\n\t\t\t\t\t<\/div>\n\t\t<\/div>\n\t\t\t\t<div class=\"elementor-column elementor-col-33 elementor-top-column elementor-element elementor-element-7b108d1\" data-id=\"7b108d1\" data-element_type=\"column\">\n\t\t\t<div class=\"elementor-widget-wrap elementor-element-populated\">\n\t\t\t\t\t\t<div class=\"elementor-element elementor-element-2809bd4 elementor-widget elementor-widget-image\" data-id=\"2809bd4\" data-element_type=\"widget\" data-widget_type=\"image.default\">\n\t\t\t\t<div class=\"elementor-widget-container\">\n\t\t\t\t\t\t\t\t\t\t\t\t\t\t\t\t<a href=\"http:\/\/cda.uvt.ro\/wp-content\/uploads\/2023\/09\/Workshop-CDA-2023-Stimularea-interesului-studentului-pentru-studiu.pdf\" target=\"_blank\">\n\t\t\t\t\t\t\t<img loading=\"lazy\" decoding=\"async\" width=\"455\" height=\"645\" src=\"http:\/\/cda.uvt.ro\/wp-content\/uploads\/2023\/09\/3.jpg\" class=\"attachment-large size-large wp-image-4359\" alt=\"\" srcset=\"http:\/\/cda.uvt.ro\/wp-content\/uploads\/2023\/09\/3.jpg 455w, http:\/\/cda.uvt.ro\/wp-content\/uploads\/2023\/09\/3-212x300.jpg 212w\" sizes=\"(max-width: 455px) 100vw, 455px\" \/>\t\t\t\t\t\t\t\t<\/a>\n\t\t\t\t\t\t\t\t\t\t\t\t\t\t\t<\/div>\n\t\t\t\t<\/div>\n\t\t\t\t\t<\/div>\n\t\t<\/div>\n\t\t\t\t\t<\/div>\n\t\t<\/section>\n\t\t\t\t<\/div>\n\t\t","protected":false},"excerpt":{"rendered":"<p>Workshop CDA 2023 Obiettivo: Sviluppare le capacit\u00e0 di progettazione e implementazione del modello riflessivo-collaborativo (RCL) di formazione. Informazioni generali Il modello riflessivo-collaborativo di istruzione (RCL), sviluppato presso l&#8217;Universit\u00e0 di Timi\u0219oara (UVT), combina in modo innovativo diversi concetti pedagogici moderni, quali modelli di istruzione, allineamento curricolare, risultati di apprendimento autentici, apprendimento collaborativo, apprendimento riflessivo, indicatori dei [&hellip;]<\/p>\n","protected":false},"author":8,"featured_media":0,"parent":0,"menu_order":0,"comment_status":"closed","ping_status":"closed","template":"","meta":{"_acf_changed":false,"footnotes":""},"class_list":["post-4361","page","type-page","status-publish","hentry"],"acf":[],"_links":{"self":[{"href":"http:\/\/cda.uvt.ro\/it\/wp-json\/wp\/v2\/pages\/4361","targetHints":{"allow":["GET"]}}],"collection":[{"href":"http:\/\/cda.uvt.ro\/it\/wp-json\/wp\/v2\/pages"}],"about":[{"href":"http:\/\/cda.uvt.ro\/it\/wp-json\/wp\/v2\/types\/page"}],"author":[{"embeddable":true,"href":"http:\/\/cda.uvt.ro\/it\/wp-json\/wp\/v2\/users\/8"}],"replies":[{"embeddable":true,"href":"http:\/\/cda.uvt.ro\/it\/wp-json\/wp\/v2\/comments?post=4361"}],"version-history":[{"count":6,"href":"http:\/\/cda.uvt.ro\/it\/wp-json\/wp\/v2\/pages\/4361\/revisions"}],"predecessor-version":[{"id":4369,"href":"http:\/\/cda.uvt.ro\/it\/wp-json\/wp\/v2\/pages\/4361\/revisions\/4369"}],"wp:attachment":[{"href":"http:\/\/cda.uvt.ro\/it\/wp-json\/wp\/v2\/media?parent=4361"}],"curies":[{"name":"wp","href":"https:\/\/api.w.org\/{rel}","templated":true}]}}