{"id":4337,"date":"2024-09-18T09:21:30","date_gmt":"2024-09-18T06:21:30","guid":{"rendered":"http:\/\/cda.uvt.ro\/workshopuri-cda-2024\/"},"modified":"2025-11-25T12:14:12","modified_gmt":"2025-11-25T09:14:12","slug":"workshopuri-cda-2024","status":"publish","type":"page","link":"http:\/\/cda.uvt.ro\/it\/workshopuri-cda-2024\/","title":{"rendered":"Workshopuri CDA 2024"},"content":{"rendered":"\t\t<div data-elementor-type=\"wp-page\" data-elementor-id=\"4337\" class=\"elementor elementor-4337 elementor-2831\" data-elementor-post-type=\"page\">\n\t\t\t\t\t\t<section class=\"elementor-section elementor-top-section elementor-element elementor-element-a0b323a elementor-section-boxed elementor-section-height-default elementor-section-height-default\" data-id=\"a0b323a\" data-element_type=\"section\">\n\t\t\t\t\t\t<div class=\"elementor-container elementor-column-gap-default\">\n\t\t\t\t\t<div class=\"elementor-column elementor-col-50 elementor-top-column elementor-element elementor-element-5c8159b\" data-id=\"5c8159b\" data-element_type=\"column\">\n\t\t\t<div class=\"elementor-widget-wrap elementor-element-populated\">\n\t\t\t\t\t\t<div class=\"elementor-element elementor-element-65bfca9 elementor-widget elementor-widget-heading\" data-id=\"65bfca9\" data-element_type=\"widget\" data-widget_type=\"heading.default\">\n\t\t\t\t<div class=\"elementor-widget-container\">\n\t\t\t\t\t<h1 class=\"elementor-heading-title elementor-size-default\">Workshop CDA 2024<\/h1>\t\t\t\t<\/div>\n\t\t\t\t<\/div>\n\t\t\t\t<div class=\"elementor-element elementor-element-060cb88 elementor-widget elementor-widget-text-editor\" data-id=\"060cb88\" data-element_type=\"widget\" data-widget_type=\"text-editor.default\">\n\t\t\t\t<div class=\"elementor-widget-container\">\n\t\t\t\t\t\t\t\t\t<h5>Obiettivo: Sviluppare le capacit\u00e0 di progettazione e implementazione del modello riflessivo-collaborativo (RCL) di formazione.<\/h5>\t\t\t\t\t\t\t\t<\/div>\n\t\t\t\t<\/div>\n\t\t\t\t<div class=\"elementor-element elementor-element-b14311a elementor-widget elementor-widget-text-editor\" data-id=\"b14311a\" data-element_type=\"widget\" data-widget_type=\"text-editor.default\">\n\t\t\t\t<div class=\"elementor-widget-container\">\n\t\t\t\t\t\t\t\t\t<p><strong>Informazioni generali<\/strong><\/p><p>Il modello riflessivo-collaborativo di istruzione (RCL), sviluppato presso l&#8217;Universit\u00e0 di Timi\u0219oara (UVT), combina in modo innovativo diversi concetti pedagogici moderni, quali modelli di istruzione, allineamento curricolare, risultati di apprendimento autentici, apprendimento collaborativo, apprendimento riflessivo, indicatori dei risultati di apprendimento, ecc. Tutti questi concetti sono riorganizzati in un sistema coerente di insegnamento e apprendimento, inquadrabile nella paradigma dell&#8217;istruzione incentrata sullo studente. In questo contesto, negli ultimi mesi, il team CDA ha sviluppato workshop specifici per ciascuno di questi concetti pedagogici alla base del modello RCL.<\/p><p>Sono stati quindi preparati i seguenti workshop:<\/p><ul><li>RCL \u2013 modello di formazione<\/li><li>Allineamento curricolare<\/li><li>Autenticit\u00e0 dei risultati dell&#8217;apprendimento<\/li><li>Esperienze di apprendimento riflessivo<\/li><li>Esperienze di apprendimento collaborativo<\/li><li>Stimolare l&#8217;interesse degli studenti per lo studio<\/li><li>Intelligenza artificiale<\/li><\/ul><p>Nel periodo <strong>ottobre-novembre 2024<\/strong>, il team CDA invita i membri della comunit\u00e0 accademica dell&#8217;UVT interessati alla modernizzazione delle attivit\u00e0 didattico-educative a partecipare a questi workshop.<\/p>\t\t\t\t\t\t\t\t<\/div>\n\t\t\t\t<\/div>\n\t\t\t\t\t<\/div>\n\t\t<\/div>\n\t\t\t\t<div class=\"elementor-column elementor-col-50 elementor-top-column elementor-element elementor-element-8cc1ef7\" data-id=\"8cc1ef7\" data-element_type=\"column\">\n\t\t\t<div class=\"elementor-widget-wrap elementor-element-populated\">\n\t\t\t\t\t\t<div class=\"elementor-element elementor-element-10c4bcb elementor-widget elementor-widget-image\" data-id=\"10c4bcb\" data-element_type=\"widget\" data-widget_type=\"image.default\">\n\t\t\t\t<div class=\"elementor-widget-container\">\n\t\t\t\t\t\t\t\t\t\t\t\t\t\t\t\t<a href=\"http:\/\/cda.uvt.ro\/wp-content\/uploads\/2024\/10\/WorkshopuriCDA-2024_3.pdf\">\n\t\t\t\t\t\t\t<img fetchpriority=\"high\" decoding=\"async\" width=\"679\" height=\"765\" src=\"http:\/\/cda.uvt.ro\/wp-content\/uploads\/2024\/09\/Screenshot-2024-09-18-092502.png\" class=\"attachment-large size-large wp-image-4334\" alt=\"\" srcset=\"http:\/\/cda.uvt.ro\/wp-content\/uploads\/2024\/09\/Screenshot-2024-09-18-092502.png 679w, http:\/\/cda.uvt.ro\/wp-content\/uploads\/2024\/09\/Screenshot-2024-09-18-092502-266x300.png 266w\" sizes=\"(max-width: 679px) 100vw, 679px\" \/>\t\t\t\t\t\t\t\t<\/a>\n\t\t\t\t\t\t\t\t\t\t\t\t\t\t\t<\/div>\n\t\t\t\t<\/div>\n\t\t\t\t<div class=\"elementor-element elementor-element-ca548f4 elementor-align-center elementor-widget elementor-widget-button\" data-id=\"ca548f4\" data-element_type=\"widget\" data-widget_type=\"button.default\">\n\t\t\t\t<div class=\"elementor-widget-container\">\n\t\t\t\t\t\t\t\t\t<div class=\"elementor-button-wrapper\">\n\t\t\t\t\t<a class=\"elementor-button elementor-button-link elementor-size-lg\" href=\"https:\/\/docs.google.com\/forms\/d\/e\/1FAIpQLScgBmbu8JYMQfQZD8OVwwHJeDNEDcvd674gm_F7yQPbYR4pxg\/viewform\">\n\t\t\t\t\t\t<span class=\"elementor-button-content-wrapper\">\n\t\t\t\t\t\t\t\t\t<span class=\"elementor-button-text\">Iscriviti al workshop!<\/span>\n\t\t\t\t\t<\/span>\n\t\t\t\t\t<\/a>\n\t\t\t\t<\/div>\n\t\t\t\t\t\t\t\t<\/div>\n\t\t\t\t<\/div>\n\t\t\t\t\t<\/div>\n\t\t<\/div>\n\t\t\t\t\t<\/div>\n\t\t<\/section>\n\t\t\t\t<section class=\"elementor-section elementor-top-section elementor-element elementor-element-28d59a3 elementor-section-boxed elementor-section-height-default elementor-section-height-default\" data-id=\"28d59a3\" data-element_type=\"section\">\n\t\t\t\t\t\t<div class=\"elementor-container elementor-column-gap-default\">\n\t\t\t\t\t<div class=\"elementor-column elementor-col-100 elementor-top-column elementor-element elementor-element-9303b9f\" data-id=\"9303b9f\" data-element_type=\"column\">\n\t\t\t<div class=\"elementor-widget-wrap elementor-element-populated\">\n\t\t\t\t\t\t<div class=\"elementor-element elementor-element-6606863 elementor-widget elementor-widget-text-editor\" data-id=\"6606863\" data-element_type=\"widget\" data-widget_type=\"text-editor.default\">\n\t\t\t\t<div class=\"elementor-widget-container\">\n\t\t\t\t\t\t\t\t\t<h5>Per partecipare a un workshop,<\/h5><p>\u00e8 necessario accedere e compilare <strong><a href=\"https:\/\/forms.gle\/VAqQywfpkJPiYC7M7\">modulo di iscrizione<\/a><\/strong>. 7 giorni e 24 ore prima dell&#8217;evento riceverete un&#8217;e-mail con l&#8217;invito a partecipare. L&#8217;iscrizione \u00e8 soggetta alla disponibilit\u00e0 dei posti, tenendo conto che a <strong>ogni evento possono partecipare al massimo 15 persone<\/strong>. Una persona pu\u00f2 partecipare a tutti i workshop che desidera. L&#8217;unico criterio di selezione \u00e8 quello del \u201c<strong>primo arrivato, primo servito<\/strong>\u201d.<\/p><p>Il calendario generale dei workshop \u00e8 riportato nella tabella sottostante. \u00c8 possibile scegliere una qualsiasi delle date di svolgimento di un workshop. \u00c8 possibile partecipare a tutti i workshop che si desidera, nei limiti dei posti disponibili, ma solo una volta allo stesso workshop. Ogni workshop \u00e8 organizzato e svolto, in modo simile, in tre date diverse.<\/p><p>Per la descrizione dei workshop, consultare questo <a href=\"http:\/\/cda.uvt.ro\/wp-content\/uploads\/2024\/10\/WorkshopuriCDA-2024_3.pdf\">documento.<\/a><\/p><p>\u00a0<\/p>\t\t\t\t\t\t\t\t<\/div>\n\t\t\t\t<\/div>\n\t\t\t\t<div class=\"elementor-element elementor-element-2197aab elementor-widget elementor-widget-heading\" data-id=\"2197aab\" data-element_type=\"widget\" data-widget_type=\"heading.default\">\n\t\t\t\t<div class=\"elementor-widget-container\">\n\t\t\t\t\t<h3 class=\"elementor-heading-title elementor-size-default\">Programma workshop<\/h3>\t\t\t\t<\/div>\n\t\t\t\t<\/div>\n\t\t\t\t<div class=\"elementor-element elementor-element-295c237 elementor-widget elementor-widget-image\" data-id=\"295c237\" data-element_type=\"widget\" data-widget_type=\"image.default\">\n\t\t\t\t<div class=\"elementor-widget-container\">\n\t\t\t\t\t\t\t\t\t\t\t\t\t\t\t<img decoding=\"async\" width=\"744\" height=\"562\" src=\"http:\/\/cda.uvt.ro\/wp-content\/uploads\/2024\/10\/program3.png\" class=\"attachment-large size-large wp-image-4335\" alt=\"\" srcset=\"http:\/\/cda.uvt.ro\/wp-content\/uploads\/2024\/10\/program3.png 744w, http:\/\/cda.uvt.ro\/wp-content\/uploads\/2024\/10\/program3-300x227.png 300w\" sizes=\"(max-width: 744px) 100vw, 744px\" \/>\t\t\t\t\t\t\t\t\t\t\t\t\t\t\t<\/div>\n\t\t\t\t<\/div>\n\t\t\t\t<div class=\"elementor-element elementor-element-125fcc6 elementor-widget elementor-widget-text-editor\" data-id=\"125fcc6\" data-element_type=\"widget\" data-widget_type=\"text-editor.default\">\n\t\t\t\t<div class=\"elementor-widget-container\">\n\t\t\t\t\t\t\t\t\t<p>Formato dei workshop CDA<\/p><ul><li>massimo 15 partecipanti per sessione di workshop;<\/li><li>il workshop \u00e8 tenuto in formato RCL \u2013 seminario;<\/li><li>in ogni workshop viene evidenziato il legame tra il concetto centrale del workshop e il modello RCL;<\/li><li>la durata di un workshop \u00e8 di massimo 3 ore, di cui un&#8217;ora e mezza dedicata all&#8217;input teorico e un&#8217;ora e mezza dedicata alle attivit\u00e0 pratiche;<\/li><li>il risultato autentico perseguito dal workshop viene completato durante il workshop stesso;<\/li><li>le applicazioni del workshop vengono realizzate in una disciplina reale, denominata disciplina di riferimento, scelta da ciascun partecipante;<\/li><li>ogni partecipante che completa un workshop riceve il certificato CDA di partecipazione e 2 punti di formazione CDA (PF-CDA).<\/li><\/ul>\t\t\t\t\t\t\t\t<\/div>\n\t\t\t\t<\/div>\n\t\t\t\t<div class=\"elementor-element elementor-element-b7ea57a elementor-align-center elementor-widget elementor-widget-button\" data-id=\"b7ea57a\" data-element_type=\"widget\" data-widget_type=\"button.default\">\n\t\t\t\t<div class=\"elementor-widget-container\">\n\t\t\t\t\t\t\t\t\t<div class=\"elementor-button-wrapper\">\n\t\t\t\t\t<a class=\"elementor-button elementor-button-link elementor-size-lg\" href=\"https:\/\/docs.google.com\/forms\/d\/e\/1FAIpQLScgBmbu8JYMQfQZD8OVwwHJeDNEDcvd674gm_F7yQPbYR4pxg\/viewform\">\n\t\t\t\t\t\t<span class=\"elementor-button-content-wrapper\">\n\t\t\t\t\t\t\t\t\t<span class=\"elementor-button-text\">Iscriviti al workshop!<\/span>\n\t\t\t\t\t<\/span>\n\t\t\t\t\t<\/a>\n\t\t\t\t<\/div>\n\t\t\t\t\t\t\t\t<\/div>\n\t\t\t\t<\/div>\n\t\t\t\t\t<\/div>\n\t\t<\/div>\n\t\t\t\t\t<\/div>\n\t\t<\/section>\n\t\t\t\t<section class=\"elementor-section elementor-top-section elementor-element elementor-element-70ce31b elementor-section-boxed elementor-section-height-default elementor-section-height-default\" data-id=\"70ce31b\" data-element_type=\"section\">\n\t\t\t\t\t\t<div class=\"elementor-container elementor-column-gap-default\">\n\t\t\t\t\t<div class=\"elementor-column elementor-col-33 elementor-top-column elementor-element elementor-element-f6a3ecc\" data-id=\"f6a3ecc\" data-element_type=\"column\">\n\t\t\t<div class=\"elementor-widget-wrap elementor-element-populated\">\n\t\t\t\t\t\t<div class=\"elementor-element elementor-element-b485751 elementor-widget elementor-widget-image\" data-id=\"b485751\" data-element_type=\"widget\" data-widget_type=\"image.default\">\n\t\t\t\t<div class=\"elementor-widget-container\">\n\t\t\t\t\t\t\t\t\t\t\t\t\t\t\t\t<a href=\"http:\/\/cda.uvt.ro\/wp-content\/uploads\/2024\/09\/Screenshot-2024-09-18-094749.png\">\n\t\t\t\t\t\t\t<img decoding=\"async\" width=\"631\" height=\"895\" src=\"http:\/\/cda.uvt.ro\/wp-content\/uploads\/2024\/09\/Screenshot-2024-09-18-094749.png\" class=\"attachment-large size-large wp-image-4326\" alt=\"\" srcset=\"http:\/\/cda.uvt.ro\/wp-content\/uploads\/2024\/09\/Screenshot-2024-09-18-094749.png 631w, http:\/\/cda.uvt.ro\/wp-content\/uploads\/2024\/09\/Screenshot-2024-09-18-094749-212x300.png 212w\" sizes=\"(max-width: 631px) 100vw, 631px\" \/>\t\t\t\t\t\t\t\t<\/a>\n\t\t\t\t\t\t\t\t\t\t\t\t\t\t\t<\/div>\n\t\t\t\t<\/div>\n\t\t\t\t\t<\/div>\n\t\t<\/div>\n\t\t\t\t<div class=\"elementor-column elementor-col-33 elementor-top-column elementor-element elementor-element-c72bfcf\" data-id=\"c72bfcf\" data-element_type=\"column\">\n\t\t\t<div class=\"elementor-widget-wrap elementor-element-populated\">\n\t\t\t\t\t\t<div class=\"elementor-element elementor-element-d4a41bd elementor-widget elementor-widget-image\" data-id=\"d4a41bd\" data-element_type=\"widget\" data-widget_type=\"image.default\">\n\t\t\t\t<div class=\"elementor-widget-container\">\n\t\t\t\t\t\t\t\t\t\t\t\t\t\t\t\t<a href=\"http:\/\/cda.uvt.ro\/wp-content\/uploads\/2024\/09\/Screenshot-2024-09-18-094814.png\" target=\"_blank\">\n\t\t\t\t\t\t\t<img loading=\"lazy\" decoding=\"async\" width=\"633\" height=\"893\" src=\"http:\/\/cda.uvt.ro\/wp-content\/uploads\/2024\/09\/Screenshot-2024-09-18-094814.png\" class=\"attachment-large size-large wp-image-4327\" alt=\"\" srcset=\"http:\/\/cda.uvt.ro\/wp-content\/uploads\/2024\/09\/Screenshot-2024-09-18-094814.png 633w, http:\/\/cda.uvt.ro\/wp-content\/uploads\/2024\/09\/Screenshot-2024-09-18-094814-213x300.png 213w\" sizes=\"(max-width: 633px) 100vw, 633px\" \/>\t\t\t\t\t\t\t\t<\/a>\n\t\t\t\t\t\t\t\t\t\t\t\t\t\t\t<\/div>\n\t\t\t\t<\/div>\n\t\t\t\t\t<\/div>\n\t\t<\/div>\n\t\t\t\t<div class=\"elementor-column elementor-col-33 elementor-top-column elementor-element elementor-element-6325233\" data-id=\"6325233\" data-element_type=\"column\">\n\t\t\t<div class=\"elementor-widget-wrap elementor-element-populated\">\n\t\t\t\t\t\t<div class=\"elementor-element elementor-element-d65f393 elementor-widget elementor-widget-image\" data-id=\"d65f393\" data-element_type=\"widget\" data-widget_type=\"image.default\">\n\t\t\t\t<div class=\"elementor-widget-container\">\n\t\t\t\t\t\t\t\t\t\t\t\t\t\t\t\t<a href=\"http:\/\/cda.uvt.ro\/wp-content\/uploads\/2024\/09\/Screenshot-2024-09-18-094823.png\" target=\"_blank\">\n\t\t\t\t\t\t\t<img loading=\"lazy\" decoding=\"async\" width=\"630\" height=\"890\" src=\"http:\/\/cda.uvt.ro\/wp-content\/uploads\/2024\/09\/Screenshot-2024-09-18-094823.png\" class=\"attachment-large size-large wp-image-4328\" alt=\"\" srcset=\"http:\/\/cda.uvt.ro\/wp-content\/uploads\/2024\/09\/Screenshot-2024-09-18-094823.png 630w, http:\/\/cda.uvt.ro\/wp-content\/uploads\/2024\/09\/Screenshot-2024-09-18-094823-212x300.png 212w\" sizes=\"(max-width: 630px) 100vw, 630px\" \/>\t\t\t\t\t\t\t\t<\/a>\n\t\t\t\t\t\t\t\t\t\t\t\t\t\t\t<\/div>\n\t\t\t\t<\/div>\n\t\t\t\t\t<\/div>\n\t\t<\/div>\n\t\t\t\t\t<\/div>\n\t\t<\/section>\n\t\t\t\t<section class=\"elementor-section elementor-top-section elementor-element elementor-element-7d1eaa4 elementor-section-boxed elementor-section-height-default elementor-section-height-default\" data-id=\"7d1eaa4\" data-element_type=\"section\">\n\t\t\t\t\t\t<div class=\"elementor-container elementor-column-gap-default\">\n\t\t\t\t\t<div class=\"elementor-column elementor-col-33 elementor-top-column elementor-element elementor-element-6616092\" data-id=\"6616092\" data-element_type=\"column\">\n\t\t\t<div class=\"elementor-widget-wrap elementor-element-populated\">\n\t\t\t\t\t\t<div class=\"elementor-element elementor-element-38588e6 elementor-widget elementor-widget-image\" data-id=\"38588e6\" data-element_type=\"widget\" data-widget_type=\"image.default\">\n\t\t\t\t<div class=\"elementor-widget-container\">\n\t\t\t\t\t\t\t\t\t\t\t\t\t\t\t\t<a href=\"http:\/\/cda.uvt.ro\/wp-content\/uploads\/2024\/09\/Screenshot-2024-09-26-092253.png\" target=\"_blank\">\n\t\t\t\t\t\t\t<img loading=\"lazy\" decoding=\"async\" width=\"632\" height=\"893\" src=\"http:\/\/cda.uvt.ro\/wp-content\/uploads\/2024\/09\/Screenshot-2024-09-26-092253.png\" class=\"attachment-large size-large wp-image-4329\" alt=\"\" srcset=\"http:\/\/cda.uvt.ro\/wp-content\/uploads\/2024\/09\/Screenshot-2024-09-26-092253.png 632w, http:\/\/cda.uvt.ro\/wp-content\/uploads\/2024\/09\/Screenshot-2024-09-26-092253-212x300.png 212w\" sizes=\"(max-width: 632px) 100vw, 632px\" \/>\t\t\t\t\t\t\t\t<\/a>\n\t\t\t\t\t\t\t\t\t\t\t\t\t\t\t<\/div>\n\t\t\t\t<\/div>\n\t\t\t\t\t<\/div>\n\t\t<\/div>\n\t\t\t\t<div class=\"elementor-column elementor-col-33 elementor-top-column elementor-element elementor-element-98e1c38\" data-id=\"98e1c38\" data-element_type=\"column\">\n\t\t\t<div class=\"elementor-widget-wrap elementor-element-populated\">\n\t\t\t\t\t\t<div class=\"elementor-element elementor-element-6b53bb9 elementor-widget elementor-widget-image\" data-id=\"6b53bb9\" data-element_type=\"widget\" data-widget_type=\"image.default\">\n\t\t\t\t<div class=\"elementor-widget-container\">\n\t\t\t\t\t\t\t\t\t\t\t\t\t\t\t\t<a href=\"http:\/\/cda.uvt.ro\/wp-content\/uploads\/2024\/10\/Screenshot-2024-10-02-100140.png\" target=\"_blank\">\n\t\t\t\t\t\t\t<img loading=\"lazy\" decoding=\"async\" width=\"630\" height=\"891\" src=\"http:\/\/cda.uvt.ro\/wp-content\/uploads\/2024\/10\/Screenshot-2024-10-02-100140.png\" class=\"attachment-large size-large wp-image-4330\" alt=\"\" srcset=\"http:\/\/cda.uvt.ro\/wp-content\/uploads\/2024\/10\/Screenshot-2024-10-02-100140.png 630w, http:\/\/cda.uvt.ro\/wp-content\/uploads\/2024\/10\/Screenshot-2024-10-02-100140-212x300.png 212w\" sizes=\"(max-width: 630px) 100vw, 630px\" \/>\t\t\t\t\t\t\t\t<\/a>\n\t\t\t\t\t\t\t\t\t\t\t\t\t\t\t<\/div>\n\t\t\t\t<\/div>\n\t\t\t\t\t<\/div>\n\t\t<\/div>\n\t\t\t\t<div class=\"elementor-column elementor-col-33 elementor-top-column elementor-element elementor-element-7b108d1\" data-id=\"7b108d1\" data-element_type=\"column\">\n\t\t\t<div class=\"elementor-widget-wrap elementor-element-populated\">\n\t\t\t\t\t\t<div class=\"elementor-element elementor-element-2809bd4 elementor-widget elementor-widget-image\" data-id=\"2809bd4\" data-element_type=\"widget\" data-widget_type=\"image.default\">\n\t\t\t\t<div class=\"elementor-widget-container\">\n\t\t\t\t\t\t\t\t\t\t\t\t\t\t\t\t<a href=\"http:\/\/cda.uvt.ro\/wp-content\/uploads\/2024\/09\/Screenshot-2024-09-18-094851.png\" target=\"_blank\">\n\t\t\t\t\t\t\t<img loading=\"lazy\" decoding=\"async\" width=\"631\" height=\"892\" src=\"http:\/\/cda.uvt.ro\/wp-content\/uploads\/2024\/09\/Screenshot-2024-09-18-094851.png\" class=\"attachment-large size-large wp-image-4331\" alt=\"\" srcset=\"http:\/\/cda.uvt.ro\/wp-content\/uploads\/2024\/09\/Screenshot-2024-09-18-094851.png 631w, http:\/\/cda.uvt.ro\/wp-content\/uploads\/2024\/09\/Screenshot-2024-09-18-094851-212x300.png 212w\" sizes=\"(max-width: 631px) 100vw, 631px\" \/>\t\t\t\t\t\t\t\t<\/a>\n\t\t\t\t\t\t\t\t\t\t\t\t\t\t\t<\/div>\n\t\t\t\t<\/div>\n\t\t\t\t\t<\/div>\n\t\t<\/div>\n\t\t\t\t\t<\/div>\n\t\t<\/section>\n\t\t\t\t<section class=\"elementor-section elementor-top-section elementor-element elementor-element-537e04f elementor-section-boxed elementor-section-height-default elementor-section-height-default\" data-id=\"537e04f\" data-element_type=\"section\">\n\t\t\t\t\t\t<div class=\"elementor-container elementor-column-gap-default\">\n\t\t\t\t\t<div class=\"elementor-column elementor-col-33 elementor-top-column elementor-element elementor-element-4a41c3c\" data-id=\"4a41c3c\" data-element_type=\"column\">\n\t\t\t<div class=\"elementor-widget-wrap elementor-element-populated\">\n\t\t\t\t\t\t<div class=\"elementor-element elementor-element-caff6fa elementor-widget elementor-widget-image\" data-id=\"caff6fa\" data-element_type=\"widget\" data-widget_type=\"image.default\">\n\t\t\t\t<div class=\"elementor-widget-container\">\n\t\t\t\t\t\t\t\t\t\t\t\t\t\t\t\t<a href=\"http:\/\/cda.uvt.ro\/wp-content\/uploads\/2024\/09\/Screenshot-2024-09-18-094902.png\" target=\"_blank\">\n\t\t\t\t\t\t\t<img loading=\"lazy\" decoding=\"async\" width=\"631\" height=\"894\" src=\"http:\/\/cda.uvt.ro\/wp-content\/uploads\/2024\/09\/Screenshot-2024-09-18-094902.png\" class=\"attachment-large size-large wp-image-4332\" alt=\"\" srcset=\"http:\/\/cda.uvt.ro\/wp-content\/uploads\/2024\/09\/Screenshot-2024-09-18-094902.png 631w, http:\/\/cda.uvt.ro\/wp-content\/uploads\/2024\/09\/Screenshot-2024-09-18-094902-212x300.png 212w\" sizes=\"(max-width: 631px) 100vw, 631px\" \/>\t\t\t\t\t\t\t\t<\/a>\n\t\t\t\t\t\t\t\t\t\t\t\t\t\t\t<\/div>\n\t\t\t\t<\/div>\n\t\t\t\t\t<\/div>\n\t\t<\/div>\n\t\t\t\t<div class=\"elementor-column elementor-col-33 elementor-top-column elementor-element elementor-element-c88cfa9\" data-id=\"c88cfa9\" data-element_type=\"column\">\n\t\t\t<div class=\"elementor-widget-wrap\">\n\t\t\t\t\t\t\t<\/div>\n\t\t<\/div>\n\t\t\t\t<div class=\"elementor-column elementor-col-33 elementor-top-column elementor-element elementor-element-d22070d\" data-id=\"d22070d\" data-element_type=\"column\">\n\t\t\t<div class=\"elementor-widget-wrap\">\n\t\t\t\t\t\t\t<\/div>\n\t\t<\/div>\n\t\t\t\t\t<\/div>\n\t\t<\/section>\n\t\t\t\t<\/div>\n\t\t","protected":false},"excerpt":{"rendered":"<p>Workshop CDA 2024 Obiettivo: Sviluppare le capacit\u00e0 di progettazione e implementazione del modello riflessivo-collaborativo (RCL) di formazione. Informazioni generali Il modello riflessivo-collaborativo di istruzione (RCL), sviluppato presso l&#8217;Universit\u00e0 di Timi\u0219oara (UVT), combina in modo innovativo diversi concetti pedagogici moderni, quali modelli di istruzione, allineamento curricolare, risultati di apprendimento autentici, apprendimento collaborativo, apprendimento riflessivo, indicatori dei [&hellip;]<\/p>\n","protected":false},"author":1,"featured_media":0,"parent":0,"menu_order":0,"comment_status":"closed","ping_status":"closed","template":"","meta":{"_acf_changed":false,"footnotes":""},"class_list":["post-4337","page","type-page","status-publish","hentry"],"acf":[],"_links":{"self":[{"href":"http:\/\/cda.uvt.ro\/it\/wp-json\/wp\/v2\/pages\/4337","targetHints":{"allow":["GET"]}}],"collection":[{"href":"http:\/\/cda.uvt.ro\/it\/wp-json\/wp\/v2\/pages"}],"about":[{"href":"http:\/\/cda.uvt.ro\/it\/wp-json\/wp\/v2\/types\/page"}],"author":[{"embeddable":true,"href":"http:\/\/cda.uvt.ro\/it\/wp-json\/wp\/v2\/users\/1"}],"replies":[{"embeddable":true,"href":"http:\/\/cda.uvt.ro\/it\/wp-json\/wp\/v2\/comments?post=4337"}],"version-history":[{"count":3,"href":"http:\/\/cda.uvt.ro\/it\/wp-json\/wp\/v2\/pages\/4337\/revisions"}],"predecessor-version":[{"id":4351,"href":"http:\/\/cda.uvt.ro\/it\/wp-json\/wp\/v2\/pages\/4337\/revisions\/4351"}],"wp:attachment":[{"href":"http:\/\/cda.uvt.ro\/it\/wp-json\/wp\/v2\/media?parent=4337"}],"curies":[{"name":"wp","href":"https:\/\/api.w.org\/{rel}","templated":true}]}}