{"id":4313,"date":"2025-10-26T21:54:33","date_gmt":"2025-10-26T18:54:33","guid":{"rendered":"http:\/\/cda.uvt.ro\/webinare-talkeduvt-2025\/"},"modified":"2025-12-04T16:10:41","modified_gmt":"2025-12-04T13:10:41","slug":"webinare-talkeduvt-2025","status":"publish","type":"page","link":"http:\/\/cda.uvt.ro\/it\/webinare-talkeduvt-2025\/","title":{"rendered":"Webinare TalkEdUVT 2025"},"content":{"rendered":"\t\t<div data-elementor-type=\"wp-page\" data-elementor-id=\"4313\" class=\"elementor elementor-4313 elementor-3372\" data-elementor-post-type=\"page\">\n\t\t\t\t\t\t<section class=\"elementor-section elementor-top-section elementor-element elementor-element-54bfece elementor-section-boxed elementor-section-height-default elementor-section-height-default\" data-id=\"54bfece\" data-element_type=\"section\">\n\t\t\t\t\t\t<div class=\"elementor-container elementor-column-gap-default\">\n\t\t\t\t\t<div class=\"elementor-column elementor-col-100 elementor-top-column elementor-element elementor-element-2282537\" data-id=\"2282537\" data-element_type=\"column\">\n\t\t\t<div class=\"elementor-widget-wrap elementor-element-populated\">\n\t\t\t\t\t\t<div class=\"elementor-element elementor-element-6e7cbc8 elementor-widget elementor-widget-heading\" data-id=\"6e7cbc8\" data-element_type=\"widget\" data-widget_type=\"heading.default\">\n\t\t\t\t<div class=\"elementor-widget-container\">\n\t\t\t\t\t<h1 class=\"elementor-heading-title elementor-size-default\">Webinare TalkEdUVT 2025\n<\/h1>\t\t\t\t<\/div>\n\t\t\t\t<\/div>\n\t\t\t\t<div class=\"elementor-element elementor-element-99bc629 elementor-widget elementor-widget-heading\" data-id=\"99bc629\" data-element_type=\"widget\" data-widget_type=\"heading.default\">\n\t\t\t\t<div class=\"elementor-widget-container\">\n\t\t\t\t\t<h5 class=\"elementor-heading-title elementor-size-default\">\u201cLe idee cambiano il mondo. Ma che senso hanno se non vengono discusse insieme?\u201d <\/h5>\t\t\t\t<\/div>\n\t\t\t\t<\/div>\n\t\t\t\t<div class=\"elementor-element elementor-element-b3a1648 elementor-widget-divider--view-line elementor-widget elementor-widget-divider\" data-id=\"b3a1648\" data-element_type=\"widget\" data-widget_type=\"divider.default\">\n\t\t\t\t<div class=\"elementor-widget-container\">\n\t\t\t\t\t\t\t<div class=\"elementor-divider\">\n\t\t\t<span class=\"elementor-divider-separator\">\n\t\t\t\t\t\t<\/span>\n\t\t<\/div>\n\t\t\t\t\t\t<\/div>\n\t\t\t\t<\/div>\n\t\t\t\t\t<\/div>\n\t\t<\/div>\n\t\t\t\t\t<\/div>\n\t\t<\/section>\n\t\t\t\t<section class=\"elementor-section elementor-top-section elementor-element elementor-element-67bf0d1 elementor-section-boxed elementor-section-height-default elementor-section-height-default\" data-id=\"67bf0d1\" data-element_type=\"section\">\n\t\t\t\t\t\t<div class=\"elementor-container elementor-column-gap-default\">\n\t\t\t\t\t<div class=\"elementor-column elementor-col-100 elementor-top-column elementor-element elementor-element-8dd15f6\" data-id=\"8dd15f6\" data-element_type=\"column\">\n\t\t\t<div class=\"elementor-widget-wrap elementor-element-populated\">\n\t\t\t\t\t\t<div class=\"elementor-element elementor-element-fcdc670 elementor-widget elementor-widget-text-editor\" data-id=\"fcdc670\" data-element_type=\"widget\" data-widget_type=\"text-editor.default\">\n\t\t\t\t<div class=\"elementor-widget-container\">\n\t\t\t\t\t\t\t\t\t<p><strong>Il Centro di Sviluppo Accademico (CDA) dell&#8217;UVT<\/strong> \u00e8 lieto di invitarvi alla prima serie di webinar TalkEdUVT Voices shaping learning. Questa iniziativa mira a riunire la comunit\u00e0 accademica dell&#8217;UVT e quella delle universit\u00e0 del consorzio UNITA in un dialogo internazionale sull&#8217;istruzione basata sull&#8217;evidenza, l&#8217;identit\u00e0 del docente universitario, le competenze del futuro, la gestione dell&#8217;insegnamento e delle emozioni nel contesto del genere AI e molti altri temi di interesse. Ospiti di fama internazionale presenteranno casi di studio, strumenti concreti e idee \u201cpronte per essere messe in pratica\u201d nella vostra aula\/seminario.<\/p>\t\t\t\t\t\t\t\t<\/div>\n\t\t\t\t<\/div>\n\t\t\t\t<div class=\"elementor-element elementor-element-c203459 elementor-widget elementor-widget-text-editor\" data-id=\"c203459\" data-element_type=\"widget\" data-widget_type=\"text-editor.default\">\n\t\t\t\t<div class=\"elementor-widget-container\">\n\t\t\t\t\t\t\t\t\t<p><strong>Obiettivo<\/strong>: sostenere una cultura della conversazione informata attraverso la creazione di uno spazio aperto e interculturale in cui la comunit\u00e0 dei docenti dell&#8217;UVT e dell&#8217;UNITA discuta idee basate su prove concrete, le metta in dialogo con la pratica e, perch\u00e9 no, le trasformi in soluzioni applicabili al processo di insegnamento-apprendimento-valutazione, nonch\u00e9 alla ricerca e all&#8217;innovazione.<\/p>\t\t\t\t\t\t\t\t<\/div>\n\t\t\t\t<\/div>\n\t\t\t\t<div class=\"elementor-element elementor-element-48d2516 elementor-widget elementor-widget-text-editor\" data-id=\"48d2516\" data-element_type=\"widget\" data-widget_type=\"text-editor.default\">\n\t\t\t\t<div class=\"elementor-widget-container\">\n\t\t\t\t\t\t\t\t\t<div>A tal proposito, per il primo semestre dell&#8217;anno accademico 2025-2026, nel periodo <strong>ottobre-dicembre 2025<\/strong>, il team CDA_UVT vi invita ai seguenti webinar:<\/div><div><ul><li><a href=\"http:\/\/cda.uvt.ro\/wp-content\/uploads\/2025\/10\/Emotions-in-Teaching-and-Learning-in-Higher-Education.png\"><i>Le emozioni nell&#8217;insegnamento e nell&#8217;apprendimento nell&#8217;istruzione superiore<\/i><\/a><\/li><li><a href=\"http:\/\/cda.uvt.ro\/wp-content\/uploads\/2025\/11\/syllabusdesign.jpg\"><i>Progettazione dei programmi di studio nell&#8217;istruzione superiore<\/i><\/a><\/li><li><a href=\"http:\/\/cda.uvt.ro\/wp-content\/uploads\/2025\/11\/elephant.jpg\"><i>L&#8217;elefante nella stanza: insegnare e apprendere con l&#8217;intelligenza artificiale<\/i><\/a><\/li><li>Come l&#8217;intelligenza artificiale trasforma (o meno) l&#8217;istruzione superiore<\/li><li>Formazione delle capacit\u00e0 collaborative nel lavoro di progetto utilizzando tecnologie multimodali supportate da dati e potenziate dall&#8217;intelligenza artificiale nell&#8217;istruzione superiore<\/li><\/ul><\/div><div>\u00a0<\/div>\t\t\t\t\t\t\t\t<\/div>\n\t\t\t\t<\/div>\n\t\t\t\t<div class=\"elementor-element elementor-element-dc9ee6b elementor-widget elementor-widget-image\" data-id=\"dc9ee6b\" data-element_type=\"widget\" data-widget_type=\"image.default\">\n\t\t\t\t<div class=\"elementor-widget-container\">\n\t\t\t\t\t\t\t\t\t\t\t\t\t\t\t<img fetchpriority=\"high\" decoding=\"async\" width=\"1920\" height=\"1080\" src=\"http:\/\/cda.uvt.ro\/wp-content\/uploads\/2025\/10\/WB-page-3.png\" class=\"attachment-full size-full wp-image-4310\" alt=\"\" srcset=\"http:\/\/cda.uvt.ro\/wp-content\/uploads\/2025\/10\/WB-page-3.png 1920w, http:\/\/cda.uvt.ro\/wp-content\/uploads\/2025\/10\/WB-page-3-300x169.png 300w, http:\/\/cda.uvt.ro\/wp-content\/uploads\/2025\/10\/WB-page-3-1024x576.png 1024w, http:\/\/cda.uvt.ro\/wp-content\/uploads\/2025\/10\/WB-page-3-768x432.png 768w, http:\/\/cda.uvt.ro\/wp-content\/uploads\/2025\/10\/WB-page-3-1536x864.png 1536w\" sizes=\"(max-width: 1920px) 100vw, 1920px\" \/>\t\t\t\t\t\t\t\t\t\t\t\t\t\t\t<\/div>\n\t\t\t\t<\/div>\n\t\t\t\t\t<\/div>\n\t\t<\/div>\n\t\t\t\t\t<\/div>\n\t\t<\/section>\n\t\t\t\t<section class=\"elementor-section elementor-top-section elementor-element elementor-element-9487b77 elementor-section-boxed elementor-section-height-default elementor-section-height-default\" data-id=\"9487b77\" data-element_type=\"section\">\n\t\t\t\t\t\t<div class=\"elementor-container elementor-column-gap-default\">\n\t\t\t\t\t<div class=\"elementor-column elementor-col-100 elementor-top-column elementor-element elementor-element-487f2cc\" data-id=\"487f2cc\" data-element_type=\"column\">\n\t\t\t<div class=\"elementor-widget-wrap elementor-element-populated\">\n\t\t\t\t\t\t<div class=\"elementor-element elementor-element-b9c6b5e elementor-icon-list--layout-traditional elementor-list-item-link-full_width elementor-widget elementor-widget-icon-list\" data-id=\"b9c6b5e\" data-element_type=\"widget\" data-widget_type=\"icon-list.default\">\n\t\t\t\t<div class=\"elementor-widget-container\">\n\t\t\t\t\t\t\t<ul class=\"elementor-icon-list-items\">\n\t\t\t\t\t\t\t<li class=\"elementor-icon-list-item\">\n\t\t\t\t\t\t\t\t\t\t\t<span class=\"elementor-icon-list-icon\">\n\t\t\t\t\t\t\t<i aria-hidden=\"true\" class=\"fas fa-user-friends\"><\/i>\t\t\t\t\t\t<\/span>\n\t\t\t\t\t\t\t\t\t\t<span class=\"elementor-icon-list-text\">Chi pu\u00f2 partecipare?<\/span>\n\t\t\t\t\t\t\t\t\t<\/li>\n\t\t\t\t\t\t<\/ul>\n\t\t\t\t\t\t<\/div>\n\t\t\t\t<\/div>\n\t\t\t\t<div class=\"elementor-element elementor-element-5471857 elementor-widget elementor-widget-text-editor\" data-id=\"5471857\" data-element_type=\"widget\" data-widget_type=\"text-editor.default\">\n\t\t\t\t<div class=\"elementor-widget-container\">\n\t\t\t\t\t\t\t\t\t<div class=\"gs\"><div class=\"\"><div id=\":p9\" class=\"ii gt adO\"><div id=\":pa\" class=\"a3s aiL\"><div dir=\"ltr\">Docenti dell&#8217;UVT e dell&#8217;UNITA, dottorandi, neolaureati e docenti con esperienza, personale amministrativo e di supporto dell&#8217;UVT (ad es. Centro di Sviluppo Accademico (CDA), Dipartimento per l&#8217;Istruzione a Distanza e a Frequenza Ridotta, Servizio di Consulenza e Supporto per gli Studenti, ecc.), studenti interessati all&#8217;innovazione didattica e ad altri aspetti relativi all&#8217;insegnamento in ambito universitario, altri docenti universitari.<\/div><\/div><\/div><\/div><\/div>\t\t\t\t\t\t\t\t<\/div>\n\t\t\t\t<\/div>\n\t\t\t\t<div class=\"elementor-element elementor-element-3882bbe elementor-icon-list--layout-traditional elementor-list-item-link-full_width elementor-widget elementor-widget-icon-list\" data-id=\"3882bbe\" data-element_type=\"widget\" data-widget_type=\"icon-list.default\">\n\t\t\t\t<div class=\"elementor-widget-container\">\n\t\t\t\t\t\t\t<ul class=\"elementor-icon-list-items\">\n\t\t\t\t\t\t\t<li class=\"elementor-icon-list-item\">\n\t\t\t\t\t\t\t\t\t\t\t<span class=\"elementor-icon-list-icon\">\n\t\t\t\t\t\t\t<i aria-hidden=\"true\" class=\"fas fa-file-signature\"><\/i>\t\t\t\t\t\t<\/span>\n\t\t\t\t\t\t\t\t\t\t<span class=\"elementor-icon-list-text\">Registrazione e accesso<\/span>\n\t\t\t\t\t\t\t\t\t<\/li>\n\t\t\t\t\t\t<\/ul>\n\t\t\t\t\t\t<\/div>\n\t\t\t\t<\/div>\n\t\t\t\t<div class=\"elementor-element elementor-element-b965bda elementor-widget elementor-widget-text-editor\" data-id=\"b965bda\" data-element_type=\"widget\" data-widget_type=\"text-editor.default\">\n\t\t\t\t<div class=\"elementor-widget-container\">\n\t\t\t\t\t\t\t\t\t<p>Per partecipare, compila il modulo di iscrizione relativo a ciascun webinar. In genere, ogni webinar verr\u00e0 annunciato con 7 giorni di anticipo. Dopo l&#8217;iscrizione, 24 ore prima dell&#8217;evento riceverai via e-mail i dettagli per la connessione (ad es. link, orario).<br \/>Non ci sono limiti di posti: \u00e8 possibile iscriversi in qualsiasi momento dal momento dell&#8217;annuncio del webinar.<br \/>\u00c8 possibile partecipare a tutti i webinar che si desidera, anzi lo consigliamo vivamente, poich\u00e9 le sessioni sono collegate tematicamente.<\/p>\t\t\t\t\t\t\t\t<\/div>\n\t\t\t\t<\/div>\n\t\t\t\t<div class=\"elementor-element elementor-element-b98dcef elementor-widget elementor-widget-text-editor\" data-id=\"b98dcef\" data-element_type=\"widget\" data-widget_type=\"text-editor.default\">\n\t\t\t\t<div class=\"elementor-widget-container\">\n\t\t\t\t\t\t\t\t\t<div><div><b>Link per l&#8217;iscrizione al webinar L&#8217;elefante nella stanza: insegnare e apprendere con l&#8217;intelligenza artificiale:<\/b><\/div><\/div>\t\t\t\t\t\t\t\t<\/div>\n\t\t\t\t<\/div>\n\t\t\t\t<div class=\"elementor-element elementor-element-684b4f6 elementor-align-left elementor-widget elementor-widget-button\" data-id=\"684b4f6\" data-element_type=\"widget\" data-widget_type=\"button.default\">\n\t\t\t\t<div class=\"elementor-widget-container\">\n\t\t\t\t\t\t\t\t\t<div class=\"elementor-button-wrapper\">\n\t\t\t\t\t<a class=\"elementor-button elementor-button-link elementor-size-sm\" href=\"https:\/\/e-uvt.questionpro.com\/t\/APOOYZ7fiQ\">\n\t\t\t\t\t\t<span class=\"elementor-button-content-wrapper\">\n\t\t\t\t\t\t\t\t\t<span class=\"elementor-button-text\"># Per la comunit\u00e0 UVT<\/span>\n\t\t\t\t\t<\/span>\n\t\t\t\t\t<\/a>\n\t\t\t\t<\/div>\n\t\t\t\t\t\t\t\t<\/div>\n\t\t\t\t<\/div>\n\t\t\t\t<div class=\"elementor-element elementor-element-92d98a4 elementor-widget elementor-widget-text-editor\" data-id=\"92d98a4\" data-element_type=\"widget\" data-widget_type=\"text-editor.default\">\n\t\t\t\t<div class=\"elementor-widget-container\">\n\t\t\t\t\t\t\t\t\t<p><strong>Link per la registrazione al webinar L&#8217;elefante nella stanza: insegnare e apprendere con l&#8217;intelligenza artificiale:<\/strong><\/p>\t\t\t\t\t\t\t\t<\/div>\n\t\t\t\t<\/div>\n\t\t\t\t<div class=\"elementor-element elementor-element-961afbb elementor-align-left elementor-widget elementor-widget-button\" data-id=\"961afbb\" data-element_type=\"widget\" data-widget_type=\"button.default\">\n\t\t\t\t<div class=\"elementor-widget-container\">\n\t\t\t\t\t\t\t\t\t<div class=\"elementor-button-wrapper\">\n\t\t\t\t\t<a class=\"elementor-button elementor-button-link elementor-size-sm\" href=\"https:\/\/e-uvt.questionpro.com\/t\/APOOYZ7dD3\">\n\t\t\t\t\t\t<span class=\"elementor-button-content-wrapper\">\n\t\t\t\t\t\t\t\t\t<span class=\"elementor-button-text\"># Per la comunit\u00e0 UNITA<\/span>\n\t\t\t\t\t<\/span>\n\t\t\t\t\t<\/a>\n\t\t\t\t<\/div>\n\t\t\t\t\t\t\t\t<\/div>\n\t\t\t\t<\/div>\n\t\t\t\t<div class=\"elementor-element elementor-element-81f578e elementor-icon-list--layout-traditional elementor-list-item-link-full_width elementor-widget elementor-widget-icon-list\" data-id=\"81f578e\" data-element_type=\"widget\" data-widget_type=\"icon-list.default\">\n\t\t\t\t<div class=\"elementor-widget-container\">\n\t\t\t\t\t\t\t<ul class=\"elementor-icon-list-items\">\n\t\t\t\t\t\t\t<li class=\"elementor-icon-list-item\">\n\t\t\t\t\t\t\t\t\t\t\t<span class=\"elementor-icon-list-icon\">\n\t\t\t\t\t\t\t<i aria-hidden=\"true\" class=\"fab fa-wpforms\"><\/i>\t\t\t\t\t\t<\/span>\n\t\t\t\t\t\t\t\t\t\t<span class=\"elementor-icon-list-text\">Il formato di ogni webinar<\/span>\n\t\t\t\t\t\t\t\t\t<\/li>\n\t\t\t\t\t\t<\/ul>\n\t\t\t\t\t\t<\/div>\n\t\t\t\t<\/div>\n\t\t\t\t<div class=\"elementor-element elementor-element-0fbbe3c elementor-widget elementor-widget-text-editor\" data-id=\"0fbbe3c\" data-element_type=\"widget\" data-widget_type=\"text-editor.default\">\n\t\t\t\t<div class=\"elementor-widget-container\">\n\t\t\t\t\t\t\t\t\t<p>5 min \u2013 Apertura della serie e presentazione del relatore<br \/>25\u201330 min \u2013 Presentazione in inglese da parte del relatore (approfondimenti, esempi, risorse)<br \/>20\u201330 min \u2013 Domande e risposte interattive<\/p><div><strong>Lingua e registrazione<\/strong>: i webinar sono in lingua inglese e saranno registrati. Successivamente, le registrazioni saranno archiviate su Moodle UVT (accesso con account @<a href=\"http:\/\/e-uvt.ro\/\" target=\"_blank\" rel=\"noopener\" data-saferedirecturl=\"https:\/\/www.google.com\/url?q=http:\/\/e-uvt.ro&amp;source=gmail&amp;ust=1761592389505000&amp;usg=AOvVaw0l8vbnkHpmEt_4wZ_uHLR6\">e-uvt.ro<\/a>).<\/div>\t\t\t\t\t\t\t\t<\/div>\n\t\t\t\t<\/div>\n\t\t\t\t<div class=\"elementor-element elementor-element-3bfb248 elementor-widget elementor-widget-text-editor\" data-id=\"3bfb248\" data-element_type=\"widget\" data-widget_type=\"text-editor.default\">\n\t\t\t\t<div class=\"elementor-widget-container\">\n\t\t\t\t\t\t\t\t\t<p><strong>Il calendario generale dei webinar TalkEdUVT 2025<\/strong> \u00e8 riportato nella tabella sottostante.<\/p>\t\t\t\t\t\t\t\t<\/div>\n\t\t\t\t<\/div>\n\t\t\t\t<div class=\"elementor-element elementor-element-babb4e6 elementor-widget elementor-widget-image\" data-id=\"babb4e6\" data-element_type=\"widget\" data-widget_type=\"image.default\">\n\t\t\t\t<div class=\"elementor-widget-container\">\n\t\t\t\t\t\t\t\t\t\t\t\t\t\t\t<img decoding=\"async\" width=\"1600\" height=\"900\" src=\"http:\/\/cda.uvt.ro\/wp-content\/uploads\/2025\/12\/calendar_en_-1.jpg\" class=\"attachment-full size-full wp-image-4680\" alt=\"\" srcset=\"http:\/\/cda.uvt.ro\/wp-content\/uploads\/2025\/12\/calendar_en_-1.jpg 1600w, http:\/\/cda.uvt.ro\/wp-content\/uploads\/2025\/12\/calendar_en_-1-300x169.jpg 300w, http:\/\/cda.uvt.ro\/wp-content\/uploads\/2025\/12\/calendar_en_-1-1024x576.jpg 1024w, http:\/\/cda.uvt.ro\/wp-content\/uploads\/2025\/12\/calendar_en_-1-768x432.jpg 768w, http:\/\/cda.uvt.ro\/wp-content\/uploads\/2025\/12\/calendar_en_-1-1536x864.jpg 1536w\" sizes=\"(max-width: 1600px) 100vw, 1600px\" \/>\t\t\t\t\t\t\t\t\t\t\t\t\t\t\t<\/div>\n\t\t\t\t<\/div>\n\t\t\t\t\t<\/div>\n\t\t<\/div>\n\t\t\t\t\t<\/div>\n\t\t<\/section>\n\t\t\t\t<\/div>\n\t\t","protected":false},"excerpt":{"rendered":"<p>Webinare TalkEdUVT 2025 \u201cLe idee cambiano il mondo. Ma che senso hanno se non vengono discusse insieme?\u201d Il Centro di Sviluppo Accademico (CDA) dell&#8217;UVT \u00e8 lieto di invitarvi alla prima serie di webinar TalkEdUVT Voices shaping learning. Questa iniziativa mira a riunire la comunit\u00e0 accademica dell&#8217;UVT e quella delle universit\u00e0 del consorzio UNITA in un [&hellip;]<\/p>\n","protected":false},"author":1,"featured_media":0,"parent":0,"menu_order":0,"comment_status":"closed","ping_status":"closed","template":"","meta":{"_acf_changed":false,"footnotes":""},"class_list":["post-4313","page","type-page","status-publish","hentry"],"acf":[],"_links":{"self":[{"href":"http:\/\/cda.uvt.ro\/it\/wp-json\/wp\/v2\/pages\/4313","targetHints":{"allow":["GET"]}}],"collection":[{"href":"http:\/\/cda.uvt.ro\/it\/wp-json\/wp\/v2\/pages"}],"about":[{"href":"http:\/\/cda.uvt.ro\/it\/wp-json\/wp\/v2\/types\/page"}],"author":[{"embeddable":true,"href":"http:\/\/cda.uvt.ro\/it\/wp-json\/wp\/v2\/users\/1"}],"replies":[{"embeddable":true,"href":"http:\/\/cda.uvt.ro\/it\/wp-json\/wp\/v2\/comments?post=4313"}],"version-history":[{"count":16,"href":"http:\/\/cda.uvt.ro\/it\/wp-json\/wp\/v2\/pages\/4313\/revisions"}],"predecessor-version":[{"id":4690,"href":"http:\/\/cda.uvt.ro\/it\/wp-json\/wp\/v2\/pages\/4313\/revisions\/4690"}],"wp:attachment":[{"href":"http:\/\/cda.uvt.ro\/it\/wp-json\/wp\/v2\/media?parent=4313"}],"curies":[{"name":"wp","href":"https:\/\/api.w.org\/{rel}","templated":true}]}}