{"id":4218,"date":"2022-12-06T08:35:15","date_gmt":"2022-12-06T05:35:15","guid":{"rendered":"http:\/\/cda.uvt.ro\/granturi-didactice-2020\/"},"modified":"2025-11-18T12:29:43","modified_gmt":"2025-11-18T09:29:43","slug":"granturi-didactice-2020","status":"publish","type":"page","link":"http:\/\/cda.uvt.ro\/it\/granturi-didactice-2020\/","title":{"rendered":"Granturi didactice 2020"},"content":{"rendered":"\t\t<div data-elementor-type=\"wp-page\" data-elementor-id=\"4218\" class=\"elementor elementor-4218 elementor-321\" data-elementor-post-type=\"page\">\n\t\t\t\t\t\t<section class=\"elementor-section elementor-top-section elementor-element elementor-element-eeb3259 elementor-section-boxed elementor-section-height-default elementor-section-height-default\" data-id=\"eeb3259\" data-element_type=\"section\">\n\t\t\t\t\t\t<div class=\"elementor-container elementor-column-gap-default\">\n\t\t\t\t\t<div class=\"elementor-column elementor-col-100 elementor-top-column elementor-element elementor-element-b1a3404\" data-id=\"b1a3404\" data-element_type=\"column\">\n\t\t\t<div class=\"elementor-widget-wrap elementor-element-populated\">\n\t\t\t\t\t\t<div class=\"elementor-element elementor-element-3c32fc6 elementor-widget elementor-widget-heading\" data-id=\"3c32fc6\" data-element_type=\"widget\" data-widget_type=\"heading.default\">\n\t\t\t\t<div class=\"elementor-widget-container\">\n\t\t\t\t\t<h2 class=\"elementor-heading-title elementor-size-default\">Sovvenzioni didattiche 2020<\/h2>\t\t\t\t<\/div>\n\t\t\t\t<\/div>\n\t\t\t\t<div class=\"elementor-element elementor-element-b79f91c elementor-widget-divider--view-line elementor-widget elementor-widget-divider\" data-id=\"b79f91c\" data-element_type=\"widget\" data-widget_type=\"divider.default\">\n\t\t\t\t<div class=\"elementor-widget-container\">\n\t\t\t\t\t\t\t<div class=\"elementor-divider\">\n\t\t\t<span class=\"elementor-divider-separator\">\n\t\t\t\t\t\t<\/span>\n\t\t<\/div>\n\t\t\t\t\t\t<\/div>\n\t\t\t\t<\/div>\n\t\t\t\t\t<\/div>\n\t\t<\/div>\n\t\t\t\t\t<\/div>\n\t\t<\/section>\n\t\t\t\t<section class=\"elementor-section elementor-top-section elementor-element elementor-element-4f23c67 elementor-section-boxed elementor-section-height-default elementor-section-height-default\" data-id=\"4f23c67\" data-element_type=\"section\" data-settings=\"{&quot;background_background&quot;:&quot;classic&quot;}\">\n\t\t\t\t\t\t<div class=\"elementor-container elementor-column-gap-default\">\n\t\t\t\t\t<div class=\"elementor-column elementor-col-50 elementor-top-column elementor-element elementor-element-ad7b1a2\" data-id=\"ad7b1a2\" data-element_type=\"column\" data-settings=\"{&quot;background_background&quot;:&quot;classic&quot;}\">\n\t\t\t<div class=\"elementor-widget-wrap elementor-element-populated\">\n\t\t\t\t\t\t<div class=\"elementor-element elementor-element-a1dec61 elementor-widget elementor-widget-text-editor\" data-id=\"a1dec61\" data-element_type=\"widget\" data-widget_type=\"text-editor.default\">\n\t\t\t\t<div class=\"elementor-widget-container\">\n\t\t\t\t\t\t\t\t\t<h4><span style=\"color: #000000;\"><strong>Obiettivo <br \/><\/strong><\/span><\/h4><p>Le sovvenzioni didattiche hanno lo scopo di sostenere l&#8217;implementazione e l&#8217;innovazione del modello riflessivo-collaborativo di formazione nelle attivit\u00e0 didattiche svolte nell&#8217;ambito dei programmi di studio offerti dall&#8217;UVT.<\/p><h4><span style=\"color: #000000;\"><strong>Struttura del concorso<br \/><\/strong><\/span><\/h4><p>Il concorso per le borse di studio didattiche \u00e8 finanziato dai fondi del progetto UVT teaching &amp; learning brand, CNFIS-FDI-2020-0274.<\/p><p>Il valore totale di una borsa di studio didattica \u00e8 di 5.000,00 RON. Il concorso assegna un totale di 20 borse di studio didattiche. Queste borse di studio sono distribuite in numero di 5 per ciascuno dei 4 gruppi del concorso:<\/p>\t\t\t\t\t\t\t\t<\/div>\n\t\t\t\t<\/div>\n\t\t\t\t<div class=\"elementor-element elementor-element-68bfaf4 elementor-widget elementor-widget-text-editor\" data-id=\"68bfaf4\" data-element_type=\"widget\" data-widget_type=\"text-editor.default\">\n\t\t\t\t<div class=\"elementor-widget-container\">\n\t\t\t\t\t\t\t\t\t<table>\n<tbody>\n<tr>\n<td><strong>Gruppo A<\/strong><\/td>\n<td><strong>Gruppo B<\/strong><\/td>\n<td><strong>Gruppo C<\/strong><\/td>\n<td><strong>Gruppo D<\/strong><\/td>\n<\/tr>\n<tr>\n<td>\n<ul>\n \t<li>Facolt\u00e0 di Arti e Design<\/li>\n \t<li>Facolt\u00e0 di Educazione Fisica e Sport<\/li>\n \t<li>Facolt\u00e0 di Musica e Teatro<\/li>\n<\/ul>\n<\/td>\n<td>\n<ul>\n \t<li>Facolt\u00e0 di Chimica, Biologia, Geografia<\/li>\n \t<li>Facolt\u00e0 di Fisica<\/li>\n \t<li>Facolt\u00e0 di Matematica e Informatica<\/li>\n<\/ul>\n<\/td>\n<td>\n<ul>\n \t<li>Facolt\u00e0 di Giurisprudenza<\/li>\n \t<li>Facolt\u00e0 di Economia e Amministrazione degli Affari<\/li>\n \t<li>Facolt\u00e0 di Scienze Politiche, Filosofia e Scienze della Comunicazione<\/li>\n<\/ul>\n<\/td>\n<td>\n<ul>\n \t<li>Facolt\u00e0 di Lettere, Storia e Teologia<\/li>\n \t<li>Facolt\u00e0 di Sociologia e Psicologia<\/li>\n \t<li>Dipartimento per la Formazione del Personale Didattico<\/li>\n<\/ul>\n<\/td>\n<\/tr>\n<\/tbody>\n<\/table>\n\t\t\t\t\t\t\t\t<\/div>\n\t\t\t\t<\/div>\n\t\t\t\t<div class=\"elementor-element elementor-element-5c25a73 elementor-widget elementor-widget-text-editor\" data-id=\"5c25a73\" data-element_type=\"widget\" data-widget_type=\"text-editor.default\">\n\t\t\t\t<div class=\"elementor-widget-container\">\n\t\t\t\t\t\t\t\t\t<div id=\"panel-2254-0-0-0\" class=\"so-panel widget widget_sow-editor panel-first-child widgetopts-SO\" data-index=\"0\"><div class=\"so-widget-sow-editor so-widget-sow-editor-base\"><div class=\"siteorigin-widget-tinymce textwidget\"><h4>Partecipanti idonei<\/h4><p>Sono idonei a partecipare al concorso per borse di studio per la didattica i docenti universitari e\/o i ricercatori titolari (che svolgono attivit\u00e0 didattiche) dell&#8217;UVT, indipendentemente dal grado didattico\/scientifico e\/o dall&#8217;anzianit\u00e0 di servizio. Possono partecipare anche i dottorandi dell&#8217;UVT che svolgono attivit\u00e0 didattiche nella nostra universit\u00e0. Ogni partecipante ha diritto a presentare una sola domanda.<\/p><h4><span style=\"color: #333333;\"><strong>Pacchetto informativo<\/strong><\/span><\/h4><p><strong><a href=\"http:\/\/cda.uvt.ro\/wp-content\/uploads\/2022\/12\/0.-Pachet-complet-de-informatii-Granturi-didactice-TLB-2020.-.pdf\">Pacchetto informativo completo<\/a><\/strong><\/p><p><strong><a href=\"http:\/\/cda.uvt.ro\/wp-content\/uploads\/2022\/12\/1.-Calendarul-competitiei-.pdf\">Calendario della competizione<\/a><\/strong><\/p><p><strong><a href=\"http:\/\/cda.uvt.ro\/wp-content\/uploads\/2022\/12\/Anexa-1.-Cererea-de-inscriere-1-1-1.docx\">Allegato 1. Domanda di iscrizione<\/a><\/strong><\/p><p><strong><a href=\"http:\/\/cda.uvt.ro\/wp-content\/uploads\/2022\/12\/Anexa-2a.-Formatul-proiectului-didactic-1-1.docx\">Allegato 2a. Formato del progetto didattico<\/a><\/strong><\/p><p><strong><a href=\"http:\/\/cda.uvt.ro\/wp-content\/uploads\/2022\/12\/Anexa-2b.-Grila-de-evaluare-a-proiectului-didactic-1-1.pdf\">Allegato 2b. Griglia di valutazione del progetto didattico<\/a><\/strong><\/p><p><strong><a href=\"http:\/\/cda.uvt.ro\/wp-content\/uploads\/2022\/12\/Anexa-3.-Grila-de-evaluare-a-secventei-filmate-1-1.pdf\">Allegato 3. Scheda di valutazione della sequenza filmata<\/a><\/strong><\/p><p><strong><a href=\"http:\/\/cda.uvt.ro\/wp-content\/uploads\/2022\/12\/Anexa-4.-Format-raport-de-reflectie-1-1-1.docx\">Allegato 4. Modello di relazione di riflessione<\/a><\/strong><\/p><p><strong><a href=\"http:\/\/cda.uvt.ro\/wp-content\/uploads\/2022\/12\/Anexa-5.-Grila-de-evaluare-a-raportului-de-reflectie-1-1.pdf\">Allegato 5. Griglia di valutazione della relazione di riflessione<\/a><\/strong><\/p><p><strong><a href=\"http:\/\/cda.uvt.ro\/wp-content\/uploads\/2022\/12\/Anexa-6.-Acordul-participantilor-1-1.docx\">Allegato 6. Accordo dei partecipanti<\/a><\/strong><\/p><p><strong><a href=\"http:\/\/cda.uvt.ro\/wp-content\/uploads\/2022\/12\/Anexa-7.-Acord-privind-utilizarea-datelor-personale-1-1-1.docx\">Allegato 7. Accordo sull&#8217;utilizzo dei dati personali<\/a><\/strong><\/p><p><strong><a href=\"http:\/\/cda.uvt.ro\/wp-content\/uploads\/2022\/12\/Anexa-8.-Proces-verbal-al-evaluatorului-1-1.docx\">Allegato 8. Verbale del valutatore<\/a><\/strong><\/p><p><strong><a href=\"http:\/\/cda.uvt.ro\/wp-content\/uploads\/2022\/12\/Anexa-9.-Proces-verbal-al-comisiei-de-evaluare-1-1.docx\">Allegato 9. Verbale della commissione di valutazione<\/a><\/strong><\/p><h4><span style=\"color: #333333;\"><strong>Informazioni utili:<br \/><\/strong><\/span><\/h4><ul><li>Il termine ultimo per la presentazione delle proposte di progetto \u00e8 il <strong>7 dicembre 2020, alle ore 10:00.<\/strong><\/li><li><span style=\"color: #333333;\">La piattaforma per la presentazione online delle domande di finanziamento sar\u00e0 disponibile dal 27 novembre 2020, alle ore 10:00,all&#8217;indirizzo<\/span><a href=\"http:\/\/cda.uvt.ro\/granturi-didactice-2020\/\">\u00a0https:\/\/cda.uvt.ro\/granturididactice<\/a>.<\/li><li>Ai fini dell&#8217;analisi dell&#8217;ammissibilit\u00e0 saranno prese in considerazione solo le proposte di progetto che alla scadenza si trovano sulla piattaforma di presentazione online.<\/li><\/ul><\/div><\/div><\/div><div id=\"panel-2254-0-0-1\" class=\"so-panel widget widget_sow-editor widgetopts-SO\" data-index=\"1\"><div class=\"so-widget-sow-editor so-widget-sow-editor-base\"><div class=\"siteorigin-widget-tinymce textwidget\"><h4 style=\"text-align: center;\">I vincitori del concorso per borse di studio interne UVT 2020, nell&#8217;ambito del progetto UVT teaching &amp; learning brand, CNFIS-FDI-2020-0274<\/h4><h4 style=\"text-align: center;\"><span style=\"color: #333333;\"><em>Sesiunea 1<\/em><\/span><\/h4><\/div><\/div><\/div>\t\t\t\t\t\t\t\t<\/div>\n\t\t\t\t<\/div>\n\t\t\t\t<div class=\"elementor-element elementor-element-fbdd228 elementor-widget elementor-widget-image\" data-id=\"fbdd228\" data-element_type=\"widget\" data-widget_type=\"image.default\">\n\t\t\t\t<div class=\"elementor-widget-container\">\n\t\t\t\t\t\t\t\t\t\t\t\t\t\t\t<img fetchpriority=\"high\" decoding=\"async\" width=\"753\" height=\"831\" src=\"http:\/\/cda.uvt.ro\/wp-content\/uploads\/2022\/12\/s1-2.png\" class=\"attachment-large size-large wp-image-4215\" alt=\"\" srcset=\"http:\/\/cda.uvt.ro\/wp-content\/uploads\/2022\/12\/s1-2.png 753w, http:\/\/cda.uvt.ro\/wp-content\/uploads\/2022\/12\/s1-2-272x300.png 272w\" sizes=\"(max-width: 753px) 100vw, 753px\" \/>\t\t\t\t\t\t\t\t\t\t\t\t\t\t\t<\/div>\n\t\t\t\t<\/div>\n\t\t\t\t<div class=\"elementor-element elementor-element-922ba64 elementor-widget elementor-widget-text-editor\" data-id=\"922ba64\" data-element_type=\"widget\" data-widget_type=\"text-editor.default\">\n\t\t\t\t<div class=\"elementor-widget-container\">\n\t\t\t\t\t\t\t\t\t<h4 style=\"text-align: center;\"><span style=\"color: #333333;\"><strong>C\u00e2\u0219tig\u0103torii competi\u021biei de granturi didactice\u00a0<\/strong><strong>interne UVT\u00a0<\/strong><strong>2020<\/strong><strong>,<\/strong><strong>\u00a0 din cadrul proiectului\u00a0<\/strong><em>UVT teaching &amp; learning brand, CNFIS-FDI-2020-0274<\/em><\/span><\/h4><h4 style=\"text-align: center;\"><span style=\"color: #333333;\"><em>Sesiunea 2<\/em><\/span><\/h4>\t\t\t\t\t\t\t\t<\/div>\n\t\t\t\t<\/div>\n\t\t\t\t<div class=\"elementor-element elementor-element-b18c14b elementor-widget elementor-widget-image\" data-id=\"b18c14b\" data-element_type=\"widget\" data-widget_type=\"image.default\">\n\t\t\t\t<div class=\"elementor-widget-container\">\n\t\t\t\t\t\t\t\t\t\t\t\t\t\t\t<img decoding=\"async\" width=\"688\" height=\"344\" src=\"http:\/\/cda.uvt.ro\/wp-content\/uploads\/2022\/12\/s2.png\" class=\"attachment-large size-large wp-image-4216\" alt=\"\" srcset=\"http:\/\/cda.uvt.ro\/wp-content\/uploads\/2022\/12\/s2.png 688w, http:\/\/cda.uvt.ro\/wp-content\/uploads\/2022\/12\/s2-300x150.png 300w\" sizes=\"(max-width: 688px) 100vw, 688px\" \/>\t\t\t\t\t\t\t\t\t\t\t\t\t\t\t<\/div>\n\t\t\t\t<\/div>\n\t\t\t\t<div class=\"elementor-element elementor-element-ea51c51 elementor-widget elementor-widget-spacer\" data-id=\"ea51c51\" data-element_type=\"widget\" data-widget_type=\"spacer.default\">\n\t\t\t\t<div class=\"elementor-widget-container\">\n\t\t\t\t\t\t\t<div class=\"elementor-spacer\">\n\t\t\t<div class=\"elementor-spacer-inner\"><\/div>\n\t\t<\/div>\n\t\t\t\t\t\t<\/div>\n\t\t\t\t<\/div>\n\t\t\t\t\t<\/div>\n\t\t<\/div>\n\t\t\t\t<div class=\"elementor-column elementor-col-50 elementor-top-column elementor-element elementor-element-dfe67bd\" data-id=\"dfe67bd\" data-element_type=\"column\" data-settings=\"{&quot;background_background&quot;:&quot;classic&quot;}\">\n\t\t\t<div class=\"elementor-widget-wrap elementor-element-populated\">\n\t\t\t\t\t\t<div class=\"elementor-element elementor-element-0c62e2c elementor-widget elementor-widget-text-editor\" data-id=\"0c62e2c\" data-element_type=\"widget\" data-widget_type=\"text-editor.default\">\n\t\t\t\t<div class=\"elementor-widget-container\">\n\t\t\t\t\t\t\t\t\t<p><strong>Iscrizione dei partecipanti<\/strong><\/p><p><strong>Per partecipare al concorso per l&#8217;assegnazione delle sovvenzioni, scaricare i seguenti allegati, compilarli e caricare tutta la documentazione relativa al progetto di sovvenzione utilizzando il modulo di iscrizione disponibile qui sotto.<\/strong><\/p><p><strong><a href=\"http:\/\/cda.uvt.ro\/wp-content\/uploads\/2022\/12\/Anexa-1.-Cererea-de-inscriere-1-1.docx\">Domanda di iscrizione (Allegato n. 1)<\/a><\/strong><\/p><p><strong><a href=\"http:\/\/cda.uvt.ro\/wp-content\/uploads\/2022\/12\/Anexa-2a.-Formatul-proiectului-didactic-.docx\">Progetto di attivit\u00e0 didattica (Allegato n. 2a)<\/a><\/strong><\/p><p><strong><a href=\"http:\/\/cda.uvt.ro\/wp-content\/uploads\/2022\/12\/Anexa-4.-Format-raport-de-reflectie-1-1.docx\">Relazione di riflessione (Allegato 4)<\/a><\/strong><\/p><p><strong><a href=\"http:\/\/cda.uvt.ro\/wp-content\/uploads\/2022\/12\/Anexa-6.-Acordul-participantilor-1.docx\">Accordo dei partecipanti (Allegato 6)<\/a><\/strong><\/p><p><strong><a href=\"http:\/\/cda.uvt.ro\/wp-content\/uploads\/2022\/12\/Anexa-7.-Acord-privind-utilizarea-datelor-personale-1-1.docx\">Accordo sull&#8217;utilizzo dei dati personali (Allegato 7)<\/a><\/strong><\/p>\t\t\t\t\t\t\t\t<\/div>\n\t\t\t\t<\/div>\n\t\t\t\t<div class=\"elementor-element elementor-element-c6d4d14 elementor-widget elementor-widget-button\" data-id=\"c6d4d14\" data-element_type=\"widget\" data-widget_type=\"button.default\">\n\t\t\t\t<div class=\"elementor-widget-container\">\n\t\t\t\t\t\t\t\t\t<div class=\"elementor-button-wrapper\">\n\t\t\t\t\t<a class=\"elementor-button elementor-button-link elementor-size-sm\" href=\"https:\/\/web.archive.org\/web\/20220620060406\/https:\/\/forms.gle\/XcjxBtXuWfq4wwux6\">\n\t\t\t\t\t\t<span class=\"elementor-button-content-wrapper\">\n\t\t\t\t\t\t\t\t\t<span class=\"elementor-button-text\">Compila il modulo!<\/span>\n\t\t\t\t\t<\/span>\n\t\t\t\t\t<\/a>\n\t\t\t\t<\/div>\n\t\t\t\t\t\t\t\t<\/div>\n\t\t\t\t<\/div>\n\t\t\t\t<div class=\"elementor-element elementor-element-9acac3e elementor-widget elementor-widget-text-editor\" data-id=\"9acac3e\" data-element_type=\"widget\" data-widget_type=\"text-editor.default\">\n\t\t\t\t<div class=\"elementor-widget-container\">\n\t\t\t\t\t\t\t\t\t<h4><span style=\"color: #333333;\"><strong>Persona di contatto<\/strong><\/span><\/h4><p><span style=\"color: #333333;\">Per problemi tecnici relativi al modulo di iscrizione, inviare un&#8217;e-mail all&#8217;indirizzo:<\/span><a href=\"https:\/\/web.archive.org\/web\/20220620060406\/mailto:darius.perta@e-uvt.ro\"><strong><em>\u00a0darius.perta@e-uvt.ro<\/em><\/strong><\/a><\/p><p><span style=\"color: #333333;\">Per chiarimenti relativi alla metodologia del concorso, inviare un&#8217;e-mail all&#8217;indirizzo:<\/span>\u00a0<a href=\"https:\/\/web.archive.org\/web\/20220620060406\/mailto:cda@e-uvt.ro\"><strong><em>cda@e-uvt.ro<\/em><\/strong><\/a><\/p>\t\t\t\t\t\t\t\t<\/div>\n\t\t\t\t<\/div>\n\t\t\t\t\t<\/div>\n\t\t<\/div>\n\t\t\t\t\t<\/div>\n\t\t<\/section>\n\t\t\t\t<section class=\"elementor-section elementor-top-section elementor-element elementor-element-cc878f7 elementor-section-boxed elementor-section-height-default elementor-section-height-default\" data-id=\"cc878f7\" data-element_type=\"section\" data-settings=\"{&quot;background_background&quot;:&quot;classic&quot;}\">\n\t\t\t\t\t\t<div class=\"elementor-container elementor-column-gap-default\">\n\t\t\t\t\t<div class=\"elementor-column elementor-col-100 elementor-top-column elementor-element elementor-element-fa09fa0\" data-id=\"fa09fa0\" data-element_type=\"column\" data-settings=\"{&quot;background_background&quot;:&quot;classic&quot;}\">\n\t\t\t<div class=\"elementor-widget-wrap elementor-element-populated\">\n\t\t\t\t\t\t<div class=\"elementor-element elementor-element-75cafe8 elementor-widget elementor-widget-spacer\" data-id=\"75cafe8\" data-element_type=\"widget\" data-widget_type=\"spacer.default\">\n\t\t\t\t<div class=\"elementor-widget-container\">\n\t\t\t\t\t\t\t<div class=\"elementor-spacer\">\n\t\t\t<div class=\"elementor-spacer-inner\"><\/div>\n\t\t<\/div>\n\t\t\t\t\t\t<\/div>\n\t\t\t\t<\/div>\n\t\t\t\t\t<\/div>\n\t\t<\/div>\n\t\t\t\t\t<\/div>\n\t\t<\/section>\n\t\t\t\t<\/div>\n\t\t","protected":false},"excerpt":{"rendered":"<p>Sovvenzioni didattiche 2020 Obiettivo Le sovvenzioni didattiche hanno lo scopo di sostenere l&#8217;implementazione e l&#8217;innovazione del modello riflessivo-collaborativo di formazione nelle attivit\u00e0 didattiche svolte nell&#8217;ambito dei programmi di studio offerti dall&#8217;UVT. Struttura del concorso Il concorso per le borse di studio didattiche \u00e8 finanziato dai fondi del progetto UVT teaching &amp; learning brand, CNFIS-FDI-2020-0274. Il [&hellip;]<\/p>\n","protected":false},"author":1,"featured_media":0,"parent":0,"menu_order":0,"comment_status":"closed","ping_status":"closed","template":"","meta":{"_acf_changed":false,"footnotes":""},"class_list":["post-4218","page","type-page","status-publish","hentry"],"acf":[],"_links":{"self":[{"href":"http:\/\/cda.uvt.ro\/it\/wp-json\/wp\/v2\/pages\/4218","targetHints":{"allow":["GET"]}}],"collection":[{"href":"http:\/\/cda.uvt.ro\/it\/wp-json\/wp\/v2\/pages"}],"about":[{"href":"http:\/\/cda.uvt.ro\/it\/wp-json\/wp\/v2\/types\/page"}],"author":[{"embeddable":true,"href":"http:\/\/cda.uvt.ro\/it\/wp-json\/wp\/v2\/users\/1"}],"replies":[{"embeddable":true,"href":"http:\/\/cda.uvt.ro\/it\/wp-json\/wp\/v2\/comments?post=4218"}],"version-history":[{"count":3,"href":"http:\/\/cda.uvt.ro\/it\/wp-json\/wp\/v2\/pages\/4218\/revisions"}],"predecessor-version":[{"id":4222,"href":"http:\/\/cda.uvt.ro\/it\/wp-json\/wp\/v2\/pages\/4218\/revisions\/4222"}],"wp:attachment":[{"href":"http:\/\/cda.uvt.ro\/it\/wp-json\/wp\/v2\/media?parent=4218"}],"curies":[{"name":"wp","href":"https:\/\/api.w.org\/{rel}","templated":true}]}}