{"id":4168,"date":"2022-12-07T17:53:56","date_gmt":"2022-12-07T14:53:56","guid":{"rendered":"http:\/\/cda.uvt.ro\/proiecte-cda\/"},"modified":"2025-11-20T12:39:09","modified_gmt":"2025-11-20T09:39:09","slug":"proiecte-cda","status":"publish","type":"page","link":"http:\/\/cda.uvt.ro\/it\/proiecte-cda\/","title":{"rendered":"Proiecte"},"content":{"rendered":"\t\t<div data-elementor-type=\"wp-page\" data-elementor-id=\"4168\" class=\"elementor elementor-4168 elementor-47\" data-elementor-post-type=\"page\">\n\t\t\t\t\t\t<section class=\"elementor-section elementor-top-section elementor-element elementor-element-fef78d0 elementor-section-full_width elementor-section-height-default elementor-section-height-default\" data-id=\"fef78d0\" data-element_type=\"section\" data-settings=\"{&quot;shape_divider_bottom&quot;:&quot;opacity-tilt&quot;}\">\n\t\t\t\t\t<div class=\"elementor-shape elementor-shape-bottom\" aria-hidden=\"true\" data-negative=\"false\">\n\t\t\t<svg xmlns=\"http:\/\/www.w3.org\/2000\/svg\" viewBox=\"0 0 2600 131.1\" preserveAspectRatio=\"none\">\n\t<path class=\"elementor-shape-fill\" d=\"M0 0L2600 0 2600 69.1 0 0z\"\/>\n\t<path class=\"elementor-shape-fill\" style=\"opacity:0.5\" d=\"M0 0L2600 0 2600 69.1 0 69.1z\"\/>\n\t<path class=\"elementor-shape-fill\" style=\"opacity:0.25\" d=\"M2600 0L0 0 0 130.1 2600 69.1z\"\/>\n<\/svg>\t\t<\/div>\n\t\t\t\t\t<div class=\"elementor-container elementor-column-gap-no\">\n\t\t\t\t\t<div class=\"elementor-column elementor-col-100 elementor-top-column elementor-element elementor-element-3150c72\" data-id=\"3150c72\" data-element_type=\"column\" data-settings=\"{&quot;background_background&quot;:&quot;classic&quot;}\">\n\t\t\t<div class=\"elementor-widget-wrap elementor-element-populated\">\n\t\t\t\t\t\t<div class=\"elementor-element elementor-element-1ce56fa elementor--h-position-center elementor--v-position-middle elementor-arrows-position-inside elementor-pagination-position-inside elementor-widget elementor-widget-slides\" data-id=\"1ce56fa\" data-element_type=\"widget\" data-settings=\"{&quot;navigation&quot;:&quot;both&quot;,&quot;autoplay&quot;:&quot;yes&quot;,&quot;pause_on_hover&quot;:&quot;yes&quot;,&quot;pause_on_interaction&quot;:&quot;yes&quot;,&quot;autoplay_speed&quot;:5000,&quot;infinite&quot;:&quot;yes&quot;,&quot;transition&quot;:&quot;slide&quot;,&quot;transition_speed&quot;:500}\" data-widget_type=\"slides.default\">\n\t\t\t\t<div class=\"elementor-widget-container\">\n\t\t\t\t\t\t\t\t\t<div class=\"elementor-swiper\">\n\t\t\t\t\t<div class=\"elementor-slides-wrapper elementor-main-swiper swiper\" role=\"region\" aria-roledescription=\"carousel\" aria-label=\"Slides\" dir=\"ltr\" data-animation=\"fadeInUp\">\n\t\t\t\t<div class=\"swiper-wrapper elementor-slides\">\n\t\t\t\t\t\t\t\t\t\t<div class=\"elementor-repeater-item-82d4801 swiper-slide\" role=\"group\" aria-roledescription=\"slide\"><div class=\"swiper-slide-bg\" role=\"img\"><\/div><div class=\"elementor-background-overlay\"><\/div><div class=\"swiper-slide-inner\" ><div class=\"swiper-slide-contents\"><div class=\"elementor-slide-heading\">Progetti CDA <\/div><\/div><\/div><\/div>\t\t\t\t<\/div>\n\t\t\t\t\t\t\t<\/div>\n\t\t\t\t<\/div>\n\t\t\t\t\t\t\t\t<\/div>\n\t\t\t\t<\/div>\n\t\t\t\t\t<\/div>\n\t\t<\/div>\n\t\t\t\t\t<\/div>\n\t\t<\/section>\n\t\t\t\t<section class=\"elementor-section elementor-top-section elementor-element elementor-element-9e3b283 elementor-section-boxed elementor-section-height-default elementor-section-height-default elementor-invisible\" data-id=\"9e3b283\" data-element_type=\"section\" data-settings=\"{&quot;animation&quot;:&quot;fadeInUp&quot;}\">\n\t\t\t\t\t\t<div class=\"elementor-container elementor-column-gap-no\">\n\t\t\t\t\t<div class=\"elementor-column elementor-col-50 elementor-top-column elementor-element elementor-element-68bf8e0\" data-id=\"68bf8e0\" data-element_type=\"column\" data-settings=\"{&quot;background_background&quot;:&quot;classic&quot;}\">\n\t\t\t<div class=\"elementor-widget-wrap elementor-element-populated\">\n\t\t\t\t\t\t<div class=\"elementor-element elementor-element-71c4df0 animated-slow elementor-invisible elementor-widget elementor-widget-heading\" data-id=\"71c4df0\" data-element_type=\"widget\" data-settings=\"{&quot;_animation&quot;:&quot;fadeIn&quot;}\" data-widget_type=\"heading.default\">\n\t\t\t\t<div class=\"elementor-widget-container\">\n\t\t\t\t\t<h3 class=\"elementor-heading-title elementor-size-default\">Universit\u00e0 e datori di lavoro insieme. Un sistema integrato di programmi educativi innovativi<\/h3>\t\t\t\t<\/div>\n\t\t\t\t<\/div>\n\t\t\t\t<div class=\"elementor-element elementor-element-0500a43 elementor-invisible elementor-widget elementor-widget-text-editor\" data-id=\"0500a43\" data-element_type=\"widget\" data-settings=\"{&quot;_animation&quot;:&quot;fadeIn&quot;,&quot;_animation_delay&quot;:200}\" data-widget_type=\"text-editor.default\">\n\t\t\t\t<div class=\"elementor-widget-container\">\n\t\t\t\t\t\t\t\t\t<ul><li><p><strong>ID progetto:<\/strong> POSDRU\/157\/1.3\/S\/135590<\/p><\/li><li><p><strong>Finanziatore:<\/strong> MEN tramite POSDRU<\/p><\/li><li><p><strong>Obiettivo del progetto:<\/strong> <em>Il progetto mira a migliorare la qualit\u00e0 e l&#8217;efficienza dell&#8217;istruzione universitaria terziaria e non accademica tecnica, in linea con le esigenze del contesto socio-economico, attraverso l&#8217;implementazione di un sistema integrato di programmi e offerte formative innovative, procedure e strumenti di garanzia della qualit\u00e0 sviluppati in collaborazione tra universit\u00e0 e datori di lavoro, e dedicato alla formazione pedagogica dei docenti e allo sviluppo delle competenze professionali e socio-emotive di studenti e discenti.<\/em><\/p><\/li><li><p><strong>Periodo di attuazione:<\/strong> febbraio 2019 &#8211; agosto 2021<\/p><\/li><li><p><strong>Direttore del progetto:<\/strong> Prof. Marian D. ILIE, PhD<\/p><\/li><\/ul>\t\t\t\t\t\t\t\t<\/div>\n\t\t\t\t<\/div>\n\t\t\t\t<div class=\"elementor-element elementor-element-c6ef3b6 elementor-align-left elementor-tablet-align-left elementor-mobile-align-center elementor-widget elementor-widget-button\" data-id=\"c6ef3b6\" data-element_type=\"widget\" data-widget_type=\"button.default\">\n\t\t\t\t<div class=\"elementor-widget-container\">\n\t\t\t\t\t\t\t\t\t<div class=\"elementor-button-wrapper\">\n\t\t\t\t\t<a class=\"elementor-button elementor-button-link elementor-size-sm elementor-animation-float\" href=\"http:\/\/cda.uvt.ro\/impreuna-121030\/\" target=\"_blank\">\n\t\t\t\t\t\t<span class=\"elementor-button-content-wrapper\">\n\t\t\t\t\t\t\t\t\t<span class=\"elementor-button-text\">Vedi maggiori dettagli <\/span>\n\t\t\t\t\t<\/span>\n\t\t\t\t\t<\/a>\n\t\t\t\t<\/div>\n\t\t\t\t\t\t\t\t<\/div>\n\t\t\t\t<\/div>\n\t\t\t\t\t<\/div>\n\t\t<\/div>\n\t\t\t\t<div class=\"elementor-column elementor-col-50 elementor-top-column elementor-element elementor-element-9f37ce1\" data-id=\"9f37ce1\" data-element_type=\"column\" data-settings=\"{&quot;background_background&quot;:&quot;classic&quot;}\">\n\t\t\t<div class=\"elementor-widget-wrap elementor-element-populated\">\n\t\t\t\t\t\t<div class=\"elementor-element elementor-element-15b32af animated-slow elementor-invisible elementor-widget elementor-widget-heading\" data-id=\"15b32af\" data-element_type=\"widget\" data-settings=\"{&quot;_animation&quot;:&quot;fadeIn&quot;}\" data-widget_type=\"heading.default\">\n\t\t\t\t<div class=\"elementor-widget-container\">\n\t\t\t\t\t<h3 class=\"elementor-heading-title elementor-size-default\">UVT teaching &amp; learning brand - implementazione del sistema integrato di garanzia della qualit\u00e0 del processo didattico presso l'UVT<\/h3>\t\t\t\t<\/div>\n\t\t\t\t<\/div>\n\t\t\t\t<div class=\"elementor-element elementor-element-6bad57c elementor-invisible elementor-widget elementor-widget-text-editor\" data-id=\"6bad57c\" data-element_type=\"widget\" data-settings=\"{&quot;_animation&quot;:&quot;fadeIn&quot;,&quot;_animation_delay&quot;:200}\" data-widget_type=\"text-editor.default\">\n\t\t\t\t<div class=\"elementor-widget-container\">\n\t\t\t\t\t\t\t\t\t<ul><li><p><strong>ID progetto:<\/strong> CNFIS-FDI-2019-0408.<\/p><\/li><li><p><strong>Finanziatore:<\/strong> UEFISCD<\/p><\/li><li><p><strong>La missione del processo<\/strong> di insegnamento svolto presso l&#8217;UVT \u00e8 quella di sviluppare il potenziale di ogni studente, in modo che i laureati dell&#8217;UVT possano dimostrare solide competenze professionali e competenze trasversali di collaborazione, riflessivit\u00e0, impegno nel lavoro e imprenditorialit\u00e0.<\/p><\/li><li><p><strong>Periodo di attuazione:<\/strong> 1 LUGLIO 2019 &#8211; 13 DICEMBRE 2019<\/p><\/li><li><p><strong>Direttore del progetto:<\/strong> Prof. Marian D. ILIE<\/p><\/li><\/ul>\t\t\t\t\t\t\t\t<\/div>\n\t\t\t\t<\/div>\n\t\t\t\t\t<\/div>\n\t\t<\/div>\n\t\t\t\t\t<\/div>\n\t\t<\/section>\n\t\t\t\t<section class=\"elementor-section elementor-top-section elementor-element elementor-element-363478e elementor-section-boxed elementor-section-height-default elementor-section-height-default elementor-invisible\" data-id=\"363478e\" data-element_type=\"section\" data-settings=\"{&quot;animation&quot;:&quot;fadeInUp&quot;}\">\n\t\t\t\t\t\t<div class=\"elementor-container elementor-column-gap-no\">\n\t\t\t\t\t<div class=\"elementor-column elementor-col-50 elementor-top-column elementor-element elementor-element-d77ede8\" data-id=\"d77ede8\" data-element_type=\"column\" data-settings=\"{&quot;background_background&quot;:&quot;classic&quot;}\">\n\t\t\t<div class=\"elementor-widget-wrap elementor-element-populated\">\n\t\t\t\t\t\t<div class=\"elementor-element elementor-element-446b254 animated-slow elementor-invisible elementor-widget elementor-widget-heading\" data-id=\"446b254\" data-element_type=\"widget\" data-settings=\"{&quot;_animation&quot;:&quot;fadeIn&quot;}\" data-widget_type=\"heading.default\">\n\t\t\t\t<div class=\"elementor-widget-container\">\n\t\t\t\t\t<h3 class=\"elementor-heading-title elementor-size-default\">Scuola di didattica universitaria e ricerca scientifica avanzata<\/h3>\t\t\t\t<\/div>\n\t\t\t\t<\/div>\n\t\t\t\t<div class=\"elementor-element elementor-element-cd87f4b elementor-invisible elementor-widget elementor-widget-text-editor\" data-id=\"cd87f4b\" data-element_type=\"widget\" data-settings=\"{&quot;_animation&quot;:&quot;fadeIn&quot;,&quot;_animation_delay&quot;:200}\" data-widget_type=\"text-editor.default\">\n\t\t\t\t<div class=\"elementor-widget-container\">\n\t\t\t\t\t\t\t\t\t<ul><li><p><strong>ID progetto:<\/strong> POCU\/320\/6\/21\/121030<\/p><\/li><li><strong>Finanziatore:<\/strong> MEN tramite POSDRU<\/li><li><strong>Obiettivo del progetto:<\/strong> migliorare la qualit\u00e0 della formazione professionale dei docenti universitari fornendo loro un programma specifico che stimoli lo sviluppo, l&#8217;accettazione e l&#8217;adozione da parte degli accademici rumeni di valori specifici di una cultura di gruppo professionale, orientata al raggiungimento di risultati di livello internazionale, attraverso due direzioni strategiche di formazione, la prima di didattica e psicopedagogia universitaria e la seconda di ricerca scientifica avanzata.<\/li><\/ul><p>\u00a0<\/p><ul><li><strong>Periodo di attuazione:<\/strong> maggio 2014 &#8211; dicembre 2015<\/li><li><strong>Direttore del progetto:<\/strong> Prof. Marian D. ILIE<\/li><\/ul><p>\u00a0<\/p>\t\t\t\t\t\t\t\t<\/div>\n\t\t\t\t<\/div>\n\t\t\t\t\t<\/div>\n\t\t<\/div>\n\t\t\t\t<div class=\"elementor-column elementor-col-50 elementor-top-column elementor-element elementor-element-5d364a5\" data-id=\"5d364a5\" data-element_type=\"column\" data-settings=\"{&quot;background_background&quot;:&quot;classic&quot;}\">\n\t\t\t<div class=\"elementor-widget-wrap elementor-element-populated\">\n\t\t\t\t\t\t<div class=\"elementor-element elementor-element-cec2ec5 animated-slow elementor-invisible elementor-widget elementor-widget-heading\" data-id=\"cec2ec5\" data-element_type=\"widget\" data-settings=\"{&quot;_animation&quot;:&quot;fadeIn&quot;}\" data-widget_type=\"heading.default\">\n\t\t\t\t<div class=\"elementor-widget-container\">\n\t\t\t\t\t<h3 class=\"elementor-heading-title elementor-size-default\">UVT teaching brand - un model de instruire pentru stimularea \u00eenv\u0103\u021b\u0103rii de profunzime a studen\u021bilor<\/h3>\t\t\t\t<\/div>\n\t\t\t\t<\/div>\n\t\t\t\t<div class=\"elementor-element elementor-element-1aa7911 elementor-invisible elementor-widget elementor-widget-text-editor\" data-id=\"1aa7911\" data-element_type=\"widget\" data-settings=\"{&quot;_animation&quot;:&quot;fadeIn&quot;,&quot;_animation_delay&quot;:200}\" data-widget_type=\"text-editor.default\">\n\t\t\t\t<div class=\"elementor-widget-container\">\n\t\t\t\t\t\t\t\t\t<ul><li><p><strong>ID proiectului:<\/strong>\u00a0<span style=\"background-color: transparent; letter-spacing: 0px;\">CNFIS-FDI-2018-0063<\/span><\/p><\/li><li><p><strong>Finan\u021bator:<\/strong> UEFISCD<\/p><\/li><li><p><strong>Scopul proiectului: <\/strong>cre\u0219terea calit\u0103\u021bii activit\u0103\u021bilor didactice din UVT prin formarea psihopedagogic\u0103 a universitarilor printr-un sistem integrat de programe de formare, proceduri \u0219i instrumente de asigurarea a calit\u0103\u021bii pred\u0103rii dezvoltate \u00een acord cu un model de instruire universitar\u0103 care s\u0103 sus\u021bin\u0103 \u00eenv\u0103\u021barea de profunzime a studen\u021bilor.<\/p><\/li><li><p><strong>Perioada de implementare: <\/strong>15 Mai &#8211; 14 Decembrie 2018<\/p><\/li><li><p><strong>Director proiect:<\/strong>\u00a0Conf. univ. dr. habil. Marian D. ILIE<\/p><\/li><\/ul>\t\t\t\t\t\t\t\t<\/div>\n\t\t\t\t<\/div>\n\t\t\t\t\t<\/div>\n\t\t<\/div>\n\t\t\t\t\t<\/div>\n\t\t<\/section>\n\t\t\t\t<section class=\"elementor-section elementor-top-section elementor-element elementor-element-4723416 elementor-section-boxed elementor-section-height-default elementor-section-height-default elementor-invisible\" data-id=\"4723416\" data-element_type=\"section\" data-settings=\"{&quot;animation&quot;:&quot;fadeInUp&quot;}\">\n\t\t\t\t\t\t<div class=\"elementor-container elementor-column-gap-no\">\n\t\t\t\t\t<div class=\"elementor-column elementor-col-50 elementor-top-column elementor-element elementor-element-8825c8d\" data-id=\"8825c8d\" data-element_type=\"column\" data-settings=\"{&quot;background_background&quot;:&quot;classic&quot;}\">\n\t\t\t<div class=\"elementor-widget-wrap elementor-element-populated\">\n\t\t\t\t\t\t<div class=\"elementor-element elementor-element-5ff0ff2 animated-slow elementor-invisible elementor-widget elementor-widget-heading\" data-id=\"5ff0ff2\" data-element_type=\"widget\" data-settings=\"{&quot;_animation&quot;:&quot;fadeIn&quot;}\" data-widget_type=\"heading.default\">\n\t\t\t\t<div class=\"elementor-widget-container\">\n\t\t\t\t\t<h3 class=\"elementor-heading-title elementor-size-default\">Sistem integrat de perfec\u021bionare psihopedagogic\u0103 continu\u0103 pentru cadrele didactice universitare<\/h3>\t\t\t\t<\/div>\n\t\t\t\t<\/div>\n\t\t\t\t<div class=\"elementor-element elementor-element-2bfcbbf elementor-invisible elementor-widget elementor-widget-text-editor\" data-id=\"2bfcbbf\" data-element_type=\"widget\" data-settings=\"{&quot;_animation&quot;:&quot;fadeIn&quot;,&quot;_animation_delay&quot;:200}\" data-widget_type=\"text-editor.default\">\n\t\t\t\t<div class=\"elementor-widget-container\">\n\t\t\t\t\t\t\t\t\t<ul><li><p><strong>ID proiectului:<\/strong>\u00a0<span style=\"background-color: transparent; letter-spacing: 0px;\">CNFIS-FDI-2017-0518<\/span><\/p><\/li><li><p><strong>Finan\u021bator: UEFISCDI<\/strong><\/p><\/li><li><p><strong>Scopul proiectului:<\/strong> <em>cre\u0219terea calit\u0103\u021bii activit\u0103\u021bilor didactice prin dezvoltarea capacit\u0103\u021bii cadrelor didactice universitare de a proiecta \u0219i implementa activit\u0103\u021bi instructiv-educative centrate pe student \u0219i formare de competen\u021be, prin participarea la programe de formare continu\u0103 fundamentate pe cercet\u0103ri validate \u0219tiin\u021bific \u0219i implementate de Centrul de Dezvoltare Academic\u0103 (CDA) al Universit\u0103\u021bii de Vest din Timi\u0219oara (UVT)<\/em>.<\/p><\/li><li><p><strong>Perioada de implementare: <\/strong>15 Iunie &#8211; 14 Decembrie 2017<\/p><\/li><li><p><strong>Director proiect:<\/strong>\u00a0Conf. univ. dr. habil. Marian D. ILIE<\/p><\/li><\/ul>\t\t\t\t\t\t\t\t<\/div>\n\t\t\t\t<\/div>\n\t\t\t\t\t<\/div>\n\t\t<\/div>\n\t\t\t\t<div class=\"elementor-column elementor-col-50 elementor-top-column elementor-element elementor-element-b8f0e9f\" data-id=\"b8f0e9f\" data-element_type=\"column\" data-settings=\"{&quot;background_background&quot;:&quot;classic&quot;}\">\n\t\t\t<div class=\"elementor-widget-wrap\">\n\t\t\t\t\t\t\t<\/div>\n\t\t<\/div>\n\t\t\t\t\t<\/div>\n\t\t<\/section>\n\t\t\t\t<\/div>\n\t\t","protected":false},"excerpt":{"rendered":"<p>Progetti CDA Universit\u00e0 e datori di lavoro insieme. Un sistema integrato di programmi educativi innovativi ID progetto: POSDRU\/157\/1.3\/S\/135590 Finanziatore: MEN tramite POSDRU Obiettivo del progetto: Il progetto mira a migliorare la qualit\u00e0 e l&#8217;efficienza dell&#8217;istruzione universitaria terziaria e non accademica tecnica, in linea con le esigenze del contesto socio-economico, attraverso l&#8217;implementazione di un sistema integrato [&hellip;]<\/p>\n","protected":false},"author":1,"featured_media":0,"parent":0,"menu_order":0,"comment_status":"closed","ping_status":"closed","template":"elementor_header_footer","meta":{"_acf_changed":false,"footnotes":""},"class_list":["post-4168","page","type-page","status-publish","hentry"],"acf":[],"_links":{"self":[{"href":"http:\/\/cda.uvt.ro\/it\/wp-json\/wp\/v2\/pages\/4168","targetHints":{"allow":["GET"]}}],"collection":[{"href":"http:\/\/cda.uvt.ro\/it\/wp-json\/wp\/v2\/pages"}],"about":[{"href":"http:\/\/cda.uvt.ro\/it\/wp-json\/wp\/v2\/types\/page"}],"author":[{"embeddable":true,"href":"http:\/\/cda.uvt.ro\/it\/wp-json\/wp\/v2\/users\/1"}],"replies":[{"embeddable":true,"href":"http:\/\/cda.uvt.ro\/it\/wp-json\/wp\/v2\/comments?post=4168"}],"version-history":[{"count":6,"href":"http:\/\/cda.uvt.ro\/it\/wp-json\/wp\/v2\/pages\/4168\/revisions"}],"predecessor-version":[{"id":4283,"href":"http:\/\/cda.uvt.ro\/it\/wp-json\/wp\/v2\/pages\/4168\/revisions\/4283"}],"wp:attachment":[{"href":"http:\/\/cda.uvt.ro\/it\/wp-json\/wp\/v2\/media?parent=4168"}],"curies":[{"name":"wp","href":"https:\/\/api.w.org\/{rel}","templated":true}]}}