{"id":4158,"date":"2022-12-07T22:15:55","date_gmt":"2022-12-07T19:15:55","guid":{"rendered":"http:\/\/cda.uvt.ro\/comisia-constitutiva-cda\/"},"modified":"2025-11-17T11:04:54","modified_gmt":"2025-11-17T08:04:54","slug":"comisia-constitutiva-cda","status":"publish","type":"page","link":"http:\/\/cda.uvt.ro\/it\/comisia-constitutiva-cda\/","title":{"rendered":"Comisia Constitutiv\u0103 CDA"},"content":{"rendered":"\t\t<div data-elementor-type=\"wp-page\" data-elementor-id=\"4158\" class=\"elementor elementor-4158 elementor-818\" data-elementor-post-type=\"page\">\n\t\t\t\t\t\t<section class=\"elementor-section elementor-top-section elementor-element elementor-element-9cac756 elementor-section-boxed elementor-section-height-default elementor-section-height-default\" data-id=\"9cac756\" data-element_type=\"section\">\n\t\t\t\t\t\t<div class=\"elementor-container elementor-column-gap-default\">\n\t\t\t\t\t<div class=\"elementor-column elementor-col-100 elementor-top-column elementor-element elementor-element-03568ae\" data-id=\"03568ae\" data-element_type=\"column\">\n\t\t\t<div class=\"elementor-widget-wrap elementor-element-populated\">\n\t\t\t\t\t\t<div class=\"elementor-element elementor-element-795f8dc elementor-widget elementor-widget-heading\" data-id=\"795f8dc\" data-element_type=\"widget\" data-widget_type=\"heading.default\">\n\t\t\t\t<div class=\"elementor-widget-container\">\n\t\t\t\t\t<h2 class=\"elementor-heading-title elementor-size-default\">Comisia Consultativ\u0103 a CDA<\/h2>\t\t\t\t<\/div>\n\t\t\t\t<\/div>\n\t\t\t\t<div class=\"elementor-element elementor-element-54910a5 elementor-widget-divider--view-line elementor-widget elementor-widget-divider\" data-id=\"54910a5\" data-element_type=\"widget\" data-widget_type=\"divider.default\">\n\t\t\t\t<div class=\"elementor-widget-container\">\n\t\t\t\t\t\t\t<div class=\"elementor-divider\">\n\t\t\t<span class=\"elementor-divider-separator\">\n\t\t\t\t\t\t<\/span>\n\t\t<\/div>\n\t\t\t\t\t\t<\/div>\n\t\t\t\t<\/div>\n\t\t\t\t\t<\/div>\n\t\t<\/div>\n\t\t\t\t\t<\/div>\n\t\t<\/section>\n\t\t\t\t<section class=\"elementor-section elementor-top-section elementor-element elementor-element-11e5a45 elementor-section-boxed elementor-section-height-default elementor-section-height-default\" data-id=\"11e5a45\" data-element_type=\"section\" data-settings=\"{&quot;background_background&quot;:&quot;classic&quot;}\">\n\t\t\t\t\t\t<div class=\"elementor-container elementor-column-gap-default\">\n\t\t\t\t\t<div class=\"elementor-column elementor-col-100 elementor-top-column elementor-element elementor-element-75f957e\" data-id=\"75f957e\" data-element_type=\"column\">\n\t\t\t<div class=\"elementor-widget-wrap elementor-element-populated\">\n\t\t\t\t\t\t<div class=\"elementor-element elementor-element-900a94f elementor-widget elementor-widget-text-editor\" data-id=\"900a94f\" data-element_type=\"widget\" data-widget_type=\"text-editor.default\">\n\t\t\t\t<div class=\"elementor-widget-container\">\n\t\t\t\t\t\t\t\t\t<strong>La Commissione consultiva della CDA<\/strong> \u00e8 composta da un rappresentante per ogni area di studio delle facolt\u00e0 dell&#8217;UVT. I membri della Commissione consultiva contribuiscono allo sviluppo dell&#8217;attivit\u00e0 della CDA attraverso: a) la proposta di attivit\u00e0 specifiche per il loro settore di competenza e il supporto all&#8217;organizzazione e allo svolgimento delle stesse sotto l&#8217;egida della CDA; b) il tutoraggio dei nuovi docenti che iniziano la loro carriera presso l&#8217;UVT, nella facolt\u00e0 di cui fa parte il membro della CC della CDA.\n<h5><span style=\"color: #3d67b4;\"><strong>Membri della Commissione consultiva<\/strong><\/span><\/h5>\n<table width=\"886\">\n<tbody>\n<tr>\n<td width=\"93\"><span style=\"color: #333333;\">Nr. crt.<\/span><\/td>\n<td width=\"214\"><span style=\"color: #333333;\">Facolt\u00e0<\/span><\/td>\n<td width=\"260\"><span style=\"color: #333333;\">Dipartimento<\/span><\/td>\n<td width=\"319\"><span style=\"color: #333333;\">Membro<\/span><\/td>\n<\/tr>\n<tr>\n<td rowspan=\"2\" width=\"93\"><span style=\"color: #333333;\">1<\/span><\/td>\n<td rowspan=\"2\" width=\"214\"><span style=\"color: #333333;\">Facolt\u00e0 di Matematica e Informatica<\/span><\/td>\n<td width=\"260\"><span style=\"color: #333333;\">Matematica<\/span><\/td>\n<td width=\"319\"><span style=\"color: #333333;\">Conf. univ. dott. Ioan Casu<\/span><\/td>\n<\/tr>\n<tr>\n<td width=\"260\"><span style=\"color: #333333;\">Informatica<\/span><\/td>\n<td width=\"319\"><span style=\"color: #333333;\">Conf. univ. dott. Cristina Mindruta<\/span><\/td>\n<\/tr>\n<tr>\n<td rowspan=\"4\" width=\"93\"><span style=\"color: #333333;\">2<\/span><\/td>\n<td rowspan=\"4\" width=\"214\"><span style=\"color: #333333;\">FEEA<\/span><\/td>\n<td width=\"260\"><span style=\"color: #333333;\">Management, Amministrazione Aziendale, Marketing<\/span><\/td>\n<td width=\"319\"><span style=\"color: #333333;\">Conf. univ. dott. Valentin Munteanu<\/span><\/td>\n<\/tr>\n<tr>\n<td width=\"260\"><span style=\"color: #333333;\">Economia, Economia e Affari Internazionali<\/span><\/td>\n<td width=\"319\"><span style=\"color: #333333;\">Conf. univ. dott. Mihai P\u0103rean<\/span><\/td>\n<\/tr>\n<tr>\n<td width=\"260\"><span style=\"color: #333333;\">Finanza, Contabilit\u00e0<\/span><\/td>\n<td width=\"319\"><span style=\"color: #333333;\">Prof. univ. dott. Liliana Donath<\/span><\/td>\n<\/tr>\n<tr>\n<td width=\"260\"><span style=\"color: #333333;\">Cibernetica, Statistica e Informatica Economica<\/span><\/td>\n<td width=\"319\"><span style=\"color: #333333;\">Conf. univ. dott. Claudiu Br\u00e2nda\u0219<\/span><\/td>\n<\/tr>\n<tr>\n<td rowspan=\"2\" width=\"93\"><span style=\"color: #333333;\">3<\/span><\/td>\n<td rowspan=\"2\" width=\"214\"><span style=\"color: #333333;\">Facolt\u00e0 di Scienze Politiche, Filosofia e Scienze della Comunicazione<\/span><\/td>\n<td width=\"260\"><span style=\"color: #333333;\">Scienze Politiche<\/span><\/td>\n<td width=\"319\"><span style=\"color: #333333;\">Prof. univ. dott. Vasile Docea<\/span><\/td>\n<\/tr>\n<tr>\n<td width=\"260\"><span style=\"color: #333333;\">Filosofia e Scienze della Comunicazione<\/span><\/td>\n<td width=\"319\"><span style=\"color: #333333;\">Lect. univ. dott. Oana Barbu<\/span><\/td>\n<\/tr>\n<tr>\n<td rowspan=\"2\" width=\"93\"><span style=\"color: #333333;\">4<\/span><\/td>\n<td rowspan=\"2\" width=\"214\"><span style=\"color: #333333;\">Facolt\u00e0 di Musica e Teatro<\/span><\/td>\n<td width=\"260\"><span style=\"color: #333333;\">Musica<\/span><\/td>\n<td width=\"319\"><span style=\"color: #333333;\">Conf. univ. dott. Ortensia Rodica Miclea<\/span><\/td>\n<\/tr>\n<tr>\n<td width=\"260\"><span style=\"color: #333333;\">Teatro<\/span><\/td>\n<td width=\"319\"><span style=\"color: #333333;\">Conf. univ. dott. Petru Silviu V\u0103c\u0103rescu<\/span><\/td>\n<\/tr>\n<tr>\n<td width=\"93\"><span style=\"color: #333333;\">5<\/span><\/td>\n<td width=\"214\"><span style=\"color: #333333;\">Facolt\u00e0 di Giurisprudenza<\/span><\/td>\n<td width=\"260\"><span style=\"color: #333333;\">Diritto<\/span><\/td>\n<td width=\"319\"><span style=\"color: #333333;\">Conf. univ. dott. Mo\u021biu Dana-Daniela<\/span><\/td>\n<\/tr>\n<tr>\n<td width=\"93\"><span style=\"color: #333333;\">6<\/span><\/td>\n<td width=\"214\"><span style=\"color: #333333;\">Facolt\u00e0 di Fisica<\/span><\/td>\n<td width=\"260\"><span style=\"color: #333333;\">Fisica<\/span><\/td>\n<td width=\"319\"><\/td>\n<\/tr>\n<tr>\n<td rowspan=\"3\" width=\"93\"><span style=\"color: #333333;\"> <\/span>\n\n<span style=\"color: #333333;\">7<\/span><\/td>\n<td rowspan=\"3\" width=\"214\"><span style=\"color: #333333;\">Facolt\u00e0 di Lettere, Storia e Teologia<\/span><\/td>\n<td width=\"260\"><span style=\"color: #333333;\">Lingua e Letteratura, Lingue Moderne Applicate, Studi Culturali<\/span><\/td>\n<td width=\"319\"><span style=\"color: #333333;\">Asist. univ. dott. Valentina Muresan<\/span><\/td>\n<\/tr>\n<tr>\n<td width=\"260\"><span style=\"color: #333333;\">Storia<\/span><\/td>\n<td width=\"319\"><span style=\"color: #333333;\">Lect. univ. dott. Simona Regep<\/span><\/td>\n<\/tr>\n<tr>\n<td width=\"260\"><span style=\"color: #333333;\">Teologia<\/span><\/td>\n<td width=\"319\"><span style=\"color: #333333;\">Conf. univ. dott. Remus Feraru<\/span><\/td>\n<\/tr>\n<tr>\n<td width=\"93\"><span style=\"color: #333333;\">8<\/span><\/td>\n<td width=\"214\"><span style=\"color: #333333;\">Facolt\u00e0 di Sport e Educazione Fisica<\/span><\/td>\n<td width=\"260\"><span style=\"color: #333333;\">Educazione Fisica<\/span><\/td>\n<td width=\"319\"><span style=\"color: #333333;\">Conf. univ. dott. Simona Petracovschi<\/span><\/td>\n<\/tr>\n<tr>\n<td rowspan=\"4\" width=\"93\"><span style=\"color: #333333;\"> <\/span>\n\n<span style=\"color: #333333;\">9<\/span><\/td>\n<td rowspan=\"4\" width=\"214\"><span style=\"color: #333333;\">Facolt\u00e0 di Sociologia e Psicologia<\/span><\/td>\n<td width=\"260\"><span style=\"color: #333333;\">Psicologia<\/span><\/td>\n<td width=\"319\"><span style=\"color: #333333;\">Conf. univ. dott. Ramona Palos<\/span><\/td>\n<\/tr>\n<tr>\n<td width=\"260\"><span style=\"color: #333333;\">Assistenza Sociale<\/span><\/td>\n<td width=\"319\"><span style=\"color: #333333;\">Lect. univ. dott. Theofild Lazar<\/span><\/td>\n<\/tr>\n<tr>\n<td width=\"260\"><span style=\"color: #333333;\">Sociologia<\/span><\/td>\n<td width=\"319\"><span style=\"color: #333333;\">Asist. univ. dott. Simona Dabu<\/span><\/td>\n<\/tr>\n<tr>\n<td width=\"260\"><span style=\"color: #333333;\">Scienze dell&#8217;Educazione<\/span><\/td>\n<td width=\"319\"><span style=\"color: #333333;\">Lect. univ. dott. Anca Lustrea<\/span><\/td>\n<\/tr>\n<tr>\n<td width=\"93\"><span style=\"color: #333333;\">10<\/span><\/td>\n<td width=\"214\"><span style=\"color: #333333;\">Facolt\u00e0 di Arti e Design<\/span><\/td>\n<td width=\"260\"><span style=\"color: #333333;\">Arti e Design<\/span><\/td>\n<td width=\"319\"><span style=\"color: #333333;\">Lect. univ. dott. Valentina Stefanescu<\/span><\/td>\n<\/tr>\n<tr>\n<td rowspan=\"3\" width=\"93\"><span style=\"color: #333333;\"> <\/span>\n\n<span style=\"color: #333333;\">11<\/span><\/td>\n<td rowspan=\"3\" width=\"214\"><span style=\"color: #333333;\">Facolt\u00e0 di Chimica, Biologia, Geografia<\/span><\/td>\n<td width=\"260\"><span style=\"color: #333333;\">Chimica<\/span><\/td>\n<td width=\"319\"><span style=\"color: #333333;\">Lect. univ. dott. Laura Pitulice<\/span><\/td>\n<\/tr>\n<tr>\n<td width=\"260\"><span style=\"color: #333333;\">Biologia<\/span><\/td>\n<td width=\"319\"><span style=\"color: #333333;\">Conf. univ. dott. Nicoleta Ianovici<\/span><\/td>\n<\/tr>\n<tr>\n<td width=\"260\"><span style=\"color: #333333;\">Geografia e Scienza dell&#8217;Ambiente<\/span><\/td>\n<td width=\"319\"><span style=\"color: #333333;\">Lect. univ. dott. Ramona Ivan<\/span><\/td>\n<\/tr>\n<tr>\n<td width=\"93\"><span style=\"color: #333333;\">12<\/span><\/td>\n<td width=\"214\"><span style=\"color: #333333;\">DPPD<\/span><\/td>\n<td width=\"260\"><span style=\"color: #333333;\">DPPD<\/span><\/td>\n<td width=\"319\"><span style=\"color: #333333;\">Conf. univ. dott. Marius Crisan<\/span><\/td>\n<\/tr>\n<\/tbody>\n<\/table>\n\t\t\t\t\t\t\t\t<\/div>\n\t\t\t\t<\/div>\n\t\t\t\t\t<\/div>\n\t\t<\/div>\n\t\t\t\t\t<\/div>\n\t\t<\/section>\n\t\t\t\t<\/div>\n\t\t","protected":false},"excerpt":{"rendered":"<p>Comisia Consultativ\u0103 a CDA La Commissione consultiva della CDA \u00e8 composta da un rappresentante per ogni area di studio delle facolt\u00e0 dell&#8217;UVT. I membri della Commissione consultiva contribuiscono allo sviluppo dell&#8217;attivit\u00e0 della CDA attraverso: a) la proposta di attivit\u00e0 specifiche per il loro settore di competenza e il supporto all&#8217;organizzazione e allo svolgimento delle stesse [&hellip;]<\/p>\n","protected":false},"author":1,"featured_media":0,"parent":0,"menu_order":0,"comment_status":"closed","ping_status":"closed","template":"elementor_header_footer","meta":{"_acf_changed":false,"footnotes":""},"class_list":["post-4158","page","type-page","status-publish","hentry"],"acf":[],"_links":{"self":[{"href":"http:\/\/cda.uvt.ro\/it\/wp-json\/wp\/v2\/pages\/4158","targetHints":{"allow":["GET"]}}],"collection":[{"href":"http:\/\/cda.uvt.ro\/it\/wp-json\/wp\/v2\/pages"}],"about":[{"href":"http:\/\/cda.uvt.ro\/it\/wp-json\/wp\/v2\/types\/page"}],"author":[{"embeddable":true,"href":"http:\/\/cda.uvt.ro\/it\/wp-json\/wp\/v2\/users\/1"}],"replies":[{"embeddable":true,"href":"http:\/\/cda.uvt.ro\/it\/wp-json\/wp\/v2\/comments?post=4158"}],"version-history":[{"count":6,"href":"http:\/\/cda.uvt.ro\/it\/wp-json\/wp\/v2\/pages\/4158\/revisions"}],"predecessor-version":[{"id":4165,"href":"http:\/\/cda.uvt.ro\/it\/wp-json\/wp\/v2\/pages\/4158\/revisions\/4165"}],"wp:attachment":[{"href":"http:\/\/cda.uvt.ro\/it\/wp-json\/wp\/v2\/media?parent=4158"}],"curies":[{"name":"wp","href":"https:\/\/api.w.org\/{rel}","templated":true}]}}