{"id":4132,"date":"2022-12-07T22:07:05","date_gmt":"2022-12-07T19:07:05","guid":{"rendered":"http:\/\/cda.uvt.ro\/despre-cda\/"},"modified":"2025-11-14T11:53:54","modified_gmt":"2025-11-14T08:53:54","slug":"despre-cda","status":"publish","type":"page","link":"http:\/\/cda.uvt.ro\/it\/despre-cda\/","title":{"rendered":"Despre CDA"},"content":{"rendered":"\t\t<div data-elementor-type=\"wp-page\" data-elementor-id=\"4132\" class=\"elementor elementor-4132 elementor-751\" data-elementor-post-type=\"page\">\n\t\t\t\t\t\t<section class=\"elementor-section elementor-top-section elementor-element elementor-element-307263f elementor-section-boxed elementor-section-height-default elementor-section-height-default\" data-id=\"307263f\" data-element_type=\"section\">\n\t\t\t\t\t\t<div class=\"elementor-container elementor-column-gap-default\">\n\t\t\t\t\t<div class=\"elementor-column elementor-col-100 elementor-top-column elementor-element elementor-element-c04eeaa\" data-id=\"c04eeaa\" data-element_type=\"column\">\n\t\t\t<div class=\"elementor-widget-wrap elementor-element-populated\">\n\t\t\t\t\t\t<div class=\"elementor-element elementor-element-5347b2f elementor-widget elementor-widget-heading\" data-id=\"5347b2f\" data-element_type=\"widget\" data-widget_type=\"heading.default\">\n\t\t\t\t<div class=\"elementor-widget-container\">\n\t\t\t\t\t<h2 class=\"elementor-heading-title elementor-size-default\">Informazioni su CDA<\/h2>\t\t\t\t<\/div>\n\t\t\t\t<\/div>\n\t\t\t\t<div class=\"elementor-element elementor-element-75cac03 elementor-widget-divider--view-line elementor-widget elementor-widget-divider\" data-id=\"75cac03\" data-element_type=\"widget\" data-widget_type=\"divider.default\">\n\t\t\t\t<div class=\"elementor-widget-container\">\n\t\t\t\t\t\t\t<div class=\"elementor-divider\">\n\t\t\t<span class=\"elementor-divider-separator\">\n\t\t\t\t\t\t<\/span>\n\t\t<\/div>\n\t\t\t\t\t\t<\/div>\n\t\t\t\t<\/div>\n\t\t\t\t<section class=\"elementor-section elementor-inner-section elementor-element elementor-element-5a50aa6 elementor-section-boxed elementor-section-height-default elementor-section-height-default\" data-id=\"5a50aa6\" data-element_type=\"section\">\n\t\t\t\t\t\t<div class=\"elementor-container elementor-column-gap-default\">\n\t\t\t\t\t<div class=\"elementor-column elementor-col-100 elementor-inner-column elementor-element elementor-element-3b192f6\" data-id=\"3b192f6\" data-element_type=\"column\">\n\t\t\t<div class=\"elementor-widget-wrap elementor-element-populated\">\n\t\t\t\t\t\t<div class=\"elementor-element elementor-element-6ec8816 elementor-widget__width-initial elementor-widget elementor-widget-text-editor\" data-id=\"6ec8816\" data-element_type=\"widget\" data-widget_type=\"text-editor.default\">\n\t\t\t\t<div class=\"elementor-widget-container\">\n\t\t\t\t\t\t\t\t\t<pre><strong>Il Centro di Sviluppo Accademico<\/strong> (CDA) \u00e8 una struttura di supporto accademico dell'Universit\u00e0 di Timi\u0219oara e si trova sotto la diretta coordinazione del Prorettore responsabile della Strategia Accademica,<strong> il Prof. M\u0103d\u0103lin BUNOIU.<\/strong><\/pre>\t\t\t\t\t\t\t\t<\/div>\n\t\t\t\t<\/div>\n\t\t\t\t\t<\/div>\n\t\t<\/div>\n\t\t\t\t\t<\/div>\n\t\t<\/section>\n\t\t\t\t\t<\/div>\n\t\t<\/div>\n\t\t\t\t\t<\/div>\n\t\t<\/section>\n\t\t\t\t<section class=\"elementor-section elementor-top-section elementor-element elementor-element-e873922 elementor-section-boxed elementor-section-height-default elementor-section-height-default\" data-id=\"e873922\" data-element_type=\"section\">\n\t\t\t\t\t\t<div class=\"elementor-container elementor-column-gap-default\">\n\t\t\t\t\t<div class=\"elementor-column elementor-col-100 elementor-top-column elementor-element elementor-element-5538196\" data-id=\"5538196\" data-element_type=\"column\">\n\t\t\t<div class=\"elementor-widget-wrap elementor-element-populated\">\n\t\t\t\t\t\t<div class=\"elementor-element elementor-element-4412c5b elementor-widget elementor-widget-text-editor\" data-id=\"4412c5b\" data-element_type=\"widget\" data-widget_type=\"text-editor.default\">\n\t\t\t\t<div class=\"elementor-widget-container\">\n\t\t\t\t\t\t\t\t\t<div id=\"pg-4-1\" class=\"panel-grid panel-no-style\"><div id=\"pgc-4-1-0\" class=\"panel-grid-cell\"><div id=\"panel-4-1-0-0\" class=\"so-panel widget widget_sow-editor panel-first-child panel-last-child\" data-index=\"2\"><div class=\"so-widget-sow-editor so-widget-sow-editor-base\"><div class=\"siteorigin-widget-tinymce textwidget\"><div class=\"about\"><p>La missione e gli obiettivi strategici del CDA riflettono, perseguono e sostengono gli obiettivi dell&#8217;UVT di promuovere e raggiungere standard professionali di qualit\u00e0. La politica di sviluppo personale e professionale dei membri della comunit\u00e0 accademica deriva dalla missione generale assunta dall&#8217;UVT: &#8220;ricerca scientifica avanzata e istruzione, generazione e trasferimento di conoscenze alla societ\u00e0 attraverso la formazione continua, a livello universitario, ai fini dello sviluppo personale, dell&#8217;inserimento professionale dell&#8217;individuo e della soddisfazione delle esigenze di competenze del contesto socio-economico&#8221; (CARTA UVT, 2012) e mira direttamente allo svolgimento di attivit\u00e0 che contribuiscano al raggiungimento di uno degli obiettivi strategici previsti nel Piano gestionale del Rettore dell&#8217;UVT: \u201cSviluppo delle risorse umane dell&#8217;universit\u00e0 in un ambiente collegiale basato sulla socializzazione, la cooperazione, la collaborazione, in cui il valore e l&#8217;impegno costante nel raggiungimento degli obiettivi comuni sono le dimensioni alla base dell&#8217;evoluzione delle carriere\u201d e dell&#8217;obiettivo operativo:<\/p><p>Promuovere la formazione e il perfezionamento nella carriera didattica, promuovere programmi di formazione iniziale e continua, con valenze psicopedagogiche e specialistiche, sia per gli studenti dell&#8217;UVT, sia per i laureati dell&#8217;istruzione superiore o i docenti dell&#8217;istruzione preuniversitaria e universitaria. Creazione di un centro di sviluppo del personale dell&#8217;UVT che sostenga il personale docente dell&#8217;UVT nel miglioramento della qualit\u00e0 delle prestazioni didattiche e promuova<\/p><p>Promuovere la formazione e il perfezionamento nella carriera didattica, promuovere programmi di formazione iniziale e continua, con valenze psicopedagogiche e specialistiche, sia per gli studenti dell&#8217;UVT che per i laureati dell&#8217;istruzione superiore o i docenti dell&#8217;istruzione preuniversitaria e universitaria. Creazione di un centro di sviluppo del personale dell&#8217;UVT che sostenga il personale docente dell&#8217;UVT nel miglioramento della qualit\u00e0 delle prestazioni didattiche e nella promozione di un processo didattico formativo.<\/p><p>Missione CDA Sviluppo personale e professionale continuo dei docenti universitari (CDU) e delle altre categorie di personale universitario (manageriale, didattico ausiliario e di supporto), nonch\u00e9 delle diverse categorie di adulti coinvolti nell&#8217;istruzione e nella formazione, attraverso programmi e attivit\u00e0 di formazione, consulenza educativa e organizzativa, nonch\u00e9 attraverso la realizzazione di progetti di ricerca e innovazione educativa con l&#8217;obiettivo di migliorare la qualit\u00e0 dell&#8217;attivit\u00e0 educativa, della produzione scientifica e del processo amministrativo.<\/p><p><strong>Obiettivo n. 1<\/strong> &#8211; sviluppo e perfezionamento continuo della CDU dell&#8217;UVT attraverso percorsi formativi personalizzati nelle seguenti tre direzioni: attivit\u00e0 didattica, attivit\u00e0 di ricerca scientifica e promozione di una cultura della qualit\u00e0.<\/p><p><strong>Obiettivo n. 2<\/strong> &#8211; sviluppo e perfezionamento continuo del personale didattico ausiliario e di supporto dell&#8217;UVT al fine di ottimizzare i processi amministrativi dell&#8217;organizzazione universitaria.<\/p><p><strong>Obiettivo n. 3<\/strong> &#8211; aumentare la visibilit\u00e0 e il prestigio dell&#8217;UVT offrendo programmi e attivit\u00e0 di formazione, consulenza educativa e organizzativa ad altre organizzazioni e\/o istituzioni interessate.<\/p><p><strong>Obiettivo n. 4<\/strong> &#8211; realizzazione di studi e ricerche empiriche nel campo dell&#8217;istruzione universitaria per rendere pi\u00f9 efficienti le attivit\u00e0 specifiche dell&#8217;istruzione universitaria.<\/p><\/div><\/div><\/div><\/div><\/div><\/div>\t\t\t\t\t\t\t\t<\/div>\n\t\t\t\t<\/div>\n\t\t\t\t\t<\/div>\n\t\t<\/div>\n\t\t\t\t\t<\/div>\n\t\t<\/section>\n\t\t\t\t<\/div>\n\t\t","protected":false},"excerpt":{"rendered":"<p>Informazioni su CDA Il Centro di Sviluppo Accademico (CDA) \u00e8 una struttura di supporto accademico dell&#8217;Universit\u00e0 di Timi\u0219oara e si trova sotto la diretta coordinazione del Prorettore responsabile della Strategia Accademica, il Prof. M\u0103d\u0103lin BUNOIU. La missione e gli obiettivi strategici del CDA riflettono, perseguono e sostengono gli obiettivi dell&#8217;UVT di promuovere e raggiungere standard [&hellip;]<\/p>\n","protected":false},"author":1,"featured_media":0,"parent":0,"menu_order":0,"comment_status":"closed","ping_status":"closed","template":"","meta":{"_acf_changed":false,"footnotes":""},"class_list":["post-4132","page","type-page","status-publish","hentry"],"acf":[],"_links":{"self":[{"href":"http:\/\/cda.uvt.ro\/it\/wp-json\/wp\/v2\/pages\/4132","targetHints":{"allow":["GET"]}}],"collection":[{"href":"http:\/\/cda.uvt.ro\/it\/wp-json\/wp\/v2\/pages"}],"about":[{"href":"http:\/\/cda.uvt.ro\/it\/wp-json\/wp\/v2\/types\/page"}],"author":[{"embeddable":true,"href":"http:\/\/cda.uvt.ro\/it\/wp-json\/wp\/v2\/users\/1"}],"replies":[{"embeddable":true,"href":"http:\/\/cda.uvt.ro\/it\/wp-json\/wp\/v2\/comments?post=4132"}],"version-history":[{"count":6,"href":"http:\/\/cda.uvt.ro\/it\/wp-json\/wp\/v2\/pages\/4132\/revisions"}],"predecessor-version":[{"id":4139,"href":"http:\/\/cda.uvt.ro\/it\/wp-json\/wp\/v2\/pages\/4132\/revisions\/4139"}],"wp:attachment":[{"href":"http:\/\/cda.uvt.ro\/it\/wp-json\/wp\/v2\/media?parent=4132"}],"curies":[{"name":"wp","href":"https:\/\/api.w.org\/{rel}","templated":true}]}}