{"id":13,"date":"2023-08-08T08:25:52","date_gmt":"2023-08-08T08:25:52","guid":{"rendered":"http:\/\/cda.uvt.ro\/impreuna-121030\/?page_id=13"},"modified":"2023-08-08T09:27:36","modified_gmt":"2023-08-08T09:27:36","slug":"home","status":"publish","type":"page","link":"http:\/\/cda.uvt.ro\/impreuna-121030\/","title":{"rendered":"Home"},"content":{"rendered":"\t\t<div data-elementor-type=\"wp-page\" data-elementor-id=\"13\" class=\"elementor elementor-13\" data-elementor-post-type=\"page\">\n\t\t\t\t\t\t\t\t\t<section class=\"elementor-section elementor-top-section elementor-element elementor-element-79cbde7 elementor-section-full_width elementor-section-height-default elementor-section-height-default\" data-id=\"79cbde7\" data-element_type=\"section\">\n\t\t\t\t\t\t<div class=\"elementor-container elementor-column-gap-no\">\n\t\t\t\t\t<div class=\"elementor-column elementor-col-100 elementor-top-column elementor-element elementor-element-ef4dd9d\" data-id=\"ef4dd9d\" data-element_type=\"column\">\n\t\t\t<div class=\"elementor-widget-wrap elementor-element-populated\">\n\t\t\t\t\t\t\t\t<div class=\"elementor-element elementor-element-4b1a720 elementor--h-position-center elementor--v-position-middle elementor-arrows-position-inside elementor-pagination-position-inside elementor-widget elementor-widget-slides\" data-id=\"4b1a720\" data-element_type=\"widget\" data-settings=\"{&quot;navigation&quot;:&quot;both&quot;,&quot;autoplay&quot;:&quot;yes&quot;,&quot;pause_on_hover&quot;:&quot;yes&quot;,&quot;pause_on_interaction&quot;:&quot;yes&quot;,&quot;autoplay_speed&quot;:5000,&quot;infinite&quot;:&quot;yes&quot;,&quot;transition&quot;:&quot;slide&quot;,&quot;transition_speed&quot;:500}\" data-widget_type=\"slides.default\">\n\t\t\t\t<div class=\"elementor-widget-container\">\n\t\t\t<style>\/*! elementor-pro - v3.15.0 - 31-07-2023 *\/\n.elementor-slides .swiper-slide-bg{background-size:cover;background-position:50%;background-repeat:no-repeat;min-width:100%;min-height:100%}.elementor-slides .swiper-slide-inner{background-repeat:no-repeat;background-position:50%;position:absolute;top:0;left:0;bottom:0;right:0;padding:50px;margin:auto}.elementor-slides .swiper-slide-inner,.elementor-slides .swiper-slide-inner:hover{color:#fff;display:flex}.elementor-slides .swiper-slide-inner .elementor-background-overlay{position:absolute;z-index:0;top:0;bottom:0;left:0;right:0}.elementor-slides .swiper-slide-inner .elementor-slide-content{position:relative;z-index:1;width:100%}.elementor-slides .swiper-slide-inner .elementor-slide-heading{font-size:35px;font-weight:700;line-height:1}.elementor-slides .swiper-slide-inner .elementor-slide-description{font-size:17px;line-height:1.4}.elementor-slides .swiper-slide-inner .elementor-slide-description:not(:last-child),.elementor-slides .swiper-slide-inner .elementor-slide-heading:not(:last-child){margin-bottom:30px}.elementor-slides .swiper-slide-inner .elementor-slide-button{border:2px solid #fff;color:#fff;background:transparent;display:inline-block}.elementor-slides .swiper-slide-inner .elementor-slide-button,.elementor-slides .swiper-slide-inner .elementor-slide-button:hover{background:transparent;color:inherit;text-decoration:none}.elementor--v-position-top .swiper-slide-inner{align-items:flex-start}.elementor--v-position-bottom .swiper-slide-inner{align-items:flex-end}.elementor--v-position-middle .swiper-slide-inner{align-items:center}.elementor--h-position-left .swiper-slide-inner{justify-content:flex-start}.elementor--h-position-right .swiper-slide-inner{justify-content:flex-end}.elementor--h-position-center .swiper-slide-inner{justify-content:center}body.rtl .elementor-widget-slides .elementor-swiper-button-next{left:10px;right:auto}body.rtl .elementor-widget-slides .elementor-swiper-button-prev{right:10px;left:auto}.elementor-slides-wrapper div:not(.swiper-slide)>.swiper-slide-inner{display:none}@media (max-width:767px){.elementor-slides .swiper-slide-inner{padding:30px}.elementor-slides .swiper-slide-inner .elementor-slide-heading{font-size:23px;line-height:1;margin-bottom:15px}.elementor-slides .swiper-slide-inner .elementor-slide-description{font-size:13px;line-height:1.4;margin-bottom:15px}}<\/style>\t\t<div class=\"elementor-swiper\">\n\t\t\t<div class=\"elementor-slides-wrapper elementor-main-swiper swiper-container\" dir=\"ltr\" data-animation=\"fadeInUp\">\n\t\t\t\t<div class=\"swiper-wrapper elementor-slides\">\n\t\t\t\t\t\t\t\t\t\t<div class=\"elementor-repeater-item-99cca4e swiper-slide\"><div class=\"swiper-slide-bg\" role=\"img\"><\/div><div class=\"swiper-slide-inner\" ><div class=\"swiper-slide-contents\"><\/div><\/div><\/div><div class=\"elementor-repeater-item-116e124 swiper-slide\"><div class=\"swiper-slide-bg\" role=\"img\"><\/div><div class=\"swiper-slide-inner\" ><div class=\"swiper-slide-contents\"><\/div><\/div><\/div><div class=\"elementor-repeater-item-6cfe533 swiper-slide\"><div class=\"swiper-slide-bg\" role=\"img\"><\/div><div class=\"swiper-slide-inner\" ><div class=\"swiper-slide-contents\"><\/div><\/div><\/div><div class=\"elementor-repeater-item-92ea39f swiper-slide\"><div class=\"swiper-slide-bg\" role=\"img\"><\/div><div class=\"swiper-slide-inner\" ><div class=\"swiper-slide-contents\"><\/div><\/div><\/div>\t\t\t\t<\/div>\n\t\t\t\t\t\t\t\t\t\t\t\t\t\t\t<div class=\"swiper-pagination\"><\/div>\n\t\t\t\t\t\t\t\t\t\t\t\t\t\t\t\t<div class=\"elementor-swiper-button elementor-swiper-button-prev\" role=\"button\" tabindex=\"0\">\n\t\t\t\t\t\t\t<i aria-hidden=\"true\" class=\"eicon-chevron-left\"><\/i>\t\t\t\t\t\t\t<span class=\"elementor-screen-only\">Previous slide<\/span>\n\t\t\t\t\t\t<\/div>\n\t\t\t\t\t\t<div class=\"elementor-swiper-button elementor-swiper-button-next\" role=\"button\" tabindex=\"0\">\n\t\t\t\t\t\t\t<i aria-hidden=\"true\" class=\"eicon-chevron-right\"><\/i>\t\t\t\t\t\t\t<span class=\"elementor-screen-only\">Next slide<\/span>\n\t\t\t\t\t\t<\/div>\n\t\t\t\t\t\t\t\t\t\t\t\t<\/div>\n\t\t<\/div>\n\t\t\t\t<\/div>\n\t\t\t\t<\/div>\n\t\t\t\t<div class=\"elementor-element elementor-element-e6aceff elementor-widget elementor-widget-heading\" data-id=\"e6aceff\" data-element_type=\"widget\" data-widget_type=\"heading.default\">\n\t\t\t\t<div class=\"elementor-widget-container\">\n\t\t\t<style>\/*! elementor - v3.15.0 - 02-08-2023 *\/\n.elementor-heading-title{padding:0;margin:0;line-height:1}.elementor-widget-heading .elementor-heading-title[class*=elementor-size-]>a{color:inherit;font-size:inherit;line-height:inherit}.elementor-widget-heading .elementor-heading-title.elementor-size-small{font-size:15px}.elementor-widget-heading .elementor-heading-title.elementor-size-medium{font-size:19px}.elementor-widget-heading .elementor-heading-title.elementor-size-large{font-size:29px}.elementor-widget-heading .elementor-heading-title.elementor-size-xl{font-size:39px}.elementor-widget-heading .elementor-heading-title.elementor-size-xxl{font-size:59px}<\/style><h2 class=\"elementor-heading-title elementor-size-default\">Pentru informa\u0163ii detaliate despre celelalte programe cofinan\u021bate de Uniunea European\u0103, v\u0103 invit\u0103m s\u0103 vizita\u0163i www.fonduri-ue.ro.<\/h2>\t\t<\/div>\n\t\t\t\t<\/div>\n\t\t\t\t<div class=\"elementor-element elementor-element-2f9e9f2 elementor-widget elementor-widget-heading\" data-id=\"2f9e9f2\" data-element_type=\"widget\" data-widget_type=\"heading.default\">\n\t\t\t\t<div class=\"elementor-widget-container\">\n\t\t\t<h2 class=\"elementor-heading-title elementor-size-default\">Despre proiect<\/h2>\t\t<\/div>\n\t\t\t\t<\/div>\n\t\t\t\t<div class=\"elementor-element elementor-element-a77b5a2 elementor-widget elementor-widget-text-editor\" data-id=\"a77b5a2\" data-element_type=\"widget\" data-widget_type=\"text-editor.default\">\n\t\t\t\t<div class=\"elementor-widget-container\">\n\t\t\t<style>\/*! elementor - v3.15.0 - 02-08-2023 *\/\n.elementor-widget-text-editor.elementor-drop-cap-view-stacked .elementor-drop-cap{background-color:#69727d;color:#fff}.elementor-widget-text-editor.elementor-drop-cap-view-framed .elementor-drop-cap{color:#69727d;border:3px solid;background-color:transparent}.elementor-widget-text-editor:not(.elementor-drop-cap-view-default) .elementor-drop-cap{margin-top:8px}.elementor-widget-text-editor:not(.elementor-drop-cap-view-default) .elementor-drop-cap-letter{width:1em;height:1em}.elementor-widget-text-editor .elementor-drop-cap{float:left;text-align:center;line-height:1;font-size:50px}.elementor-widget-text-editor .elementor-drop-cap-letter{display:inline-block}<\/style>\t\t\t\t<div class=\"element-size-100\"><div class=\" col-md-12\"><div class=\"heading-description\"><p><b><span style=\"color: #255a90;\">Proiectul \u00ee\u0219i propune s\u0103 creasc\u0103 capacitatea celor 4 universit\u0103\u021bi partenere<\/span><\/b>\u00a0de a r\u0103spunde nevoilor pie\u021bei muncii prin programe de formare profesional\u0103 \u0219i oferte complementare de studii relevante pentru nevoile angajatorilor. Acest obiectiv este unul relevant pentru \u00eendeplinirea obiectivelor de \u021bar\u0103 pe care Rom\u00e2nia le are asumate \u00een parteneriat cu Uniunea European\u0103 (Strategiei Europa 2020 a Comisiei Europene), mai ales dac\u0103 \u021binem cot de faptul c\u0103 avem cea mai mic\u0103 rat\u0103 din UE a absolven\u021bilor cu studii superioare \u00eencadra\u021bi pe pia\u021ba for\u021bei de munc\u0103, doar 19,2% fa\u021b\u0103 de 33% media UE \u0219i, totodat\u0103, o propor\u021bie de doar 69,3% dintre proaspe\u021bii absolven\u021bi \u00eencadra\u021bi pe pia\u021ba for\u021bei de munc\u0103, fa\u021b\u0103 de media de 78,2% la nivel UE (Eurostat, 2016). Asumarea acestui obiectiv devine imperios necesar\u0103 dac\u0103 consider\u0103m c\u0103 cei 4 parteneri ai proiectului ( Universitatea Constantin Br\u00e2ncu\u0219i din T\u00e2rgu Jiu, Universitatea Eftimie Murgu din Re\u0219i\u021ba \u0219i Universitatea \u0218tefan cel Mare din Suceava) \u00ee\u0219i desf\u0103\u0219oar\u0103 activitatea \u00een 3 regiuni mai pu\u021bin dezvoltate ale \u021b\u0103rii (Vest, Sud &#8211; Vest Oltenia \u0219i Nord &#8211; Est), din care unul (Universitatea \u0218tefan cel Mare din Suceava) chiar \u00een cea mai slab dezvoltat\u0103 regiune (Nord &#8211; Est).<\/p><\/div><\/div><\/div><div class=\"element-size-100\"><div class=\" col-md-12\"><div class=\"heading-description\"><p><b><span style=\"color: #255a90;\">\u00cen mod tradi\u021bional, se consider\u0103 c\u0103 angajatorii<\/span><\/b>\u00a0au nevoie ca tinerii absolven\u021bi s\u0103 de\u021bin\u0103 cuno\u0219tin\u021be necesare pentru a-\u0219i putea realiza eficient activitatea la locul de munc\u0103, iar \u00eenv\u0103\u021b\u0103m\u00e2ntul ter\u021biar trebuie s\u0103 asigure aceste cuno\u0219tin\u021be (Andrews &amp; Higson, 2008). Totu\u0219i, rapiditatea dezvolt\u0103rii tehnologice \u00een toate domeniile de activitate a generat noi nevoi ale angajatorilor, care le completeaz\u0103 pe cele tradi\u021bionale legate de cuno\u0219tin\u021bele absolven\u021bilor. Ca atare, contextul actual descrie nevoia \u00eenv\u0103\u021b\u0103m\u00e2ntului ter\u021biar universitar \u0219i non-universitar de a oferi con\u021binut sincronizat cu nevoile angajatorilor, \u00eentr-o manier\u0103 de predare care trebuie s\u0103 dep\u0103\u0219easc\u0103 limitele inerente ale abord\u0103rilor tradi\u021bionale. Dezvoltarea competen\u021belor transversale \u00eenc\u0103 reprezint\u0103 o provocare pentru \u00eenv\u0103\u021b\u0103m\u00e2ntul ter\u021biar rom\u00e2nesc \u0219i o oportunitate de cre\u0219tere pentru nivelul de angajabilitate al tinerilor rom\u00e2ni. La nivelul grupului \u021bint\u0103, analizele de nevoi realizate de parteneri eviden\u021biaz\u0103 nevoia de formare a competen\u021belor pedagogice ale personalului didactic \u0219i nevoia de a dezvolta o gam\u0103 larg\u0103 de competen\u021be transversale la studen\u021bi: lucru \u00een echip\u0103, g\u00e2ndire critic\u0103, rezolvare de probleme, creativitate, autonomia decizional\u0103 \u0219i de ini\u021biativa proprie, comunicare eficient\u0103.<\/p><\/div><\/div><\/div><div class=\"element-size-100\"><div class=\" col-md-12\"><div class=\"heading-description\"><p><b><span style=\"color: #255a90;\">\u00cen acest context, proiectul propune ca r\u0103spuns la nevoile identificate<\/span><\/b>\u00a0la nivelul grupului \u021bint\u0103 10 cursuri complementare de dezvoltare a competen\u021belor transversale \u0219i socio-emo\u021bionale ale studen\u021bilor, precum \u0219i 2 programe de formare profesional\u0103, str\u00e2ns corelate cu specificul economic local (sector energetic &#8211; Gorj, sector industrial &#8211; Cara\u0219-Severin) al partenerilor ce implementeaz\u0103 programe de \u00eenv\u0103\u021b\u0103m\u00e2nt ter\u021biar non-universitar tehnic. Acest r\u0103spuns ia forma unui sistem integrat de programe educa\u021bionale inovative, dezvoltat \u0219i implementat prin colaborare \u00eentre universitari \u0219i exper\u021bi resurs\u0103 de la nivelul angajatorilor. \u00cen cadrul acestei abord\u0103ri sunt integrate ciclic programe de dezvoltare a competen\u021belor pedagogice ale personalului didactic, programe de formare profesional\u0103 pentru cursan\u021bii din \u00eenv\u0103\u021b\u0103m\u00e2ntul non-universitar tehnic, cursuri complementare pentru studen\u021bii ciclurilor de licen\u021b\u0103 \u0219i master, activit\u0103\u021bi non-formale cu caracter de suport profesional, precum \u0219i proceduri, \u0219i instrumente de monitorizare \u0219i asigurare a calit\u0103\u021bii, \u0219i evaluarea a impactului ofertelor educa\u021bionale.<br \/><br \/><b><span style=\"color: #255a90;\">Pentru dezvoltare curricular\u0103 \u0219i livrarea activit\u0103\u021bilor de instruire,<\/span><\/b>\u00a0sistemul integrat de formare se va baza pe abordarea \u00eenv\u0103\u021b\u0103rii bazat\u0103 pe probleme (Problem Based Learning &#8211; PBL). PBL const\u0103 \u00een stimularea procesului de \u00eenv\u0103\u021bare prin confruntarea studen\u021bilor cu probleme practice specifice domeniului \u00een care se formeaz\u0103. Prin confruntarea cu probleme practice, studen\u021bii \u00eenva\u021b\u0103 s\u0103 analizeze probleme concrete \u0219i \u00ee\u0219i stabilesc singuri nevoile de \u00eenv\u0103\u021bare \u00een scopul identific\u0103rii r\u0103spunsului la problem\u0103 (Albanese &amp; Mitchell, 1993). Calitatea acestui sistem const\u0103 \u00een a da un caracter practic-aplicativ experien\u0163ei de predare-\u00eenv\u0103\u0163are, preg\u0103tind astfel viitorul profesionist pentru situa\u0163iile concrete pe care le va \u00eent\u00e2lni \u00een mediul de lucru viitor.<\/p><\/div><\/div><\/div>\t\t\t\t\t\t<\/div>\n\t\t\t\t<\/div>\n\t\t\t\t<div class=\"elementor-element elementor-element-76ca68f elementor-widget elementor-widget-text-editor\" data-id=\"76ca68f\" data-element_type=\"widget\" data-widget_type=\"text-editor.default\">\n\t\t\t\t<div class=\"elementor-widget-container\">\n\t\t\t\t\t\t\t<p><b>Timi\u0219oara (Timi\u0219, Rom\u00e2nia),<\/b><br \/>Extras din cererea de finan\u021bare depus\u0103 \u00een Aprilie 2018<\/p><p><b>Manager proiect,<\/b><br \/>Conf. univ. dr. habil. Marian D. ILIE<\/p><p>\u00a0<\/p><p>Con\u021binutul acestui material nu reprezint\u0103 \u00een mod obligatoriu pozi\u021bia oficial\u0103 a Uniunii Europene sau a Guvernului Rom\u00e2niei.<\/p>\t\t\t\t\t\t<\/div>\n\t\t\t\t<\/div>\n\t\t\t\t\t<\/div>\n\t\t<\/div>\n\t\t\t\t\t\t\t<\/div>\n\t\t<\/section>\n\t\t\t\t\t\t\t<\/div>\n\t\t","protected":false},"excerpt":{"rendered":"<p>Previous slide Next slide Pentru informa\u0163ii detaliate despre celelalte programe cofinan\u021bate de Uniunea European\u0103, v\u0103 invit\u0103m s\u0103 vizita\u0163i www.fonduri-ue.ro. Despre proiect Proiectul \u00ee\u0219i propune s\u0103 creasc\u0103 capacitatea celor 4 universit\u0103\u021bi partenere\u00a0de a r\u0103spunde nevoilor pie\u021bei muncii prin programe de formare profesional\u0103 \u0219i oferte complementare de studii relevante pentru nevoile angajatorilor. Acest obiectiv este unul relevant [&hellip;]<\/p>\n","protected":false},"author":1,"featured_media":0,"parent":0,"menu_order":0,"comment_status":"closed","ping_status":"closed","template":"","meta":{"footnotes":""},"class_list":["post-13","page","type-page","status-publish","hentry"],"_links":{"self":[{"href":"http:\/\/cda.uvt.ro\/impreuna-121030\/wp-json\/wp\/v2\/pages\/13","targetHints":{"allow":["GET"]}}],"collection":[{"href":"http:\/\/cda.uvt.ro\/impreuna-121030\/wp-json\/wp\/v2\/pages"}],"about":[{"href":"http:\/\/cda.uvt.ro\/impreuna-121030\/wp-json\/wp\/v2\/types\/page"}],"author":[{"embeddable":true,"href":"http:\/\/cda.uvt.ro\/impreuna-121030\/wp-json\/wp\/v2\/users\/1"}],"replies":[{"embeddable":true,"href":"http:\/\/cda.uvt.ro\/impreuna-121030\/wp-json\/wp\/v2\/comments?post=13"}],"version-history":[{"count":10,"href":"http:\/\/cda.uvt.ro\/impreuna-121030\/wp-json\/wp\/v2\/pages\/13\/revisions"}],"predecessor-version":[{"id":60,"href":"http:\/\/cda.uvt.ro\/impreuna-121030\/wp-json\/wp\/v2\/pages\/13\/revisions\/60"}],"wp:attachment":[{"href":"http:\/\/cda.uvt.ro\/impreuna-121030\/wp-json\/wp\/v2\/media?parent=13"}],"curies":[{"name":"wp","href":"https:\/\/api.w.org\/{rel}","templated":true}]}}