{"id":4569,"date":"2025-03-03T14:33:19","date_gmt":"2025-03-03T11:33:19","guid":{"rendered":"http:\/\/cda.uvt.ro\/granturi-didactice-2025-3\/"},"modified":"2025-12-03T15:08:40","modified_gmt":"2025-12-03T12:08:40","slug":"granturi-didactice-2025-3","status":"publish","type":"page","link":"http:\/\/cda.uvt.ro\/en\/granturi-didactice-2025-3\/","title":{"rendered":"Granturi didactice 2025"},"content":{"rendered":"\t\t<div data-elementor-type=\"wp-page\" data-elementor-id=\"4569\" class=\"elementor elementor-4569 elementor-3265\" data-elementor-post-type=\"page\">\n\t\t\t\t\t\t<section class=\"elementor-section elementor-top-section elementor-element elementor-element-6b31947 elementor-section-boxed elementor-section-height-default elementor-section-height-default\" data-id=\"6b31947\" data-element_type=\"section\">\n\t\t\t\t\t\t<div class=\"elementor-container elementor-column-gap-default\">\n\t\t\t\t\t<div class=\"elementor-column elementor-col-100 elementor-top-column elementor-element elementor-element-fadfcf7\" data-id=\"fadfcf7\" data-element_type=\"column\">\n\t\t\t<div class=\"elementor-widget-wrap elementor-element-populated\">\n\t\t\t\t\t\t<div class=\"elementor-element elementor-element-0cb0fd3 elementor-widget elementor-widget-heading\" data-id=\"0cb0fd3\" data-element_type=\"widget\" data-widget_type=\"heading.default\">\n\t\t\t\t<div class=\"elementor-widget-container\">\n\t\t\t\t\t<h2 class=\"elementor-heading-title elementor-size-default\">Teaching Grants 2025 (6th edition)<\/h2>\t\t\t\t<\/div>\n\t\t\t\t<\/div>\n\t\t\t\t<div class=\"elementor-element elementor-element-b3c0a28 elementor-widget-divider--view-line elementor-widget elementor-widget-divider\" data-id=\"b3c0a28\" data-element_type=\"widget\" data-widget_type=\"divider.default\">\n\t\t\t\t<div class=\"elementor-widget-container\">\n\t\t\t\t\t\t\t<div class=\"elementor-divider\">\n\t\t\t<span class=\"elementor-divider-separator\">\n\t\t\t\t\t\t<\/span>\n\t\t<\/div>\n\t\t\t\t\t\t<\/div>\n\t\t\t\t<\/div>\n\t\t\t\t\t<\/div>\n\t\t<\/div>\n\t\t\t\t\t<\/div>\n\t\t<\/section>\n\t\t\t\t<section class=\"elementor-section elementor-top-section elementor-element elementor-element-44f9299 elementor-section-boxed elementor-section-height-default elementor-section-height-default\" data-id=\"44f9299\" data-element_type=\"section\" data-settings=\"{&quot;background_background&quot;:&quot;classic&quot;}\">\n\t\t\t\t\t\t<div class=\"elementor-container elementor-column-gap-default\">\n\t\t\t\t\t<div class=\"elementor-column elementor-col-50 elementor-top-column elementor-element elementor-element-45b9f98\" data-id=\"45b9f98\" data-element_type=\"column\" data-settings=\"{&quot;background_background&quot;:&quot;classic&quot;}\">\n\t\t\t<div class=\"elementor-widget-wrap elementor-element-populated\">\n\t\t\t\t\t\t<div class=\"elementor-element elementor-element-dd78b0f elementor-widget elementor-widget-text-editor\" data-id=\"dd78b0f\" data-element_type=\"widget\" data-widget_type=\"text-editor.default\">\n\t\t\t\t<div class=\"elementor-widget-container\">\n\t\t\t\t\t\t\t\t\t<table>\n<tbody>\n<tr>\n<td><strong>Group A<\/strong><\/td>\n<td><strong>Group B<\/strong><\/td>\n<td><strong>Group C<\/strong><\/td>\n<td><strong>Group D<\/strong><\/td>\n<\/tr>\n<tr>\n<td>\n<ul>\n \t<li>Faculty of Arts and Design<\/li>\n \t<li>Faculty of Physical Education and Sport<\/li>\n \t<li>Faculty of Music and Theatre<\/li>\n<\/ul>\n<\/td>\n<td>\n<ul>\n \t<li>Faculty of Chemistry, Biology, Geography<\/li>\n \t<li>Faculty of Physics and Mathematics<\/li>\n \t<li>Faculty of Computer Science<\/li>\n<\/ul>\n<\/td>\n<td>\n<ul>\n \t<li>Faculty of Law<\/li>\n \t<li>Faculty of Economics and Business Administration<\/li>\n \t<li>Faculty of Governance and Communication Sciences<\/li>\n<\/ul>\n<\/td>\n<td>\n<ul>\n \t<li>Faculty of Letters, History, Philosophy and Theology<\/li>\n \t<li>Faculty of Psychology and Educational Sciences<\/li>\n \t<li>Faculty of Sociology and Social Work<\/li>\n<\/ul>\n<\/td>\n<\/tr>\n<\/tbody>\n<\/table>\n\t\t\t\t\t\t\t\t<\/div>\n\t\t\t\t<\/div>\n\t\t\t\t<div class=\"elementor-element elementor-element-d90967c elementor-widget elementor-widget-text-editor\" data-id=\"d90967c\" data-element_type=\"widget\" data-widget_type=\"text-editor.default\">\n\t\t\t\t<div class=\"elementor-widget-container\">\n\t\t\t\t\t\t\t\t\t<div id=\"panel-2254-0-0-0\" class=\"so-panel widget widget_sow-editor panel-first-child widgetopts-SO\" data-index=\"0\"><div class=\"so-widget-sow-editor so-widget-sow-editor-base\"><div class=\"siteorigin-widget-tinymce textwidget\"><h4><span style=\"color: #000000;\"><strong>Information package<\/strong><\/span><\/h4><p><a href=\"http:\/\/cda.uvt.ro\/wp-content\/uploads\/2025\/12\/Pachet-complet-de-informat\u0326ii-Granturi-didactice-UVT-2025.pdf\"><strong>Complete information package<\/strong><\/a><\/p><p><a href=\"http:\/\/cda.uvt.ro\/wp-content\/uploads\/2025\/12\/Calendarul-ed.-IV_Granturi-Didactice-UVT-2025-2026-ddl-prelungit.pdf\"><strong>Competition schedule<\/strong><\/a><\/p><\/div><\/div><\/div>\t\t\t\t\t\t\t\t<\/div>\n\t\t\t\t<\/div>\n\t\t\t\t<div class=\"elementor-element elementor-element-b5f7be4 elementor-hidden-desktop elementor-hidden-tablet elementor-hidden-mobile elementor-widget elementor-widget-text-editor\" data-id=\"b5f7be4\" data-element_type=\"widget\" data-widget_type=\"text-editor.default\">\n\t\t\t\t<div class=\"elementor-widget-container\">\n\t\t\t\t\t\t\t\t\t<table width=\"704\">\n<tbody>\n<tr>\n<td colspan=\"6\" width=\"704\">\n<h6><span style=\"font-size: 16px;\">Winners of the UVT 2024 Internal Teaching Grants Competition<\/span><\/h6>\n<h6><em><span style=\"font-size: 16px;\">UVT Teaching &amp; Learning Brand \u2013 Reflective and Collaborative Learning (RCL), organized within the project UVT Teaching &amp; Learning Brand: Reflective &amp; Collaborative Learning into Action 2.2., CNFIS-FDI-2024-F-0091, September-December 2024<\/span><\/em><\/h6>\n<\/td>\n<\/tr>\n<tr>\n<td width=\"38\"><strong>No.<\/strong><\/td>\n<td width=\"177\"><strong>Full Name<\/strong> of the teaching grant recipient<\/td>\n<td width=\"122\"><strong>Title<\/strong><\/td>\n<td width=\"86\"><strong>Competition Group<\/strong><\/td>\n<td width=\"163\"><strong>Faculty<\/strong><\/td>\n<td width=\"119\"><strong>Department<\/strong><\/td>\n<\/tr>\n<tr>\n<td width=\"38\">1<\/td>\n<td width=\"177\">C\u0103p\u0103\u021b\u00een\u0103 C\u0103t\u0103lina Viorela<\/td>\n<td width=\"122\">Teaching Staff<\/td>\n<td width=\"86\">A<\/td>\n<td width=\"163\">Faculty of Music and Theatre<\/td>\n<td width=\"119\">Music<\/td>\n<\/tr>\n<tr>\n<td width=\"38\">2<\/td>\n<td width=\"177\">P\u0103durean Carla Cezara<\/td>\n<td width=\"122\">Teaching Staff<\/td>\n<td width=\"86\">A<\/td>\n<td width=\"163\">Faculty of Arts and Design<\/td>\n<td width=\"119\">Design and Applied Arts<\/td>\n<\/tr>\n<tr>\n<td width=\"38\">3<\/td>\n<td width=\"177\">S\u00e2rbu Maria<\/td>\n<td width=\"122\">Teaching Staff<\/td>\n<td width=\"86\">A<\/td>\n<td width=\"163\">Faculty of Arts and Design<\/td>\n<td width=\"119\">Visual Arts<\/td>\n<\/tr>\n<tr>\n<td width=\"38\">4<\/td>\n<td width=\"177\">Nicorici Cristina<\/td>\n<td width=\"122\">Teaching Staff<\/td>\n<td width=\"86\">C<\/td>\n<td width=\"163\">Faculty of Law<\/td>\n<td width=\"119\">Public Law<\/td>\n<\/tr>\n<tr>\n<td width=\"38\">5<\/td>\n<td width=\"177\">Bu\u0219 Ioan<\/td>\n<td width=\"122\">Teaching Staff<\/td>\n<td width=\"86\">D<\/td>\n<td width=\"163\">Faculty of Letters, History, Philosophy and Theology<\/td>\n<td width=\"119\">History, Theology and Philosophy<\/td>\n<\/tr>\n<tr>\n<td width=\"38\">6<\/td>\n<td width=\"177\">C\u0103p\u0103ln\u0103\u0219an Emina-Mirela<\/td>\n<td width=\"122\">Teaching Staff<\/td>\n<td width=\"86\">D<\/td>\n<td width=\"163\">Faculty of Letters, History, Philosophy and Theology<\/td>\n<td width=\"119\">Romanian and Classical Studies<\/td>\n<\/tr>\n<tr>\n<td width=\"38\">7<\/td>\n<td width=\"177\">C\u00e2nda Alexandru-Ioan<\/td>\n<td width=\"122\">PhD Student<\/td>\n<td width=\"86\">D<\/td>\n<td width=\"163\">Faculty of Letters, History, Philosophy and Theology<\/td>\n<td width=\"119\">History, Theology and Philosophy<\/td>\n<\/tr>\n<tr>\n<td width=\"38\">8<\/td>\n<td width=\"177\">Tranc\u0103 Loredana Marcela<\/td>\n<td width=\"122\">Teaching Staff<\/td>\n<td width=\"86\">D<\/td>\n<td width=\"163\">Faculty of Sociology and Psychology<\/td>\n<td width=\"119\">Social Work<\/td>\n<\/tr>\n<\/tbody>\n<\/table>\n\t\t\t\t\t\t\t\t<\/div>\n\t\t\t\t<\/div>\n\t\t\t\t\t<\/div>\n\t\t<\/div>\n\t\t\t\t<div class=\"elementor-column elementor-col-50 elementor-top-column elementor-element elementor-element-6630337\" data-id=\"6630337\" data-element_type=\"column\" data-settings=\"{&quot;background_background&quot;:&quot;classic&quot;}\">\n\t\t\t<div class=\"elementor-widget-wrap elementor-element-populated\">\n\t\t\t\t\t\t<div class=\"elementor-element elementor-element-69e1daf elementor-widget elementor-widget-text-editor\" data-id=\"69e1daf\" data-element_type=\"widget\" data-widget_type=\"text-editor.default\">\n\t\t\t\t<div class=\"elementor-widget-container\">\n\t\t\t\t\t\t\t\t\t<h4 style=\"font-family: Roboto, sans-serif; color: #7a7a7a;\"><span style=\"font-weight: bolder; color: #000000;\">Useful information:<br \/><\/span><\/h4><ul style=\"font-size: 16px; background-color: #ffffff;\"><li><p>The deadline for submitting project proposals (extended) is Friday, December 5, 2025, at 11:59 p.m.<\/p><\/li><li><p>The online platform for submitting grant applications will be available from Thursday, November 20, 2025, at 12:00 p.m.<\/p><\/li><li><p>Only project proposals that are on the online submission platform by the deadline will be considered for eligibility analysis.<\/p><\/li><\/ul><h4>Registration of participants<\/h4>\t\t\t\t\t\t\t\t<\/div>\n\t\t\t\t<\/div>\n\t\t\t\t<div class=\"elementor-element elementor-element-3d5b066 elementor-align-left elementor-widget elementor-widget-button\" data-id=\"3d5b066\" data-element_type=\"widget\" data-widget_type=\"button.default\">\n\t\t\t\t<div class=\"elementor-widget-container\">\n\t\t\t\t\t\t\t\t\t<div class=\"elementor-button-wrapper\">\n\t\t\t\t\t<a class=\"elementor-button elementor-button-link elementor-size-sm\" href=\"https:\/\/forms.gle\/PP3ERD9mxheSqgy17\" target=\"_blank\">\n\t\t\t\t\t\t<span class=\"elementor-button-content-wrapper\">\n\t\t\t\t\t\t\t\t\t<span class=\"elementor-button-text\">Fill out the form!<\/span>\n\t\t\t\t\t<\/span>\n\t\t\t\t\t<\/a>\n\t\t\t\t<\/div>\n\t\t\t\t\t\t\t\t<\/div>\n\t\t\t\t<\/div>\n\t\t\t\t<div class=\"elementor-element elementor-element-dcfa511 elementor-widget elementor-widget-text-editor\" data-id=\"dcfa511\" data-element_type=\"widget\" data-widget_type=\"text-editor.default\">\n\t\t\t\t<div class=\"elementor-widget-container\">\n\t\t\t\t\t\t\t\t\t<h4><span style=\"color: #000000;\"><strong>Contact<\/strong><\/span><\/h4><p>For technical issues related to the application form and\/or for clarifications regarding the competition methodology, please send an email to: <a href=\"mailto:cda@e-uvt.ro\">cda@e-uvt.ro<\/a><\/p><p><a href=\"http:\/\/cda.uvt.ro\/wp-content\/uploads\/2025\/11\/Anexa-1.-Cerere-de-i\u0302nscriere_2025_.docx\">Annex-1.-Application-form_2025<\/a><\/p><p><a href=\"http:\/\/cda.uvt.ro\/wp-content\/uploads\/2025\/11\/Anexa-2.-Grila\u0306-de-evaluare-a-proiectului-didactic-2025__.docx\">Annex-2-Evaluation-grid-2025<\/a><\/p><p><a href=\"http:\/\/cda.uvt.ro\/wp-content\/uploads\/2025\/11\/Anexa-3.-Formatul-proiectului-didactic-2025_.docx\">Annex-3-Teaching-project-format-2025<\/a><\/p><p><a href=\"http:\/\/cda.uvt.ro\/wp-content\/uploads\/2025\/11\/Anexa-4.-Declarat\u0326ie-puncte-formare-CDA_2025__.docx\">Annex-4.-CDA training points declaration_2025<\/a><\/p><p><a href=\"http:\/\/cda.uvt.ro\/wp-content\/uploads\/2025\/11\/Anexa-5.-Acord-privind-utilizarea-datelor_2025_.docx\">Annex-5.-Agreement on data use_2025<\/a><\/p><p><a href=\"http:\/\/cda.uvt.ro\/wp-content\/uploads\/2025\/11\/Anexa-6.-Declarat\u0326ie-castigatori-grant-didactic-din-editiile-I-V_2025_.docx\">Annex-6.-Declaration of teaching grant winners from editions I-V_2025<\/a><\/p><p><strong>Note: Annex 6<\/strong> must be completed only by teachers who have won a teaching grant in one of the first three editions of the competition<\/p><p><a href=\"http:\/\/cda.uvt.ro\/wp-content\/uploads\/2025\/11\/Anexa-0.-Lista-activitatilor-CDA-PF-CDA-2023-2025_.pdf\">Annex 0. List of CDA activities (PF-CDA) 2023-2025<\/a><\/p>\t\t\t\t\t\t\t\t<\/div>\n\t\t\t\t<\/div>\n\t\t\t\t\t<\/div>\n\t\t<\/div>\n\t\t\t\t\t<\/div>\n\t\t<\/section>\n\t\t\t\t<\/div>\n\t\t","protected":false},"excerpt":{"rendered":"<p>Teaching Grants 2025 (6th edition) Group A Group B Group C Group D Faculty of Arts and Design Faculty of Physical Education and Sport Faculty of Music and Theatre Faculty of Chemistry, Biology, Geography Faculty of Physics and Mathematics Faculty of Computer Science Faculty of Law Faculty of Economics and Business Administration Faculty of Governance [&hellip;]<\/p>\n","protected":false},"author":1,"featured_media":0,"parent":0,"menu_order":0,"comment_status":"closed","ping_status":"closed","template":"","meta":{"_acf_changed":false,"footnotes":""},"class_list":["post-4569","page","type-page","status-publish","hentry"],"acf":[],"_links":{"self":[{"href":"http:\/\/cda.uvt.ro\/en\/wp-json\/wp\/v2\/pages\/4569","targetHints":{"allow":["GET"]}}],"collection":[{"href":"http:\/\/cda.uvt.ro\/en\/wp-json\/wp\/v2\/pages"}],"about":[{"href":"http:\/\/cda.uvt.ro\/en\/wp-json\/wp\/v2\/types\/page"}],"author":[{"embeddable":true,"href":"http:\/\/cda.uvt.ro\/en\/wp-json\/wp\/v2\/users\/1"}],"replies":[{"embeddable":true,"href":"http:\/\/cda.uvt.ro\/en\/wp-json\/wp\/v2\/comments?post=4569"}],"version-history":[{"count":4,"href":"http:\/\/cda.uvt.ro\/en\/wp-json\/wp\/v2\/pages\/4569\/revisions"}],"predecessor-version":[{"id":4635,"href":"http:\/\/cda.uvt.ro\/en\/wp-json\/wp\/v2\/pages\/4569\/revisions\/4635"}],"wp:attachment":[{"href":"http:\/\/cda.uvt.ro\/en\/wp-json\/wp\/v2\/media?parent=4569"}],"curies":[{"name":"wp","href":"https:\/\/api.w.org\/{rel}","templated":true}]}}