{"id":4463,"date":"2024-09-24T09:32:32","date_gmt":"2024-09-24T06:32:32","guid":{"rendered":"http:\/\/cda.uvt.ro\/teaching-grants-2024\/"},"modified":"2025-12-02T12:13:47","modified_gmt":"2025-12-02T09:13:47","slug":"granturi-didactice-2024","status":"publish","type":"page","link":"http:\/\/cda.uvt.ro\/en\/granturi-didactice-2024\/","title":{"rendered":"Granturi didactice 2024"},"content":{"rendered":"\t\t<div data-elementor-type=\"wp-page\" data-elementor-id=\"4463\" class=\"elementor elementor-4463 elementor-2890\" data-elementor-post-type=\"page\">\n\t\t\t\t\t\t<section class=\"elementor-section elementor-top-section elementor-element elementor-element-6b31947 elementor-section-boxed elementor-section-height-default elementor-section-height-default\" data-id=\"6b31947\" data-element_type=\"section\">\n\t\t\t\t\t\t<div class=\"elementor-container elementor-column-gap-default\">\n\t\t\t\t\t<div class=\"elementor-column elementor-col-100 elementor-top-column elementor-element elementor-element-fadfcf7\" data-id=\"fadfcf7\" data-element_type=\"column\">\n\t\t\t<div class=\"elementor-widget-wrap elementor-element-populated\">\n\t\t\t\t\t\t<div class=\"elementor-element elementor-element-0cb0fd3 elementor-widget elementor-widget-heading\" data-id=\"0cb0fd3\" data-element_type=\"widget\" data-widget_type=\"heading.default\">\n\t\t\t\t<div class=\"elementor-widget-container\">\n\t\t\t\t\t<h2 class=\"elementor-heading-title elementor-size-default\">Teaching grants 2024 (5th edition)<\/h2>\t\t\t\t<\/div>\n\t\t\t\t<\/div>\n\t\t\t\t<div class=\"elementor-element elementor-element-b3c0a28 elementor-widget-divider--view-line elementor-widget elementor-widget-divider\" data-id=\"b3c0a28\" data-element_type=\"widget\" data-widget_type=\"divider.default\">\n\t\t\t\t<div class=\"elementor-widget-container\">\n\t\t\t\t\t\t\t<div class=\"elementor-divider\">\n\t\t\t<span class=\"elementor-divider-separator\">\n\t\t\t\t\t\t<\/span>\n\t\t<\/div>\n\t\t\t\t\t\t<\/div>\n\t\t\t\t<\/div>\n\t\t\t\t\t<\/div>\n\t\t<\/div>\n\t\t\t\t\t<\/div>\n\t\t<\/section>\n\t\t\t\t<section class=\"elementor-section elementor-top-section elementor-element elementor-element-44f9299 elementor-section-boxed elementor-section-height-default elementor-section-height-default\" data-id=\"44f9299\" data-element_type=\"section\" data-settings=\"{&quot;background_background&quot;:&quot;classic&quot;}\">\n\t\t\t\t\t\t<div class=\"elementor-container elementor-column-gap-default\">\n\t\t\t\t\t<div class=\"elementor-column elementor-col-50 elementor-top-column elementor-element elementor-element-45b9f98\" data-id=\"45b9f98\" data-element_type=\"column\" data-settings=\"{&quot;background_background&quot;:&quot;classic&quot;}\">\n\t\t\t<div class=\"elementor-widget-wrap elementor-element-populated\">\n\t\t\t\t\t\t<div class=\"elementor-element elementor-element-e474be1 elementor-widget elementor-widget-text-editor\" data-id=\"e474be1\" data-element_type=\"widget\" data-widget_type=\"text-editor.default\">\n\t\t\t\t<div class=\"elementor-widget-container\">\n\t\t\t\t\t\t\t\t\t<h4><span style=\"color: #000000;\"><strong>Purpose<br \/><\/strong><\/span><\/h4><p>UVT teaching grants are intended to stimulate the implementation of the reflective-collaborative learning (RCL) model in teaching activities carried out within the study programs offered by UVT.<\/p><h4><span style=\"color: #000000;\"><strong>General information<br \/><\/strong><\/span><\/h4><p>The teaching grant competition is funded by the UVT-teaching &amp; learning brand project: Reflective &amp; Collaborative Learning into action 2.2. (CNFIS-FDI-2024-F-0091).<\/p><p>The total value of a teaching grant is RON 5,000. The competition awards a total of 12 teaching grants, with 3 grants allocated to each of the 4 groups in the competition:<\/p>\t\t\t\t\t\t\t\t<\/div>\n\t\t\t\t<\/div>\n\t\t\t\t<div class=\"elementor-element elementor-element-dd78b0f elementor-widget elementor-widget-text-editor\" data-id=\"dd78b0f\" data-element_type=\"widget\" data-widget_type=\"text-editor.default\">\n\t\t\t\t<div class=\"elementor-widget-container\">\n\t\t\t\t\t\t\t\t\t<table> <tbody> <tr> <td><strong>Group A<\/strong><\/td> <td><strong>Group B<\/strong><\/td> <td><strong>Group C<\/strong><\/td> <td><strong>Group D<\/strong><\/td> <\/tr> <tr> <td> <ul> <li>Faculty of Arts and Design<\/li> <li>Faculty of Physical Education and Sport<\/li> <li>Faculty of Music and Theatre<\/li> <\/ul> <\/td> <td> <ul> <li>Faculty of Chemistry, Biology, Geography<\/li> <li>Faculty of Physics<\/li> <li>Faculty of Mathematics and Computer Science<\/li> <\/ul> <\/td> <td> <ul> <li>Faculty of Law<\/li> <li>Faculty of Economics and Business Administration<\/li> <li>Faculty of Governance and Communication Sciences<\/li> <\/ul> <\/td> <td> <ul> <li>Faculty of Letters, History, Philosophy and Theology<\/li> <li>Faculty of Sociology and Psychology<\/li> <li>Department for Teacher Training<\/li> <\/ul> <\/td> <\/tr> <\/tbody> <\/table>\t\t\t\t\t\t\t\t<\/div>\n\t\t\t\t<\/div>\n\t\t\t\t<div class=\"elementor-element elementor-element-d90967c elementor-widget elementor-widget-text-editor\" data-id=\"d90967c\" data-element_type=\"widget\" data-widget_type=\"text-editor.default\">\n\t\t\t\t<div class=\"elementor-widget-container\">\n\t\t\t\t\t\t\t\t\t<div id=\"panel-2254-0-0-0\" class=\"so-panel widget widget_sow-editor panel-first-child widgetopts-SO\" data-index=\"0\"><div class=\"so-widget-sow-editor so-widget-sow-editor-base\"><div class=\"siteorigin-widget-tinymce textwidget\"><h4><span style=\"color: #000000;\"><strong>Eligible participants<\/strong><\/span><\/h4><p>University teachers and\/or tenured researchers (who teach) at UVT are eligible for a teaching grant, regardless of their teaching\/scientific rank and\/or length of service. Doctoral students who teach at UVT can also apply for the competition. Those who have received teaching grants in the first three editions of the competition (2020-2021, 2021-2022, 2022-2023) are eligible, but may not apply with the same project as in the edition in which they won the grant. Winners of teaching grants in the fourth edition (2023-2024), employees of the<br \/>CDA employees and CDA collaborating experts employed in the UVT teaching &amp; learning brand project: Reflective and Collaborative Learning into action 2.2. (CNFIS-FDI-2024-F-0091) are not eligible to participate in this edition of the program.<\/p><h4><span style=\"color: #000000;\"><strong>Information package<\/strong><\/span><\/h4><p><strong><a href=\"http:\/\/cda.uvt.ro\/wp-content\/uploads\/2024\/10\/Pachet-complet-de-informat\u0326ii-Granturi-didactice-UVT-2024_2.pdf\">Complete information package<\/a><\/strong><\/p><p><strong><a href=\"http:\/\/cda.uvt.ro\/wp-content\/uploads\/2024\/10\/Calendarul-ed.-IV_Granturi-Didactice-UVT-2024-2025_2.pdf\">Competition calendar<\/a><\/strong><\/p><\/div><\/div><\/div>\t\t\t\t\t\t\t\t<\/div>\n\t\t\t\t<\/div>\n\t\t\t\t<div class=\"elementor-element elementor-element-b5f7be4 elementor-widget elementor-widget-text-editor\" data-id=\"b5f7be4\" data-element_type=\"widget\" data-widget_type=\"text-editor.default\">\n\t\t\t\t<div class=\"elementor-widget-container\">\n\t\t\t\t\t\t\t\t\t<table width=\"704\"> <tbody> <tr> <td colspan=\"6\" width=\"704\"> <h6><span style=\"font-size: 16px;\">Winners of the UVT 2024 Internal Teaching Grant Competition<\/span><\/h6> <h6><em><span style=\"font-size: 16px;\">UVT Teaching &amp; Learning Brand \u2013 Reflective and Collaborative Learning (RCL), organized within the project UVT Teaching &amp; Learning Brand: Reflective &amp; Collaborative Learning into Action 2.2., CNFIS-FDI-2024-F-0091, September\u2013December 2024<\/span><\/em><\/h6> <\/td> <\/tr> <tr> <td width=\"38\"><strong>No.<\/strong><\/td> <td width=\"177\"><strong>Full Name<\/strong> of the teaching grant beneficiary<\/td> <td width=\"122\"><strong>Title\/Position<\/strong><\/td> <td width=\"86\"><strong>Competition Group<\/strong><\/td> <td width=\"163\"><strong>Faculty<\/strong><\/td> <td width=\"119\"><strong>Department<\/strong><\/td> <\/tr> <tr> <td width=\"38\">1<\/td> <td width=\"177\">C\u0103p\u0103\u021b\u00een\u0103 C\u0103t\u0103lina Viorela<\/td> <td width=\"122\">Academic staff<\/td> <td width=\"86\">A<\/td> <td width=\"163\">Faculty of Music and Theatre<\/td> <td width=\"119\">Music<\/td> <\/tr> <tr> <td width=\"38\">2<\/td> <td width=\"177\">P\u0103durean Carla Cezara<\/td> <td width=\"122\">Academic staff<\/td> <td width=\"86\">A<\/td> <td width=\"163\">Faculty of Arts and Design<\/td> <td width=\"119\">Design and Applied Arts<\/td> <\/tr> <tr> <td width=\"38\">3<\/td> <td width=\"177\">S\u00e2rbu Maria<\/td> <td width=\"122\">Academic staff<\/td> <td width=\"86\">A<\/td> <td width=\"163\">Faculty of Arts and Design<\/td> <td width=\"119\">Visual Arts<\/td> <\/tr> <tr> <td width=\"38\">4<\/td> <td width=\"177\">Nicorici Cristina<\/td> <td width=\"122\">Academic staff<\/td> <td width=\"86\">C<\/td> <td width=\"163\">Faculty of Law<\/td> <td width=\"119\">Public Law<\/td> <\/tr> <tr> <td width=\"38\">5<\/td> <td width=\"177\">Bu\u0219 Ioan<\/td> <td width=\"122\">Academic staff<\/td> <td width=\"86\">D<\/td> <td width=\"163\">Faculty of Letters, History, Philosophy and Theology<\/td> <td width=\"119\">History, Theology and Philosophy<\/td> <\/tr> <tr> <td width=\"38\">6<\/td> <td width=\"177\">C\u0103p\u0103ln\u0103\u0219an Emina- Mirela<\/td> <td width=\"122\">Academic staff<\/td> <td width=\"86\">D<\/td> <td width=\"163\">Faculty of Letters, History, Philosophy and Theology<\/td> <td width=\"119\">Romanian and Classical Studies<\/td> <\/tr> <tr> <td width=\"38\">7<\/td> <td width=\"177\">C\u00e2nda Alexandru-Ioan<\/td> <td width=\"122\">PhD Student<\/td> <td width=\"86\">D<\/td> <td width=\"163\">Faculty of Letters, History, Philosophy and Theology<\/td> <td width=\"119\">History, Theology and Philosophy<\/td> <\/tr> <tr> <td width=\"38\">8<\/td> <td width=\"177\">Tranc\u0103 Loredana Marcela<\/td> <td width=\"122\">Academic staff<\/td> <td width=\"86\">D<\/td> <td width=\"163\">Faculty of Sociology and Psychology<\/td> <td width=\"119\">Social Work<\/td> <\/tr> <\/tbody> <\/table>\t\t\t\t\t\t\t\t<\/div>\n\t\t\t\t<\/div>\n\t\t\t\t\t<\/div>\n\t\t<\/div>\n\t\t\t\t<div class=\"elementor-column elementor-col-50 elementor-top-column elementor-element elementor-element-6630337\" data-id=\"6630337\" data-element_type=\"column\" data-settings=\"{&quot;background_background&quot;:&quot;classic&quot;}\">\n\t\t\t<div class=\"elementor-widget-wrap elementor-element-populated\">\n\t\t\t\t\t\t<div class=\"elementor-element elementor-element-69e1daf elementor-widget elementor-widget-text-editor\" data-id=\"69e1daf\" data-element_type=\"widget\" data-widget_type=\"text-editor.default\">\n\t\t\t\t<div class=\"elementor-widget-container\">\n\t\t\t\t\t\t\t\t\t<h4 style=\"font-family: Roboto, sans-serif; color: #7a7a7a;\"><span style=\"font-weight: bolder; color: #000000;\">Useful information:<br \/><\/span><\/h4><ul style=\"font-size: 16px; background-color: #ffffff;\"><li>The deadline for submitting project proposals is <span style=\"color: #3366ff;\"><strong>Monday, November 25, 2024, at 11:59 p.m.<\/strong><\/span><\/li><li>The online platform for submitting grant applications will be available from <span style=\"color: #3366ff;\"><strong>Tuesday, October 1, 2024, at 8:00 a.m.<\/strong><\/span><\/li><li>Only project proposals that are on the online submission platform by the deadline will be considered for eligibility analysis.<\/li><\/ul><h4><span style=\"color: #000000;\"><strong>Participant registration<br \/><\/strong><\/span><\/h4><p><span style=\"color: #000000;\"><strong>To participate in the grant competition, read<br \/>the complete information package, download the<br \/>necessary application attachments, fill them out, and then upload<br \/>all grant project documentation by accessing<br \/>the registration form available below.<\/strong><\/span><\/p>\t\t\t\t\t\t\t\t<\/div>\n\t\t\t\t<\/div>\n\t\t\t\t<div class=\"elementor-element elementor-element-3d5b066 elementor-align-left elementor-widget elementor-widget-button\" data-id=\"3d5b066\" data-element_type=\"widget\" data-widget_type=\"button.default\">\n\t\t\t\t<div class=\"elementor-widget-container\">\n\t\t\t\t\t\t\t\t\t<div class=\"elementor-button-wrapper\">\n\t\t\t\t\t<a class=\"elementor-button elementor-button-link elementor-size-sm\" href=\"https:\/\/docs.google.com\/forms\/d\/e\/1FAIpQLSflQGSZTHx4G48koZd76LXRgkFCHAhIssJbsW-86nm-s3KhNQ\/viewform\" target=\"_blank\">\n\t\t\t\t\t\t<span class=\"elementor-button-content-wrapper\">\n\t\t\t\t\t\t\t\t\t<span class=\"elementor-button-text\">Fill out the form!<\/span>\n\t\t\t\t\t<\/span>\n\t\t\t\t\t<\/a>\n\t\t\t\t<\/div>\n\t\t\t\t\t\t\t\t<\/div>\n\t\t\t\t<\/div>\n\t\t\t\t<div class=\"elementor-element elementor-element-dcfa511 elementor-widget elementor-widget-text-editor\" data-id=\"dcfa511\" data-element_type=\"widget\" data-widget_type=\"text-editor.default\">\n\t\t\t\t<div class=\"elementor-widget-container\">\n\t\t\t\t\t\t\t\t\t<h4><span style=\"color: #000000;\"><strong>Contact person<\/strong><\/span><\/h4><p>For technical issues related to the registration form and\/or for clarifications regarding the competition methodology, please send an email to: <a href=\"mailto:cda@e-uvt.ro\">cda@e-uvt.ro<\/a><\/p><p><a href=\"http:\/\/cda.uvt.ro\/wp-content\/uploads\/2024\/09\/Anexa-1.-Cerere-de-i\u0302nscriere_2024.docx\">Annex 1. Registration form<\/a><\/p><p><a href=\"http:\/\/cda.uvt.ro\/wp-content\/uploads\/2024\/09\/Anexa-2.-Grila\u0306-de-evaluare-a-proiectului-didactic.docx\">Annex 2. Teaching project evaluation grid<\/a><\/p><p><a href=\"http:\/\/cda.uvt.ro\/wp-content\/uploads\/2024\/09\/Anexa-3.-Formatul-proiectului-didactic.docx\">Annex 3. Teaching project format<\/a><\/p><p><a href=\"http:\/\/cda.uvt.ro\/wp-content\/uploads\/2024\/09\/Anexa-4.-Declarat\u0326ie-puncte-formare-CDA_2024.docx\">Annex 4. CDA training points accumulation statement<\/a><\/p><p><a href=\"http:\/\/cda.uvt.ro\/wp-content\/uploads\/2024\/09\/Anexa-5.-Acord-privind-utilizarea-datelor_2024.docx\">Annex 5. Agreement on the use of personal data<\/a><\/p><p><a href=\"http:\/\/cda.uvt.ro\/wp-content\/uploads\/2024\/09\/Anexa-6.-Declarat\u0326ie-castigatori-grant-didactic-din-editiile-I-III_2024.docx\">Annex 6. Affidavit regarding registration in the current competition with a project other than the one on the basis of which a UVT teaching grant was previously won<\/a><\/p><p><strong>Note: Annex 6<\/strong> must be completed only by teachers who have won a teaching grant in one of the first three editions of the competition<\/p><p><a href=\"http:\/\/cda.uvt.ro\/wp-content\/uploads\/2024\/09\/Anexa-0.-Lista-activitatilor-CDA-PF-CDA-1.pdf\">Annex 0. List of CDA activities<\/a><\/p>\t\t\t\t\t\t\t\t<\/div>\n\t\t\t\t<\/div>\n\t\t\t\t\t<\/div>\n\t\t<\/div>\n\t\t\t\t\t<\/div>\n\t\t<\/section>\n\t\t\t\t<\/div>\n\t\t","protected":false},"excerpt":{"rendered":"<p>Teaching grants 2024 (5th edition) Purpose UVT teaching grants are intended to stimulate the implementation of the reflective-collaborative learning (RCL) model in teaching activities carried out within the study programs offered by UVT. General information The teaching grant competition is funded by the UVT-teaching &amp; learning brand project: Reflective &amp; Collaborative Learning into action 2.2. [&hellip;]<\/p>\n","protected":false},"author":1,"featured_media":0,"parent":0,"menu_order":0,"comment_status":"closed","ping_status":"closed","template":"","meta":{"_acf_changed":false,"footnotes":""},"class_list":["post-4463","page","type-page","status-publish","hentry"],"acf":[],"_links":{"self":[{"href":"http:\/\/cda.uvt.ro\/en\/wp-json\/wp\/v2\/pages\/4463","targetHints":{"allow":["GET"]}}],"collection":[{"href":"http:\/\/cda.uvt.ro\/en\/wp-json\/wp\/v2\/pages"}],"about":[{"href":"http:\/\/cda.uvt.ro\/en\/wp-json\/wp\/v2\/types\/page"}],"author":[{"embeddable":true,"href":"http:\/\/cda.uvt.ro\/en\/wp-json\/wp\/v2\/users\/1"}],"replies":[{"embeddable":true,"href":"http:\/\/cda.uvt.ro\/en\/wp-json\/wp\/v2\/comments?post=4463"}],"version-history":[{"count":11,"href":"http:\/\/cda.uvt.ro\/en\/wp-json\/wp\/v2\/pages\/4463\/revisions"}],"predecessor-version":[{"id":4551,"href":"http:\/\/cda.uvt.ro\/en\/wp-json\/wp\/v2\/pages\/4463\/revisions\/4551"}],"wp:attachment":[{"href":"http:\/\/cda.uvt.ro\/en\/wp-json\/wp\/v2\/media?parent=4463"}],"curies":[{"name":"wp","href":"https:\/\/api.w.org\/{rel}","templated":true}]}}