{"id":3874,"date":"2022-12-06T16:23:09","date_gmt":"2022-12-06T13:23:09","guid":{"rendered":"http:\/\/cda.uvt.ro\/granturi-didactice-2022\/"},"modified":"2025-11-06T11:26:32","modified_gmt":"2025-11-06T08:26:32","slug":"granturi-didactice-2022","status":"publish","type":"page","link":"http:\/\/cda.uvt.ro\/en\/granturi-didactice-2022\/","title":{"rendered":"Granturi didactice 2022"},"content":{"rendered":"\t\t<div data-elementor-type=\"wp-page\" data-elementor-id=\"3874\" class=\"elementor elementor-3874 elementor-393\" data-elementor-post-type=\"page\">\n\t\t\t\t\t\t<section class=\"elementor-section elementor-top-section elementor-element elementor-element-6b31947 elementor-section-boxed elementor-section-height-default elementor-section-height-default\" data-id=\"6b31947\" data-element_type=\"section\">\n\t\t\t\t\t\t<div class=\"elementor-container elementor-column-gap-default\">\n\t\t\t\t\t<div class=\"elementor-column elementor-col-100 elementor-top-column elementor-element elementor-element-fadfcf7\" data-id=\"fadfcf7\" data-element_type=\"column\">\n\t\t\t<div class=\"elementor-widget-wrap elementor-element-populated\">\n\t\t\t\t\t\t<div class=\"elementor-element elementor-element-0cb0fd3 elementor-widget elementor-widget-heading\" data-id=\"0cb0fd3\" data-element_type=\"widget\" data-widget_type=\"heading.default\">\n\t\t\t\t<div class=\"elementor-widget-container\">\n\t\t\t\t\t<h2 class=\"elementor-heading-title elementor-size-default\">Teaching grants 2022<\/h2>\t\t\t\t<\/div>\n\t\t\t\t<\/div>\n\t\t\t\t<div class=\"elementor-element elementor-element-b3c0a28 elementor-widget-divider--view-line elementor-widget elementor-widget-divider\" data-id=\"b3c0a28\" data-element_type=\"widget\" data-widget_type=\"divider.default\">\n\t\t\t\t<div class=\"elementor-widget-container\">\n\t\t\t\t\t\t\t<div class=\"elementor-divider\">\n\t\t\t<span class=\"elementor-divider-separator\">\n\t\t\t\t\t\t<\/span>\n\t\t<\/div>\n\t\t\t\t\t\t<\/div>\n\t\t\t\t<\/div>\n\t\t\t\t\t<\/div>\n\t\t<\/div>\n\t\t\t\t\t<\/div>\n\t\t<\/section>\n\t\t\t\t<section class=\"elementor-section elementor-top-section elementor-element elementor-element-44f9299 elementor-section-boxed elementor-section-height-default elementor-section-height-default\" data-id=\"44f9299\" data-element_type=\"section\" data-settings=\"{&quot;background_background&quot;:&quot;classic&quot;}\">\n\t\t\t\t\t\t<div class=\"elementor-container elementor-column-gap-default\">\n\t\t\t\t\t<div class=\"elementor-column elementor-col-50 elementor-top-column elementor-element elementor-element-45b9f98\" data-id=\"45b9f98\" data-element_type=\"column\" data-settings=\"{&quot;background_background&quot;:&quot;classic&quot;}\">\n\t\t\t<div class=\"elementor-widget-wrap elementor-element-populated\">\n\t\t\t\t\t\t<div class=\"elementor-element elementor-element-e474be1 elementor-widget elementor-widget-text-editor\" data-id=\"e474be1\" data-element_type=\"widget\" data-widget_type=\"text-editor.default\">\n\t\t\t\t<div class=\"elementor-widget-container\">\n\t\t\t\t\t\t\t\t\t<p><strong>Purpose<\/strong><\/p><p>UVT teaching grants are intended to stimulate the implementation of the reflective-collaborative learning (RCL) model in teaching activities carried out within the study programs offered by UVT.<\/p><p><strong>Competition structure<\/strong><\/p><p>The teaching grant competition is funded by the <em>UVT teaching &amp; learning brand project: Reflective &amp; Collaborative Learning into action 2.0. (CNFIS-FDI-2022-0489).<\/em><\/p><p>The total value of a teaching grant is RON 5,000. The competition awards a total of 12 teaching grants, with three grants allocated to each of the four groups in the competition:<\/p>\t\t\t\t\t\t\t\t<\/div>\n\t\t\t\t<\/div>\n\t\t\t\t<div class=\"elementor-element elementor-element-dd78b0f elementor-widget elementor-widget-text-editor\" data-id=\"dd78b0f\" data-element_type=\"widget\" data-widget_type=\"text-editor.default\">\n\t\t\t\t<div class=\"elementor-widget-container\">\n\t\t\t\t\t\t\t\t\t<table>\n<tbody>\n<tr>\n<td><strong>Group A<\/strong><\/td>\n<td><strong>Group B<\/strong><\/td>\n<td><strong>Group C<\/strong><\/td>\n<td><strong>Group D<\/strong><\/td>\n<\/tr>\n<tr>\n<td>\n<ul>\n \t<li>Faculty of Arts and Design<\/li>\n \t<li>Faculty of Physical Education and Sports<\/li>\n \t<li>Faculty of Music and Theatre<\/li>\n<\/ul>\n<\/td>\n<td>\n<ul>\n \t<li>Faculty of Chemistry, Biology and Geography<\/li>\n \t<li>Faculty of Physics<\/li>\n \t<li>Faculty of Mathematics and Computer Science<\/li>\n<\/ul>\n<\/td>\n<td>\n<ul>\n \t<li>Faculty of Law<\/li>\n \t<li>Faculty of Economics and Business Administration<\/li>\n \t<li>Faculty of Political Science, Philosophy and Communication Sciences<\/li>\n<\/ul>\n<\/td>\n<td>\n<ul>\n \t<li>Faculty of Letters, History and Theology<\/li>\n \t<li>Faculty of Sociology and Psychology<\/li>\n \t<li>Department for Teacher Training<\/li>\n<\/ul>\n<\/td>\n<\/tr>\n<\/tbody>\n<\/table>\n\t\t\t\t\t\t\t\t<\/div>\n\t\t\t\t<\/div>\n\t\t\t\t<div class=\"elementor-element elementor-element-d90967c elementor-widget elementor-widget-text-editor\" data-id=\"d90967c\" data-element_type=\"widget\" data-widget_type=\"text-editor.default\">\n\t\t\t\t<div class=\"elementor-widget-container\">\n\t\t\t\t\t\t\t\t\t<div id=\"panel-2254-0-0-0\" class=\"so-panel widget widget_sow-editor panel-first-child widgetopts-SO\" data-index=\"0\"><div class=\"so-widget-sow-editor so-widget-sow-editor-base\"><div class=\"siteorigin-widget-tinymce textwidget\"><h4>Eligible participants<\/h4><p><span style=\"color: #000000;\">The following are eligible for a teaching grant: <strong>university teaching staff<\/strong> and\/or <strong>tenured researchers<\/strong> (who support teaching activities) within UVT, regardless of their teaching\/scientific rank and\/or length of service. <strong>Doctoral students<\/strong> who teach at UVT are also eligible to apply for the competition. Individuals who have received teaching grants in previous editions (2020, 2021) are eligible. CDA employees and CDA collaborating experts involved in the UVT teaching &amp; learning brand project: Reflective and Collaborative Learning into action 2.0. (CNFIS-FDI-2022-0489) are not eligible to participate in this edition of the program.<\/span><\/p><h4>Information package<\/h4><p><a href=\"http:\/\/cda.uvt.ro\/wp-content\/uploads\/2022\/12\/Pachet-complet-de-informatii-Granturi-didactice-UVT-2022.pdf\"><strong>Complete information package <\/strong><\/a><\/p><p><a href=\"http:\/\/cda.uvt.ro\/wp-content\/uploads\/2022\/12\/Calendarul-competitiei-de-granturi-didactice-2022-prelungit-1-1.pdf\"><strong>Competition schedule <\/strong><span style=\"color: inherit; font-family: inherit; font-size: 1.5rem;\">\u00a0<\/span><\/a><\/p><\/div><\/div><\/div>\t\t\t\t\t\t\t\t<\/div>\n\t\t\t\t<\/div>\n\t\t\t\t<div class=\"elementor-element elementor-element-d757fa5 elementor-widget elementor-widget-text-editor\" data-id=\"d757fa5\" data-element_type=\"widget\" data-widget_type=\"text-editor.default\">\n\t\t\t\t<div class=\"elementor-widget-container\">\n\t\t\t\t\t\t\t\t\t<table width=\"0\">\n<tbody>\n<tr>\n<td colspan=\"6\" width=\"704\">\n<h6 style=\"text-align: center;\"><span style=\"color: #000000;\"><strong>Winners of the UVT Internal Teaching Grant Competition 2022<\/strong><\/span><\/h6>\n<h6 style=\"text-align: center;\"><span style=\"color: #000000;\"><em>UVT Teaching &amp; Learning Brand \u2013 Reflective and Collaborative Learning (RCL)<\/em>, organized within the project <em>UVT Teaching &amp; Learning Brand: Reflective &amp; Collaborative Learning into Action 2.0<\/em>, CNFIS-FDI-2022-0489, <em>September\u2013December 2022<\/em><\/span><\/h6>\n<\/td>\n<\/tr>\n<tr>\n<td width=\"38\"><span style=\"color: #000000;\"><strong>No.<\/strong><\/span><\/td>\n<td width=\"177\"><span style=\"color: #000000;\"><strong>Full name<\/strong> of the teaching grant recipient<\/span><\/td>\n<td width=\"122\"><span style=\"color: #000000;\"><strong>Title\/Position<\/strong><\/span><\/td>\n<td width=\"86\"><span style=\"color: #000000;\"><strong>Competition group<\/strong><\/span><\/td>\n<td width=\"163\"><span style=\"color: #000000;\"><strong>Faculty<\/strong><\/span><\/td>\n<td width=\"119\"><span style=\"color: #000000;\"><strong>Department<\/strong><\/span><\/td>\n<\/tr>\n<tr>\n<td width=\"38\"><span style=\"color: #000000;\">1<\/span><\/td>\n<td width=\"177\"><span style=\"color: #000000;\">C\u0102P\u0102\u021a\u00ceN\u0102 C\u0103t\u0103lina Viorela<\/span><\/td>\n<td width=\"122\"><span style=\"color: #000000;\">PhD Student<\/span><\/td>\n<td width=\"86\"><span style=\"color: #000000;\">A<\/span><\/td>\n<td width=\"163\"><span style=\"color: #000000;\">Faculty of Music and Theatre<\/span><\/td>\n<td width=\"119\"><span style=\"color: #000000;\">Music<\/span><\/td>\n<\/tr>\n<tr>\n<td width=\"38\"><span style=\"color: #000000;\">2<\/span><\/td>\n<td width=\"177\"><span style=\"color: #000000;\">CHIRA Sandra Celia<\/span><\/td>\n<td width=\"122\"><span style=\"color: #000000;\">Teaching Staff<\/span><\/td>\n<td width=\"86\"><span style=\"color: #000000;\">A<\/span><\/td>\n<td width=\"163\"><span style=\"color: #000000;\">Faculty of Arts and Design<\/span><\/td>\n<td width=\"119\"><span style=\"color: #000000;\">Design and Applied Arts<\/span><\/td>\n<\/tr>\n<tr>\n<td width=\"38\"><span style=\"color: #000000;\">3<\/span><\/td>\n<td width=\"177\"><span style=\"color: #000000;\">IUGA Ioana Mia<\/span><\/td>\n<td width=\"122\"><span style=\"color: #000000;\">Teaching Staff<\/span><\/td>\n<td width=\"86\"><span style=\"color: #000000;\">A<\/span><\/td>\n<td width=\"163\"><span style=\"color: #000000;\">Faculty of Music and Theatre<\/span><\/td>\n<td width=\"119\"><span style=\"color: #000000;\">Music \u2013 Acting<\/span><\/td>\n<\/tr>\n<tr>\n<td width=\"38\"><span style=\"color: #000000;\">4<\/span><\/td>\n<td width=\"177\"><span style=\"color: #000000;\">P\u0102DUREAN Carla Cezara<\/span><\/td>\n<td width=\"122\"><span style=\"color: #000000;\">Researcher<\/span><\/td>\n<td width=\"86\"><span style=\"color: #000000;\">A<\/span><\/td>\n<td width=\"163\"><span style=\"color: #000000;\">Faculty of Arts and Design<\/span><\/td>\n<td width=\"119\"><span style=\"color: #000000;\">Visual Arts<\/span><\/td>\n<\/tr>\n<tr>\n<td width=\"38\"><span style=\"color: #000000;\">5<\/span><\/td>\n<td width=\"177\"><span style=\"color: #000000;\">TOMA Iulia-Magdalena<\/span><\/td>\n<td width=\"122\"><span style=\"color: #000000;\">Researcher<\/span><\/td>\n<td width=\"86\"><span style=\"color: #000000;\">A<\/span><\/td>\n<td width=\"163\"><span style=\"color: #000000;\">Faculty of Music and Theatre<\/span><\/td>\n<td width=\"119\"><span style=\"color: #000000;\">Music<\/span><\/td>\n<\/tr>\n<tr>\n<td width=\"38\"><span style=\"color: #000000;\">6<\/span><\/td>\n<td width=\"177\"><span style=\"color: #000000;\">NICORICI Cristina<\/span><\/td>\n<td width=\"122\"><span style=\"color: #000000;\">Researcher<\/span><\/td>\n<td width=\"86\"><span style=\"color: #000000;\">C<\/span><\/td>\n<td width=\"163\"><span style=\"color: #000000;\">Faculty of Law<\/span><\/td>\n<td width=\"119\"><span style=\"color: #000000;\">Public Law<\/span><\/td>\n<\/tr>\n<tr>\n<td width=\"38\"><span style=\"color: #000000;\">7<\/span><\/td>\n<td width=\"177\"><span style=\"color: #000000;\">VLAICU Adriana<\/span><\/td>\n<td width=\"122\"><span style=\"color: #000000;\">PhD Student<\/span><\/td>\n<td width=\"86\"><span style=\"color: #000000;\">C<\/span><\/td>\n<td width=\"163\"><span style=\"color: #000000;\">Faculty of Political Science, Philosophy and Communication Sciences<\/span><\/td>\n<td width=\"119\"><span style=\"color: #000000;\">Philosophy and Communication Sciences<\/span><\/td>\n<\/tr>\n<tr>\n<td width=\"38\"><span style=\"color: #000000;\">8<\/span><\/td>\n<td width=\"177\"><span style=\"color: #000000;\">BANADUC Ioana Loredana<\/span><\/td>\n<td width=\"122\"><span style=\"color: #000000;\">Teaching Staff<\/span><\/td>\n<td width=\"86\"><span style=\"color: #000000;\">D<\/span><\/td>\n<td width=\"163\"><span style=\"color: #000000;\">Department for Teacher Training<\/span><\/td>\n<td width=\"119\"><span style=\"color: #000000;\">DPPD<\/span><\/td>\n<\/tr>\n<tr>\n<td width=\"38\"><span style=\"color: #000000;\">9<\/span><\/td>\n<td width=\"177\"><span style=\"color: #000000;\">CRA\u0218OVAN Elena-Livia<\/span><\/td>\n<td width=\"122\"><span style=\"color: #000000;\">Teaching Staff<\/span><\/td>\n<td width=\"86\"><span style=\"color: #000000;\">D<\/span><\/td>\n<td width=\"163\"><span style=\"color: #000000;\">Faculty of Letters, History and Theology<\/span><\/td>\n<td width=\"119\"><span style=\"color: #000000;\">Romanian Studies<\/span><\/td>\n<\/tr>\n<tr>\n<td width=\"38\"><span style=\"color: #000000;\">10<\/span><\/td>\n<td width=\"177\"><span style=\"color: #000000;\">ONI\u021aIU Atalia<\/span><\/td>\n<td width=\"122\"><span style=\"color: #000000;\">Teaching Staff<\/span><\/td>\n<td width=\"86\"><span style=\"color: #000000;\">D<\/span><\/td>\n<td width=\"163\"><span style=\"color: #000000;\">Faculty of Sociology and Psychology<\/span><\/td>\n<td width=\"119\"><span style=\"color: #000000;\">Sociology<\/span><\/td>\n<\/tr>\n<tr>\n<td width=\"38\"><span style=\"color: #000000;\">11<\/span><\/td>\n<td width=\"177\"><span style=\"color: #000000;\">ROGOBETE Roxana-S\u00eenziana<\/span><\/td>\n<td width=\"122\"><span style=\"color: #000000;\">Teaching Staff<\/span><\/td>\n<td width=\"86\"><span style=\"color: #000000;\">D<\/span><\/td>\n<td width=\"163\"><span style=\"color: #000000;\">Faculty of Letters, History and Theology<\/span><\/td>\n<td width=\"119\"><span style=\"color: #000000;\">Romanian Studies<\/span><\/td>\n<\/tr>\n<tr>\n<td width=\"38\"><span style=\"color: #000000;\">12<\/span><\/td>\n<td width=\"177\"><span style=\"color: #000000;\">SICOE Cristina-Raluca<\/span><\/td>\n<td width=\"122\"><span style=\"color: #000000;\">Teaching Staff<\/span><\/td>\n<td width=\"86\"><span style=\"color: #000000;\">D<\/span><\/td>\n<td width=\"163\"><span style=\"color: #000000;\">Faculty of Letters, History and Theology<\/span><\/td>\n<td width=\"119\"><span style=\"color: #000000;\">Romanian Studies<\/span><\/td>\n<\/tr>\n<tr>\n<td width=\"38\"><span style=\"color: #000000;\">13<\/span><\/td>\n<td width=\"177\"><span style=\"color: #000000;\">TRANC\u0102  Loredana-Marcela<\/span><\/td>\n<td width=\"122\"><span style=\"color: #000000;\">Teaching Staff<\/span><\/td>\n<td width=\"86\"><span style=\"color: #000000;\">D<\/span><\/td>\n<td width=\"163\"><span style=\"color: #000000;\">Faculty of Sociology and Psychology<\/span><\/td>\n<td width=\"119\"><span style=\"color: #000000;\">Social Work<\/span><\/td>\n<\/tr>\n<\/tbody>\n<\/table>\n\t\t\t\t\t\t\t\t<\/div>\n\t\t\t\t<\/div>\n\t\t\t\t\t<\/div>\n\t\t<\/div>\n\t\t\t\t<div class=\"elementor-column elementor-col-50 elementor-top-column elementor-element elementor-element-6630337\" data-id=\"6630337\" data-element_type=\"column\" data-settings=\"{&quot;background_background&quot;:&quot;classic&quot;}\">\n\t\t\t<div class=\"elementor-widget-wrap elementor-element-populated\">\n\t\t\t\t\t\t<div class=\"elementor-element elementor-element-69e1daf elementor-widget elementor-widget-text-editor\" data-id=\"69e1daf\" data-element_type=\"widget\" data-widget_type=\"text-editor.default\">\n\t\t\t\t<div class=\"elementor-widget-container\">\n\t\t\t\t\t\t\t\t\t<h4 style=\"font-family: Roboto, sans-serif; color: #7a7a7a;\">Useful information:<\/h4><ul style=\"font-size: 16px; background-color: #ffffff;\"><li style=\"font-size: 16px;\">The deadline for submitting project proposals is December 11, 2022, at 23:59.<\/li><li style=\"font-size: 16px;\">The online platform for submitting grant applications will be available from November 28, 2022, at 12:00 p.m.<\/li><li style=\"font-size: 16px;\">Only project proposals that are on the online submission platform by the deadline will be considered for eligibility analysis.<\/li><\/ul><p>\u00a0<\/p><p><strong>Participant registration<\/strong><\/p><p><strong>To participate in the grant competition, read the complete information package, download the necessary application attachments, fill them out, and then upload all grant project documentation using the registration form available below.<\/strong><\/p>\t\t\t\t\t\t\t\t<\/div>\n\t\t\t\t<\/div>\n\t\t\t\t<div class=\"elementor-element elementor-element-3d5b066 elementor-align-left elementor-widget elementor-widget-button\" data-id=\"3d5b066\" data-element_type=\"widget\" data-widget_type=\"button.default\">\n\t\t\t\t<div class=\"elementor-widget-container\">\n\t\t\t\t\t\t\t\t\t<div class=\"elementor-button-wrapper\">\n\t\t\t\t\t<a class=\"elementor-button elementor-button-link elementor-size-sm\" href=\"https:\/\/forms.gle\/YUeEGefkqbQN8zJi9\" target=\"_blank\">\n\t\t\t\t\t\t<span class=\"elementor-button-content-wrapper\">\n\t\t\t\t\t\t\t\t\t<span class=\"elementor-button-text\">Fill out the form!<\/span>\n\t\t\t\t\t<\/span>\n\t\t\t\t\t<\/a>\n\t\t\t\t<\/div>\n\t\t\t\t\t\t\t\t<\/div>\n\t\t\t\t<\/div>\n\t\t\t\t<div class=\"elementor-element elementor-element-dcfa511 elementor-widget elementor-widget-text-editor\" data-id=\"dcfa511\" data-element_type=\"widget\" data-widget_type=\"text-editor.default\">\n\t\t\t\t<div class=\"elementor-widget-container\">\n\t\t\t\t\t\t\t\t\t<p><strong>Contact<\/strong><\/p><p>For technical issues related to the registration form and\/or for clarifications regarding the competition methodology, please send an email to: <a href=\"mailto:cda@e-uvt.ro\">cda@e-uvt.ro<\/a><\/p><p><a href=\"http:\/\/cda.uvt.ro\/wp-content\/uploads\/2022\/12\/Anexa-1.-Cerere-de-inscriere.docx\">Appendix 1. Application form<\/a><\/p><p><a href=\"http:\/\/cda.uvt.ro\/wp-content\/uploads\/2022\/12\/Anexa-2.-Grila-de-evaluare-a-proiectului-didactic.pdf\">Appendix 2. Teaching project evaluation grid<\/a><\/p><p><a href=\"http:\/\/cda.uvt.ro\/wp-content\/uploads\/2022\/12\/Anexa-3.-Formatul-proiectului-didactic.docx\">Appendix 3. Teaching plan format<\/a><\/p><p><a href=\"http:\/\/cda.uvt.ro\/wp-content\/uploads\/2022\/12\/Anexa-4.-Declaratie-puncte-formare-CDA.docx\">Annex 4. Declaration of accumulation of CDA training points<\/a><\/p><p><a href=\"http:\/\/cda.uvt.ro\/wp-content\/uploads\/2022\/12\/Anexa-5.-Acord-privind-utilizarea-datelor.docx\">Annex 5. Agreement on the use of personal data<\/a><\/p><p><a href=\"http:\/\/cda.uvt.ro\/wp-content\/uploads\/2022\/12\/Anexa-0.-Lista-activitatilor-CDA-PF-CDA.pdf\">Annex 0. List of CDA activities<\/a><\/p>\t\t\t\t\t\t\t\t<\/div>\n\t\t\t\t<\/div>\n\t\t\t\t\t<\/div>\n\t\t<\/div>\n\t\t\t\t\t<\/div>\n\t\t<\/section>\n\t\t\t\t<\/div>\n\t\t","protected":false},"excerpt":{"rendered":"<p>Teaching grants 2022 Purpose UVT teaching grants are intended to stimulate the implementation of the reflective-collaborative learning (RCL) model in teaching activities carried out within the study programs offered by UVT. Competition structure The teaching grant competition is funded by the UVT teaching &amp; learning brand project: Reflective &amp; Collaborative Learning into action 2.0. (CNFIS-FDI-2022-0489). [&hellip;]<\/p>\n","protected":false},"author":1,"featured_media":0,"parent":0,"menu_order":0,"comment_status":"closed","ping_status":"closed","template":"","meta":{"_acf_changed":false,"footnotes":""},"class_list":["post-3874","page","type-page","status-publish","hentry"],"acf":[],"_links":{"self":[{"href":"http:\/\/cda.uvt.ro\/en\/wp-json\/wp\/v2\/pages\/3874","targetHints":{"allow":["GET"]}}],"collection":[{"href":"http:\/\/cda.uvt.ro\/en\/wp-json\/wp\/v2\/pages"}],"about":[{"href":"http:\/\/cda.uvt.ro\/en\/wp-json\/wp\/v2\/types\/page"}],"author":[{"embeddable":true,"href":"http:\/\/cda.uvt.ro\/en\/wp-json\/wp\/v2\/users\/1"}],"replies":[{"embeddable":true,"href":"http:\/\/cda.uvt.ro\/en\/wp-json\/wp\/v2\/comments?post=3874"}],"version-history":[{"count":6,"href":"http:\/\/cda.uvt.ro\/en\/wp-json\/wp\/v2\/pages\/3874\/revisions"}],"predecessor-version":[{"id":3891,"href":"http:\/\/cda.uvt.ro\/en\/wp-json\/wp\/v2\/pages\/3874\/revisions\/3891"}],"wp:attachment":[{"href":"http:\/\/cda.uvt.ro\/en\/wp-json\/wp\/v2\/media?parent=3874"}],"curies":[{"name":"wp","href":"https:\/\/api.w.org\/{rel}","templated":true}]}}